{"id":474,"date":"2022-01-24T17:11:43","date_gmt":"2022-01-24T17:11:43","guid":{"rendered":"https:\/\/wp.odu.edu\/spring2017-fr102-template\/?page_id=474"},"modified":"2022-04-25T03:10:45","modified_gmt":"2022-04-25T03:10:45","slug":"bio","status":"publish","type":"page","link":"https:\/\/sites.wp.odu.edu\/french-102-tyanna-young\/bio\/","title":{"rendered":"Bio"},"content":{"rendered":"<p>Je m&#8217;appelle Tyanna Young. Je na\u00eetre \u00e0 Wurzburg de Allemange et mon anniversaire est 11 Julliet de 2003. J&#8217;ai dix-huit ann\u00e9e avec cheveux et yeux bruns. Je suis une \u00e9tudiante de la universit\u00e9 de Old Dominion et je sp\u00e9cialise l&#8217;internationale de commerce. Je suis calm et sympa. Je me pr\u00e9f\u00e9rence \u00e9coute la musique de rock et classique. Je fait marche et joue du piano. Je habite \u00e0 la maison avec les Young famille. Je travaille \u00e0 l&#8217;universit\u00e9 de Old Dominion de r\u00e9ceptionniste.<\/p>\n\n\n<p><\/p>\n","protected":false},"excerpt":{"rendered":"<p>Je m&#8217;appelle Tyanna Young. Je na\u00eetre \u00e0 Wurzburg de Allemange et mon anniversaire est 11 Julliet de 2003. J&#8217;ai dix-huit ann\u00e9e avec cheveux et yeux bruns. Je suis une \u00e9tudiante de la universit\u00e9 de Old Dominion et je sp\u00e9cialise l&#8217;internationale&#8230; <a class=\"more-link\" href=\"https:\/\/sites.wp.odu.edu\/french-102-tyanna-young\/bio\/\">Continue Reading &rarr;<\/a><\/p>\n","protected":false},"author":23313,"featured_media":0,"parent":0,"menu_order":0,"comment_status":"closed","ping_status":"closed","template":"","meta":{"footnotes":""},"_links":{"self":[{"href":"https:\/\/sites.wp.odu.edu\/french-102-tyanna-young\/wp-json\/wp\/v2\/pages\/474"}],"collection":[{"href":"https:\/\/sites.wp.odu.edu\/french-102-tyanna-young\/wp-json\/wp\/v2\/pages"}],"about":[{"href":"https:\/\/sites.wp.odu.edu\/french-102-tyanna-young\/wp-json\/wp\/v2\/types\/page"}],"author":[{"embeddable":true,"href":"https:\/\/sites.wp.odu.edu\/french-102-tyanna-young\/wp-json\/wp\/v2\/users\/23313"}],"replies":[{"embeddable":true,"href":"https:\/\/sites.wp.odu.edu\/french-102-tyanna-young\/wp-json\/wp\/v2\/comments?post=474"}],"version-history":[{"count":3,"href":"https:\/\/sites.wp.odu.edu\/french-102-tyanna-young\/wp-json\/wp\/v2\/pages\/474\/revisions"}],"predecessor-version":[{"id":617,"href":"https:\/\/sites.wp.odu.edu\/french-102-tyanna-young\/wp-json\/wp\/v2\/pages\/474\/revisions\/617"}],"wp:attachment":[{"href":"https:\/\/sites.wp.odu.edu\/french-102-tyanna-young\/wp-json\/wp\/v2\/media?parent=474"}],"curies":[{"name":"wp","href":"https:\/\/api.w.org\/{rel}","templated":true}]}}