{"id":486,"date":"2022-01-24T17:11:43","date_gmt":"2022-01-24T17:11:43","guid":{"rendered":"https:\/\/wp.odu.edu\/spring2017-fr102-template\/?page_id=486"},"modified":"2022-04-21T21:13:27","modified_gmt":"2022-04-21T21:13:27","slug":"profil","status":"publish","type":"page","link":"https:\/\/sites.wp.odu.edu\/french-102-tyanna-young\/profil\/","title":{"rendered":"Profil"},"content":{"rendered":"<p>Nom de famille: Young<\/p>\n<p>Pr\u00e9nom: Tyanna<\/p>\n<p>Courriel: youngtyanna82@gmail.com<\/p>\n<p>Pay de naissance: Allemagne<\/p>\n<p>\u00c2ge: 18<\/p>\n<p>\u00c9tudes: L&#8217;anglais, le fran\u00e7ais, l&#8217;macro\u00e9conomie, le parler en public, et recherche de litt\u00e9raire.<\/p>\n<p>Sp\u00e9cialisation: Commerce de internationale<\/p>\n<p>Loisirs: Lire, jouer du piano, et regarder la t\u00e9l\u00e9vision<\/p>\n<p>The importance in studying a world language can bring people together. Understanding another individual&#8217;s language shows respect and knowledge of one&#8217;s culture. Learning a language can also open doors for opportunities that can shoot jobs into global careers.<\/p>\n<p>I chose to study French because I enjoyed the French culture and how beautiful the language sounds. I hope to use French as part of my tools to my International Business career.<\/p>\n","protected":false},"excerpt":{"rendered":"<p>Nom de famille: Young Pr\u00e9nom: Tyanna Courriel: youngtyanna82@gmail.com Pay de naissance: Allemagne \u00c2ge: 18 \u00c9tudes: L&#8217;anglais, le fran\u00e7ais, l&#8217;macro\u00e9conomie, le parler en public, et recherche de litt\u00e9raire. Sp\u00e9cialisation: Commerce de internationale Loisirs: Lire, jouer du piano, et regarder la t\u00e9l\u00e9vision&#8230; <a class=\"more-link\" href=\"https:\/\/sites.wp.odu.edu\/french-102-tyanna-young\/profil\/\">Continue Reading &rarr;<\/a><\/p>\n","protected":false},"author":23313,"featured_media":0,"parent":0,"menu_order":0,"comment_status":"closed","ping_status":"closed","template":"","meta":{"footnotes":""},"_links":{"self":[{"href":"https:\/\/sites.wp.odu.edu\/french-102-tyanna-young\/wp-json\/wp\/v2\/pages\/486"}],"collection":[{"href":"https:\/\/sites.wp.odu.edu\/french-102-tyanna-young\/wp-json\/wp\/v2\/pages"}],"about":[{"href":"https:\/\/sites.wp.odu.edu\/french-102-tyanna-young\/wp-json\/wp\/v2\/types\/page"}],"author":[{"embeddable":true,"href":"https:\/\/sites.wp.odu.edu\/french-102-tyanna-young\/wp-json\/wp\/v2\/users\/23313"}],"replies":[{"embeddable":true,"href":"https:\/\/sites.wp.odu.edu\/french-102-tyanna-young\/wp-json\/wp\/v2\/comments?post=486"}],"version-history":[{"count":4,"href":"https:\/\/sites.wp.odu.edu\/french-102-tyanna-young\/wp-json\/wp\/v2\/pages\/486\/revisions"}],"predecessor-version":[{"id":614,"href":"https:\/\/sites.wp.odu.edu\/french-102-tyanna-young\/wp-json\/wp\/v2\/pages\/486\/revisions\/614"}],"wp:attachment":[{"href":"https:\/\/sites.wp.odu.edu\/french-102-tyanna-young\/wp-json\/wp\/v2\/media?parent=486"}],"curies":[{"name":"wp","href":"https:\/\/api.w.org\/{rel}","templated":true}]}}