{"id":505,"date":"2022-01-24T17:11:43","date_gmt":"2022-01-24T17:11:43","guid":{"rendered":"https:\/\/wp.odu.edu\/spring2017-fr102-template\/?page_id=505"},"modified":"2022-04-25T16:48:05","modified_gmt":"2022-04-25T16:48:05","slug":"forum-de-discussion","status":"publish","type":"page","link":"https:\/\/sites.wp.odu.edu\/french-102-tyanna-young\/forum-de-discussion\/","title":{"rendered":"Forum de Discussion"},"content":{"rendered":"<p>Week 1 Le\u00e7on 1: Le travail<\/p>\n<p>Mon p\u00e8re est sp\u00e9cialiste de formation et ma m\u00e8re est garderie. Je veux devenir PDG de entreprise. Je veux voyage au Europe \u00e0 commerce avec autre les pays. Et la salaire est grande. Je pense optimiste de mon avenir professionnel parce que, le exiger pour travail de commerce mondial est tr\u00e8s bien.<\/p>\n<p>Week 2 Le\u00e7on 2: Les repas<\/p>\n<p>Je mange trois repas, mais je mange le petit d\u00e9jeuner et le d\u00eener en le week-end. Je ne grignotent pas souvent et je mange le sucre souvent. Je mange des l\u00e9gumes plus que des fruits.<\/p>\n<p>Week 3 Le\u00e7on 3: Au restaurant<\/p>\n<p>Je ne connais pas un bon restaurant. J&#8217;aime la cuisine italienne et chinoise. Je aller souvent au restaurant. Je mange avec mes amis o seul. J&#8217;aime aller au restaurant le-weekend. Je pr\u00e9f\u00e8re l&#8217;ambiance au restaurant qui est formel. Je pr\u00e9f\u00e8re un restaurant pour bon l&#8217;ambiance et la cuisine.<\/p>\n<p>Week 4 Le\u00e7on 4: Ma famille<\/p>\n<p>Je avais onze ann\u00e9e. Je passais trois jours \u00e0 Munich en d&#8217;ao\u00fbt avec mes parents. Munich \u00e9tait belle avec des montagnes. Je pr\u00e9f\u00e9rais la ville et l&#8217;ambiance. Mes parents et moi nous regardions la tele au hotel. On le weekend, je faisais promenade \u00e0 la ville.<\/p>\n<p>Week 7 Le\u00e7on 7: Le corps<\/p>\n<p><span style=\"font-weight: 400\">Je me sens bien.\u00a0<\/span><span style=\"font-weight: 400\">Je dors \u00e0 sept ou huit heures. Je fais de l&#8217; activit\u00e9 physique depuis cinq heures semaine. Je n&#8217;ai pas d&#8217; alimentation.<\/span><span style=\"font-weight: 400\">\u00e9quilibr\u00e9?\u00a0<\/span><span style=\"font-weight: 400\">Je me couche \u00e0 dix ou onze heures du soir. Et je me suis lev\u00e9e \u00e0 huit heures du matin.\u00a0<\/span><span style=\"font-weight: 400\">J&#8217;\u00e9tais du basket et du football, mais je n&#8217;ai fait que du sport. J&#8217;ai mal au ventre.\u00a0<\/span><span style=\"font-weight: 400\">Je voudrais <\/span><span style=\"font-weight: 400\">faire des recommandations pour \u00e9viter les<\/span><span style=\"font-weight: 400\"> m\u00e9dicaments, bois beaucoup <\/span><span style=\"font-weight: 400\">de<\/span><span style=\"font-weight: 400\"> l\u2019eau et couche \u00e0 huit ou <\/span><span style=\"font-weight: 400\">neuf <\/span><span style=\"font-weight: 400\">heures.<\/span><\/p>\n<p>Week 15 Le\u00e7on 11: Modes de transport<\/p>\n<p>Je arrive \u00e0 l&#8217;universit\u00e9 \u00e0 pied. Je pr\u00e9f\u00e8re mon propre voiture pour transport. Parce que je utilise la voiture quand je travaille ou visite ma famille. Si je avis le choix d&#8217;utilise un transport en commun, je fera utilise le metro parce que est rapid. Je ne pense pas Norfolk est bien \u00e9quip\u00e9e en transports urbains.<\/p>\n","protected":false},"excerpt":{"rendered":"<p>Week 1 Le\u00e7on 1: Le travail Mon p\u00e8re est sp\u00e9cialiste de formation et ma m\u00e8re est garderie. Je veux devenir PDG de entreprise. Je veux voyage au Europe \u00e0 commerce avec autre les pays. Et la salaire est grande. Je&#8230; <a class=\"more-link\" href=\"https:\/\/sites.wp.odu.edu\/french-102-tyanna-young\/forum-de-discussion\/\">Continue Reading &rarr;<\/a><\/p>\n","protected":false},"author":23313,"featured_media":0,"parent":0,"menu_order":0,"comment_status":"closed","ping_status":"closed","template":"","meta":{"footnotes":""},"_links":{"self":[{"href":"https:\/\/sites.wp.odu.edu\/french-102-tyanna-young\/wp-json\/wp\/v2\/pages\/505"}],"collection":[{"href":"https:\/\/sites.wp.odu.edu\/french-102-tyanna-young\/wp-json\/wp\/v2\/pages"}],"about":[{"href":"https:\/\/sites.wp.odu.edu\/french-102-tyanna-young\/wp-json\/wp\/v2\/types\/page"}],"author":[{"embeddable":true,"href":"https:\/\/sites.wp.odu.edu\/french-102-tyanna-young\/wp-json\/wp\/v2\/users\/23313"}],"replies":[{"embeddable":true,"href":"https:\/\/sites.wp.odu.edu\/french-102-tyanna-young\/wp-json\/wp\/v2\/comments?post=505"}],"version-history":[{"count":5,"href":"https:\/\/sites.wp.odu.edu\/french-102-tyanna-young\/wp-json\/wp\/v2\/pages\/505\/revisions"}],"predecessor-version":[{"id":625,"href":"https:\/\/sites.wp.odu.edu\/french-102-tyanna-young\/wp-json\/wp\/v2\/pages\/505\/revisions\/625"}],"wp:attachment":[{"href":"https:\/\/sites.wp.odu.edu\/french-102-tyanna-young\/wp-json\/wp\/v2\/media?parent=505"}],"curies":[{"name":"wp","href":"https:\/\/api.w.org\/{rel}","templated":true}]}}