{"id":478,"date":"2025-01-29T17:23:39","date_gmt":"2025-01-29T17:23:39","guid":{"rendered":"https:\/\/wp.odu.edu\/spring2017-fr102-template\/?page_id=478"},"modified":"2025-03-26T23:59:57","modified_gmt":"2025-03-26T23:59:57","slug":"resume","status":"publish","type":"page","link":"https:\/\/sites.wp.odu.edu\/french-portfolio-dillon1\/resume\/","title":{"rendered":"R\u00e9sum\u00e9"},"content":{"rendered":"<p>Dillon PABREZIS<\/p>\n<p>123, Avenue Sainte-Justine 23232, Havre-temp\u00eate<\/p>\n<p>T\u00e9l: 012-345-6789<\/p>\n<p>Email: <a href=\"mailto:Dpabr001@odu.edu\">Dpabr001@odu.edu<\/a><\/p>\n<p>N\u00e9 le: 08\/06\/1995 au Virginia Beach<\/p>\n<p>NATIONALITE AMERICAIN ANGLAIS ITALIEN FRAN\u00c7AIS<\/p>\n<p>FORMATION<\/p>\n<p><strong>2024-Pr\u00e9sent <\/strong>\u00c9tudiant \u00e0 l&#8217;Universit\u00e9 Old Dominion<\/p>\n<p><strong>2024-2025 <\/strong>Membre de l&#8217;\u00e9quipe des produits frais du march\u00e9<\/p>\n<p><strong>2014-2024<\/strong> Arm\u00e9e des \u00c9tats-Unis | Divers lieux, sergent d&#8217;artillerie de campagne et de logistique<\/p>\n<p><strong>2010-2014 <\/strong>Lyc\u00e9e et \u00e9cole de technologie de Landstown<\/p>\n<p>EXPERIENCES PROFESSIONNELLES<\/p>\n<p><strong>2014<\/strong> &#8211; Membre d&#8217;\u00e9quipage de canon d&#8217;artillerie de campagne et conducteur de machine motrice<\/p>\n<p><strong>2015<\/strong> &#8211; Homme d&#8217;armes num\u00e9ro un du Paladin M109A4<\/p>\n<p><strong>2016<\/strong> &#8211; Artilleur adjoint du M777A3<\/p>\n<p><strong>2017<\/strong> &#8211; Chef d&#8217;\u00e9quipe munitions du M777A3 et sous-officier responsable de la s\u00e9curit\u00e9 des communications<\/p>\n<p><strong>2018<\/strong> &#8211; Artilleur du M777A3, sous-officier responsable de la s\u00e9curit\u00e9 des communications et sergent charg\u00e9 des mati\u00e8res dangereuses<\/p>\n<p><strong>2019<\/strong> &#8211; Artilleur du M119A3 et armurier d&#8217;unit\u00e9<\/p>\n<p><strong>2020<\/strong> &#8211; Chef de section obusiers du M119A3, sous-officier responsable de la s\u00e9curit\u00e9 des communications, armurier d&#8217;unit\u00e9, sergent charg\u00e9 de l&#8217;assainissement et instructeur en gr\u00e9ement d&#8217;assaut a\u00e9rien<\/p>\n<p><strong>2021<\/strong> &#8211; Sous-officier responsable logistique et artillerie d&#8217;Indonesia Pacific Pathways<\/p>\n<p><strong>2022<\/strong> &#8211; Sous-officier responsable logistique et traitement des eaux<\/p>\n<p><strong>2023<\/strong> &#8211; Sergent responsable logistique, sous-officier responsable de l&#8217;entrep\u00f4t et de l&#8217;approvisionnement<\/p>\n<p><strong>2024<\/strong> &#8211; Membre de l&#8217;\u00e9quipe de production et stagiaire \u00e0 Old Dominion Universit\u00e9<\/p>\n<p><strong>Pr\u00e9sent<\/strong><\/p>\n<p>COMPETENCES<\/p>\n<p>Langues : Anglais natif et un peu de fran\u00e7ais<\/p>\n<p>OISIRS<\/p>\n<p>Halt\u00e9rophilie, natation, randonn\u00e9e, exploration, art, jeux vid\u00e9o<\/p>\n<p>https:\/\/docs.google.com\/document\/d\/1EHcYX2-Z7H90AOXM-Md4RmYZJaUVMkHB\/edit?usp=drive_link&#038;ouid=116797229437064202699&#038;rtpof=true&#038;sd=true<\/p>\n","protected":false},"excerpt":{"rendered":"<p>Dillon PABREZIS 123, Avenue Sainte-Justine 23232, Havre-temp\u00eate T\u00e9l: 012-345-6789 Email: Dpabr001@odu.edu N\u00e9 le: 08\/06\/1995 au Virginia Beach NATIONALITE AMERICAIN ANGLAIS ITALIEN FRAN\u00c7AIS FORMATION 2024-Pr\u00e9sent \u00c9tudiant \u00e0 l&#8217;Universit\u00e9 Old Dominion 2024-2025 Membre de l&#8217;\u00e9quipe des produits frais du march\u00e9 2014-2024 Arm\u00e9e&#8230; <a class=\"more-link\" href=\"https:\/\/sites.wp.odu.edu\/french-portfolio-dillon1\/resume\/\">Continue Reading &rarr;<\/a><\/p>\n","protected":false},"author":30462,"featured_media":0,"parent":0,"menu_order":0,"comment_status":"closed","ping_status":"closed","template":"","meta":{"footnotes":""},"_links":{"self":[{"href":"https:\/\/sites.wp.odu.edu\/french-portfolio-dillon1\/wp-json\/wp\/v2\/pages\/478"}],"collection":[{"href":"https:\/\/sites.wp.odu.edu\/french-portfolio-dillon1\/wp-json\/wp\/v2\/pages"}],"about":[{"href":"https:\/\/sites.wp.odu.edu\/french-portfolio-dillon1\/wp-json\/wp\/v2\/types\/page"}],"author":[{"embeddable":true,"href":"https:\/\/sites.wp.odu.edu\/french-portfolio-dillon1\/wp-json\/wp\/v2\/users\/30462"}],"replies":[{"embeddable":true,"href":"https:\/\/sites.wp.odu.edu\/french-portfolio-dillon1\/wp-json\/wp\/v2\/comments?post=478"}],"version-history":[{"count":5,"href":"https:\/\/sites.wp.odu.edu\/french-portfolio-dillon1\/wp-json\/wp\/v2\/pages\/478\/revisions"}],"predecessor-version":[{"id":618,"href":"https:\/\/sites.wp.odu.edu\/french-portfolio-dillon1\/wp-json\/wp\/v2\/pages\/478\/revisions\/618"}],"wp:attachment":[{"href":"https:\/\/sites.wp.odu.edu\/french-portfolio-dillon1\/wp-json\/wp\/v2\/media?parent=478"}],"curies":[{"name":"wp","href":"https:\/\/api.w.org\/{rel}","templated":true}]}}