{"id":474,"date":"2024-01-22T17:08:24","date_gmt":"2024-01-22T17:08:24","guid":{"rendered":"https:\/\/wp.odu.edu\/spring2017-fr102-template\/?page_id=474"},"modified":"2024-04-24T05:35:40","modified_gmt":"2024-04-24T05:35:40","slug":"bio","status":"publish","type":"page","link":"https:\/\/sites.wp.odu.edu\/french\/bio\/","title":{"rendered":"Bio"},"content":{"rendered":"\n<p class=\"has-text-align-left\">Bonjour! Je m\u2019appelle Tyvell Archer. J\u2019ai 18 ans, mon anniversaire est le 10, Juin en 2005. Je vais \u00e0 l\u2019Universit\u00e9 Old Dominion, mais je ne suis pas de Norfolk, je suis de Richmond. J&#8217;etudie \u00e9crivain cr\u00e9atif et j\u2019aime apprendre th\u00e9\u00e2tre et \u00e9tudes de cin\u00e9ma. Mon physique trait\u00a0est je suis jeune et mince. Je suis une personne qui timide, cr\u00e9atif, et travailleur. Pendant mon temps libre, j\u2019aime \u00e9crire des histoires, l\u2019exercise \u00e0 salle de sport, et \u00e9coute de la musique. J\u2019ai une m\u00e8re et deux fr\u00e8res, nous vivons dans une belle maison. J\u2019ai un emploi \u00e0 temps partiel \u00e0 Richmond aussi un caissier. Enfin, J\u2019ai le bec sucr\u00e9, mon pr\u00e9f\u00e9r\u00e9 d\u00e9sert\u00a0est les brownies.\u00a0 <\/p>\n\n\n<div class=\"wp-block-image\">\n<figure class=\"alignright size-full\"><img loading=\"lazy\" decoding=\"async\" width=\"370\" height=\"233\" src=\"https:\/\/sites.wp.odu.edu\/french\/wp-content\/uploads\/sites\/35574\/2024\/04\/image.png\" alt=\"\" class=\"wp-image-638\" srcset=\"https:\/\/sites.wp.odu.edu\/french\/wp-content\/uploads\/sites\/35574\/2024\/04\/image.png 370w, https:\/\/sites.wp.odu.edu\/french\/wp-content\/uploads\/sites\/35574\/2024\/04\/image-300x189.png 300w\" sizes=\"(max-width: 370px) 100vw, 370px\" \/><figcaption class=\"wp-element-caption\">(\u00e0 gauche c&#8217;est moi. Ma famille est sur la vid\u00e9o)<\/figcaption><\/figure><\/div>","protected":false},"excerpt":{"rendered":"<p>Bonjour! Je m\u2019appelle Tyvell Archer. J\u2019ai 18 ans, mon anniversaire est le 10, Juin en 2005. Je vais \u00e0 l\u2019Universit\u00e9 Old Dominion, mais je ne suis pas de Norfolk, je suis de Richmond. J&#8217;etudie \u00e9crivain cr\u00e9atif et j\u2019aime apprendre th\u00e9\u00e2tre&#8230; <a class=\"more-link\" href=\"https:\/\/sites.wp.odu.edu\/french\/bio\/\">Continue Reading &rarr;<\/a><\/p>\n","protected":false},"author":28497,"featured_media":0,"parent":0,"menu_order":0,"comment_status":"closed","ping_status":"closed","template":"","meta":{"footnotes":""},"_links":{"self":[{"href":"https:\/\/sites.wp.odu.edu\/french\/wp-json\/wp\/v2\/pages\/474"}],"collection":[{"href":"https:\/\/sites.wp.odu.edu\/french\/wp-json\/wp\/v2\/pages"}],"about":[{"href":"https:\/\/sites.wp.odu.edu\/french\/wp-json\/wp\/v2\/types\/page"}],"author":[{"embeddable":true,"href":"https:\/\/sites.wp.odu.edu\/french\/wp-json\/wp\/v2\/users\/28497"}],"replies":[{"embeddable":true,"href":"https:\/\/sites.wp.odu.edu\/french\/wp-json\/wp\/v2\/comments?post=474"}],"version-history":[{"count":5,"href":"https:\/\/sites.wp.odu.edu\/french\/wp-json\/wp\/v2\/pages\/474\/revisions"}],"predecessor-version":[{"id":725,"href":"https:\/\/sites.wp.odu.edu\/french\/wp-json\/wp\/v2\/pages\/474\/revisions\/725"}],"wp:attachment":[{"href":"https:\/\/sites.wp.odu.edu\/french\/wp-json\/wp\/v2\/media?parent=474"}],"curies":[{"name":"wp","href":"https:\/\/api.w.org\/{rel}","templated":true}]}}