{"id":478,"date":"2024-01-22T17:08:24","date_gmt":"2024-01-22T17:08:24","guid":{"rendered":"https:\/\/wp.odu.edu\/spring2017-fr102-template\/?page_id=478"},"modified":"2024-04-29T16:01:21","modified_gmt":"2024-04-29T16:01:21","slug":"resume","status":"publish","type":"page","link":"https:\/\/sites.wp.odu.edu\/french\/resume\/","title":{"rendered":"R\u00e9sum\u00e9"},"content":{"rendered":"<p style=\"text-align: left\"><span style=\"font-weight: 400\">Tyvell Archer<\/span><span style=\"font-weight: 400\"><br \/>\n<\/span><span style=\"font-weight: 400\">1065 W 50th St, Norfolk, VA 23508<br \/>\n<\/span><span style=\"font-weight: 400\">Tel: 888-888-8888<br \/>\n<\/span><span style=\"font-weight: 400\">Email: <\/span><span style=\"font-weight: 400\">tarch009@odu.edu<br \/>\n<\/span><span style=\"font-weight: 400\">N\u00e9 le: <\/span><span style=\"font-weight: 400\">06\/10\/2005<\/span><span style=\"font-weight: 400\"> (18 ans) Virgin<\/span><span style=\"font-weight: 400\">ia<\/span><span style=\"font-weight: 400\"><br \/>\n<\/span><span style=\"font-weight: 400\">Nationalit<\/span><span style=\"font-weight: 400\">e<\/span><span style=\"font-weight: 400\">: <\/span><span style=\"font-weight: 400\">American<br \/>\n<\/span><span style=\"font-weight: 400\">________________________________________________________________________________<\/span><\/p>\n<p><span style=\"font-weight: 400\">Formation<\/span><\/p>\n<p><span style=\"font-weight: 400\">2019-2023 \u00a0 \u00a0 \u00a0 \u00a0 \u00a0 \u00a0 \u00a0 \u00a0 \u00a0 \u00a0 \u00a0 \u00a0 \u00a0 Avance Dipl\u00f4me \u00e0<\/span> <span style=\"font-weight: 400\">Varina lyc\u00e9e, Un certificat de <\/span><span style=\"font-weight: 400\">culinaire art.<\/span><\/p>\n<p><span style=\"font-weight: 400\">2023-2027\u00a0 \u00a0 \u00a0 \u00a0 \u00a0 \u00a0 \u00a0 \u00a0 \u00a0 \u00a0 \u00a0 \u00a0 \u00a0 \u00a0 \u00a0 Licenci\u00e9 des Arts en Cr\u00e9ation Litt\u00e9raire, Universit\u00e9 Old Dominion.<br \/>\n<\/span><span style=\"font-weight: 400\">________________________________________________________________________________<\/span><\/p>\n<p><span style=\"font-weight: 400\">Exp\u00e9rience<\/span><\/p>\n<p><span style=\"font-weight: 400\">Mai-Ao\u00fbt <\/span><span style=\"font-weight: 400\">2022\u00a0 \u00a0 \u00a0 \u00a0 \u00a0 \u00a0 \u00a0 \u00a0 \u00a0 \u00a0 \u00a0 \u00a0 \u00a0 <\/span><span style=\"font-weight: 400\">\u00a0\u00a0Nourriture serveur,<\/span><span style=\"font-weight: 400\"> Domaine des rois. Je apprendre etre respectable et \u00eatre un travailleur acharn\u00e9.<\/span><\/p>\n<p><span style=\"font-weight: 400\">A<\/span><span style=\"font-weight: 400\">o\u00fbt-Actuel\u00a0 \u00a0 \u00a0 \u00a0 \u00a0 \u00a0 \u00a0 \u00a0 \u00a0 \u00a0 \u00a0 \u00a0 \u00a0 \u00a0 \u00a0 \u00a0 \u00a0 \u00a0 \u00a0 \u00a0 \u00a0 \u00a0 \u00a0 Caissier, Kroger. J&#8217;apprends \u00e0 avoir une bonne communication et \u00e0 aider les personnes \u00e2g\u00e9es.<br \/>\n<\/span><span style=\"font-weight: 400\">________________________________________________________________________________<\/span><\/p>\n","protected":false},"excerpt":{"rendered":"<p>Tyvell Archer 1065 W 50th St, Norfolk, VA 23508 Tel: 888-888-8888 Email: tarch009@odu.edu N\u00e9 le: 06\/10\/2005 (18 ans) Virginia Nationalite: American ________________________________________________________________________________ Formation 2019-2023 \u00a0 \u00a0 \u00a0 \u00a0 \u00a0 \u00a0 \u00a0 \u00a0 \u00a0 \u00a0 \u00a0 \u00a0 \u00a0 Avance Dipl\u00f4me \u00e0&#8230; <a class=\"more-link\" href=\"https:\/\/sites.wp.odu.edu\/french\/resume\/\">Continue Reading &rarr;<\/a><\/p>\n","protected":false},"author":28497,"featured_media":0,"parent":0,"menu_order":0,"comment_status":"closed","ping_status":"closed","template":"","meta":{"footnotes":""},"_links":{"self":[{"href":"https:\/\/sites.wp.odu.edu\/french\/wp-json\/wp\/v2\/pages\/478"}],"collection":[{"href":"https:\/\/sites.wp.odu.edu\/french\/wp-json\/wp\/v2\/pages"}],"about":[{"href":"https:\/\/sites.wp.odu.edu\/french\/wp-json\/wp\/v2\/types\/page"}],"author":[{"embeddable":true,"href":"https:\/\/sites.wp.odu.edu\/french\/wp-json\/wp\/v2\/users\/28497"}],"replies":[{"embeddable":true,"href":"https:\/\/sites.wp.odu.edu\/french\/wp-json\/wp\/v2\/comments?post=478"}],"version-history":[{"count":5,"href":"https:\/\/sites.wp.odu.edu\/french\/wp-json\/wp\/v2\/pages\/478\/revisions"}],"predecessor-version":[{"id":757,"href":"https:\/\/sites.wp.odu.edu\/french\/wp-json\/wp\/v2\/pages\/478\/revisions\/757"}],"wp:attachment":[{"href":"https:\/\/sites.wp.odu.edu\/french\/wp-json\/wp\/v2\/media?parent=478"}],"curies":[{"name":"wp","href":"https:\/\/api.w.org\/{rel}","templated":true}]}}