{"id":486,"date":"2024-01-22T17:08:24","date_gmt":"2024-01-22T17:08:24","guid":{"rendered":"https:\/\/wp.odu.edu\/spring2017-fr102-template\/?page_id=486"},"modified":"2024-04-24T05:38:39","modified_gmt":"2024-04-24T05:38:39","slug":"profil","status":"publish","type":"page","link":"https:\/\/sites.wp.odu.edu\/french\/profil\/","title":{"rendered":"Profil"},"content":{"rendered":"<p>Nom: Archer, Tyvell<br \/>\nCourriel: tarch009@odu.edu<br \/>\nHenrico, Virginie, \u00c9tats-Unis<br \/>\n\u00c2ge: Dix-huit<br \/>\n\u00c9tudes: \u00e9crivain cr\u00e9atif<br \/>\nActivit\u00e9: Joue au basket et Narration<\/p>\n<ol>\n<li>Why is it important to study a world language.<br \/>\nNot everyone speaks the same language as you do. It&#8217;s important to study a world language so people can have cultural awareness and understand another countries lifestyle. For example, when you go to France there are a lot more bakeries that your average country and certain grocery stores that only sell fruits or vegetables. Taking a world language course will help you connect with others outside your home country and may benefit you in the future.<\/li>\n<li>Why are you studying French?<br \/>\nBefore taking French, I took Spanish during high school, and I enjoy learning about Spanish-speaking countries lifestyles and traditions. In this case, I had thought that since I enjoy learning about Spanish, it would be interesting to learn about French since it&#8217;s one of the top 5 language. Since taking this class I have grown to love learning about different cultures and traditions from French-speaking countries, and I like learning French so that it may help my future out. I do plan on write a poem in French during the Summer.<\/li>\n<\/ol>\n","protected":false},"excerpt":{"rendered":"<p>Nom: Archer, Tyvell Courriel: tarch009@odu.edu Henrico, Virginie, \u00c9tats-Unis \u00c2ge: Dix-huit \u00c9tudes: \u00e9crivain cr\u00e9atif Activit\u00e9: Joue au basket et Narration Why is it important to study a world language. Not everyone speaks the same language as you do. It&#8217;s important to&#8230; <a class=\"more-link\" href=\"https:\/\/sites.wp.odu.edu\/french\/profil\/\">Continue Reading &rarr;<\/a><\/p>\n","protected":false},"author":28497,"featured_media":0,"parent":0,"menu_order":0,"comment_status":"closed","ping_status":"closed","template":"","meta":{"footnotes":""},"_links":{"self":[{"href":"https:\/\/sites.wp.odu.edu\/french\/wp-json\/wp\/v2\/pages\/486"}],"collection":[{"href":"https:\/\/sites.wp.odu.edu\/french\/wp-json\/wp\/v2\/pages"}],"about":[{"href":"https:\/\/sites.wp.odu.edu\/french\/wp-json\/wp\/v2\/types\/page"}],"author":[{"embeddable":true,"href":"https:\/\/sites.wp.odu.edu\/french\/wp-json\/wp\/v2\/users\/28497"}],"replies":[{"embeddable":true,"href":"https:\/\/sites.wp.odu.edu\/french\/wp-json\/wp\/v2\/comments?post=486"}],"version-history":[{"count":4,"href":"https:\/\/sites.wp.odu.edu\/french\/wp-json\/wp\/v2\/pages\/486\/revisions"}],"predecessor-version":[{"id":727,"href":"https:\/\/sites.wp.odu.edu\/french\/wp-json\/wp\/v2\/pages\/486\/revisions\/727"}],"wp:attachment":[{"href":"https:\/\/sites.wp.odu.edu\/french\/wp-json\/wp\/v2\/media?parent=486"}],"curies":[{"name":"wp","href":"https:\/\/api.w.org\/{rel}","templated":true}]}}