{"id":503,"date":"2024-01-22T17:08:24","date_gmt":"2024-01-22T17:08:24","guid":{"rendered":"https:\/\/wp.odu.edu\/spring2017-fr102-template\/?page_id=503"},"modified":"2024-04-24T06:19:25","modified_gmt":"2024-04-24T06:19:25","slug":"video","status":"publish","type":"page","link":"https:\/\/sites.wp.odu.edu\/french\/video\/","title":{"rendered":"Vid\u00e9o"},"content":{"rendered":"\n<figure class=\"wp-block-embed is-type-video is-provider-youtube wp-block-embed-youtube wp-embed-aspect-4-3 wp-has-aspect-ratio\"><div class=\"wp-block-embed__wrapper\">\n<iframe loading=\"lazy\" title=\"Video for French Presentation\" width=\"676\" height=\"507\" src=\"https:\/\/www.youtube.com\/embed\/mJUJ-z2w028?feature=oembed\" frameborder=\"0\" allow=\"accelerometer; autoplay; clipboard-write; encrypted-media; gyroscope; picture-in-picture; web-share\" referrerpolicy=\"strict-origin-when-cross-origin\" allowfullscreen><\/iframe>\n<\/div><figcaption class=\"wp-element-caption\">Caption: <br>&#8220;Bonjour Classe! Je m&#8217;appelle Tyvell Archer et J&#8217;ai dix-huit ans. J&#8217;aime beaucoup de choses comme danseur, cuisiner, apprendre, et faire de l&#8217;exercise. J&#8217;ai une belle m\u00e8re et deux fr\u00e8res intelligents. Je suis intelligent, gentil, et calme. J&#8217;etudie \u00e9civain cr\u00e9atif, Je vais trouver un emploi que sc\u00e9nariste ou auteur. Merci pour votre temps! Bonne Journ\u00e9e!&#8221;<\/figcaption><\/figure>\n","protected":false},"excerpt":{"rendered":"","protected":false},"author":28497,"featured_media":0,"parent":0,"menu_order":0,"comment_status":"closed","ping_status":"closed","template":"","meta":{"footnotes":""},"_links":{"self":[{"href":"https:\/\/sites.wp.odu.edu\/french\/wp-json\/wp\/v2\/pages\/503"}],"collection":[{"href":"https:\/\/sites.wp.odu.edu\/french\/wp-json\/wp\/v2\/pages"}],"about":[{"href":"https:\/\/sites.wp.odu.edu\/french\/wp-json\/wp\/v2\/types\/page"}],"author":[{"embeddable":true,"href":"https:\/\/sites.wp.odu.edu\/french\/wp-json\/wp\/v2\/users\/28497"}],"replies":[{"embeddable":true,"href":"https:\/\/sites.wp.odu.edu\/french\/wp-json\/wp\/v2\/comments?post=503"}],"version-history":[{"count":5,"href":"https:\/\/sites.wp.odu.edu\/french\/wp-json\/wp\/v2\/pages\/503\/revisions"}],"predecessor-version":[{"id":731,"href":"https:\/\/sites.wp.odu.edu\/french\/wp-json\/wp\/v2\/pages\/503\/revisions\/731"}],"wp:attachment":[{"href":"https:\/\/sites.wp.odu.edu\/french\/wp-json\/wp\/v2\/media?parent=503"}],"curies":[{"name":"wp","href":"https:\/\/api.w.org\/{rel}","templated":true}]}}