{"id":471,"date":"2023-01-23T17:08:23","date_gmt":"2023-01-23T17:08:23","guid":{"rendered":"https:\/\/wp.odu.edu\/spring2017-fr102-template\/?page_id=471"},"modified":"2023-04-21T23:08:39","modified_gmt":"2023-04-21T23:08:39","slug":"about-me","status":"publish","type":"page","link":"https:\/\/sites.wp.odu.edu\/french102seg\/","title":{"rendered":"Tout le Shane."},"content":{"rendered":"<div class=\"wp-block-image\">\n<figure class=\"aligncenter size-full is-resized\"><img loading=\"lazy\" decoding=\"async\" src=\"http:\/\/sites.wp.odu.edu\/french102seg\/wp-content\/uploads\/sites\/32233\/2023\/04\/39262.jpg\" alt=\"\" class=\"wp-image-696\" width=\"121\" height=\"318\" srcset=\"https:\/\/sites.wp.odu.edu\/french102seg\/wp-content\/uploads\/sites\/32233\/2023\/04\/39262.jpg 340w, https:\/\/sites.wp.odu.edu\/french102seg\/wp-content\/uploads\/sites\/32233\/2023\/04\/39262-114x300.jpg 114w, https:\/\/sites.wp.odu.edu\/french102seg\/wp-content\/uploads\/sites\/32233\/2023\/04\/39262-37x96.jpg 37w\" sizes=\"(max-width: 121px) 100vw, 121px\" \/><figcaption class=\"wp-element-caption\"><em>C&#8217;est Shane.<\/em><\/figcaption><\/figure><\/div>\n\n\n<p><\/p>\n\n\n\n<p>Bonjour ! Je m\u2019appelle Shane et ici est mon site. J\u2019ai 18 ans et je suis \u00e9tudiant. J\u2019habite \u00e0 Gainesville, VA mais j\u2019ai habit\u00e9 en le campus de Old Dominion University.<\/p>\n\n\n\n<p>Apr\u00e8s neuf ans de l\u2019espagnole, j\u2019ai d\u00e9cid\u00e9 \u00e9tudier le fran\u00e7ais en college. Pour deux semestres. Le voyage a eu tr\u00e8s int\u00e9ressant. Je pense que l\u2019anglais est une langue tr\u00e8s mal.<\/p>\n\n\n\n<p>J&#8217;adore l&#8217;art. J\u2019aime les livres de Flaubert, Proust, Camus, et Victor Hugo. Je voudrais lire \u201cMadame Bovary\u201d en sa langue d\u2019origine. Je m\u2019adore aussi les op\u00e9ras \u201cL\u2019Africaine,\u201d \u201cCarmen,\u201d et \u201cLa Grande Duchesse de Gerolstein.\u201d Et j\u2019aime des films avec les acteurs Jeanne-Pierre L\u00e9aud, Alain Delon, et Vincent Cassel; les actrices Isabelle Huppert, Jeanne Moreau, et Catherine Deneuve; et de les auteurs Godard, No\u00e9, Catherine Breillat, Agn\u00e8s Varda, etc.<\/p>\n","protected":false},"excerpt":{"rendered":"<p>Bonjour ! Je m\u2019appelle Shane et ici est mon site. J\u2019ai 18 ans et je suis \u00e9tudiant. J\u2019habite \u00e0 Gainesville, VA mais j\u2019ai habit\u00e9 en le campus de Old Dominion University. Apr\u00e8s neuf ans de l\u2019espagnole, j\u2019ai d\u00e9cid\u00e9 \u00e9tudier le fran\u00e7ais en college. Pour deux semestres. Le voyage a eu tr\u00e8s int\u00e9ressant. Je pense que [&hellip;]<\/p>\n","protected":false},"author":26005,"featured_media":0,"parent":0,"menu_order":0,"comment_status":"closed","ping_status":"closed","template":"","meta":{"footnotes":""},"_links":{"self":[{"href":"https:\/\/sites.wp.odu.edu\/french102seg\/wp-json\/wp\/v2\/pages\/471"}],"collection":[{"href":"https:\/\/sites.wp.odu.edu\/french102seg\/wp-json\/wp\/v2\/pages"}],"about":[{"href":"https:\/\/sites.wp.odu.edu\/french102seg\/wp-json\/wp\/v2\/types\/page"}],"author":[{"embeddable":true,"href":"https:\/\/sites.wp.odu.edu\/french102seg\/wp-json\/wp\/v2\/users\/26005"}],"replies":[{"embeddable":true,"href":"https:\/\/sites.wp.odu.edu\/french102seg\/wp-json\/wp\/v2\/comments?post=471"}],"version-history":[{"count":5,"href":"https:\/\/sites.wp.odu.edu\/french102seg\/wp-json\/wp\/v2\/pages\/471\/revisions"}],"predecessor-version":[{"id":703,"href":"https:\/\/sites.wp.odu.edu\/french102seg\/wp-json\/wp\/v2\/pages\/471\/revisions\/703"}],"wp:attachment":[{"href":"https:\/\/sites.wp.odu.edu\/french102seg\/wp-json\/wp\/v2\/media?parent=471"}],"curies":[{"name":"wp","href":"https:\/\/api.w.org\/{rel}","templated":true}]}}