{"id":172,"date":"2018-11-08T20:08:29","date_gmt":"2018-11-08T20:08:29","guid":{"rendered":"https:\/\/sites.wp.odu.edu\/french101-102\/?page_id=172"},"modified":"2018-11-08T20:16:07","modified_gmt":"2018-11-08T20:16:07","slug":"telecolaborative-conversation-1","status":"publish","type":"page","link":"https:\/\/sites.wp.odu.edu\/french201\/telecolaborative-conversation-1\/","title":{"rendered":"Telecolaborative Conversation"},"content":{"rendered":"<div class=\"entry-content\">\n<p>Apr\u00e8s avoir termin\u00e9 votre enregistrement 1, s&#8217;il vous pla\u00eet t\u00e9l\u00e9charger dans cette page.<\/p>\n<p><strong>After you finish your recording 1, please download in this page.<\/strong><\/p>\n<\/div>\n","protected":false},"excerpt":{"rendered":"<p>Apr\u00e8s avoir termin\u00e9 votre enregistrement 1, s&#8217;il vous pla\u00eet t\u00e9l\u00e9charger dans cette page. After you finish your recording 1, please download in this page.<\/p>\n","protected":false},"author":598,"featured_media":0,"parent":0,"menu_order":0,"comment_status":"closed","ping_status":"closed","template":"","meta":{"footnotes":""},"_links":{"self":[{"href":"https:\/\/sites.wp.odu.edu\/french201\/wp-json\/wp\/v2\/pages\/172"}],"collection":[{"href":"https:\/\/sites.wp.odu.edu\/french201\/wp-json\/wp\/v2\/pages"}],"about":[{"href":"https:\/\/sites.wp.odu.edu\/french201\/wp-json\/wp\/v2\/types\/page"}],"author":[{"embeddable":true,"href":"https:\/\/sites.wp.odu.edu\/french201\/wp-json\/wp\/v2\/users\/598"}],"replies":[{"embeddable":true,"href":"https:\/\/sites.wp.odu.edu\/french201\/wp-json\/wp\/v2\/comments?post=172"}],"version-history":[{"count":1,"href":"https:\/\/sites.wp.odu.edu\/french201\/wp-json\/wp\/v2\/pages\/172\/revisions"}],"predecessor-version":[{"id":382,"href":"https:\/\/sites.wp.odu.edu\/french201\/wp-json\/wp\/v2\/pages\/172\/revisions\/382"}],"wp:attachment":[{"href":"https:\/\/sites.wp.odu.edu\/french201\/wp-json\/wp\/v2\/media?parent=172"}],"curies":[{"name":"wp","href":"https:\/\/api.w.org\/{rel}","templated":true}]}}