{"id":176,"date":"2018-11-08T20:08:29","date_gmt":"2018-11-08T20:08:29","guid":{"rendered":"https:\/\/sites.wp.odu.edu\/french101-102\/?page_id=176"},"modified":"2018-11-14T16:20:45","modified_gmt":"2018-11-14T16:20:45","slug":"tellecollaborativereflection","status":"publish","type":"page","link":"https:\/\/sites.wp.odu.edu\/french201\/tellecollaborativereflection\/","title":{"rendered":"Telecollaborative Reflection"},"content":{"rendered":"<p>Apr\u00e8s avoir termin\u00e9 votre enregistrement en utilisant &#8220;telecollaborative conversations en quelques paragraphes, r\u00e9dig\u00e9s en anglais ou en fran\u00e7ais, (100 mots \u00e9quivalent \u00e0 une page double espace) parlez de votre exp\u00e9rience \u00e0 parler avec une personne d\u2019origine francophone.<\/p>\n<p><strong>After you complete your assignment using \u201ctelecollaborative conversations, in a few paragraphs (100 words equivalent to one page double space write, in English or in French about your experience using your real time conversation with a native French speaker.<\/strong><\/p>\n","protected":false},"excerpt":{"rendered":"<p>Apr\u00e8s avoir termin\u00e9 votre enregistrement en utilisant &#8220;telecollaborative conversations en quelques paragraphes, r\u00e9dig\u00e9s en anglais ou en fran\u00e7ais, (100 mots \u00e9quivalent \u00e0 une page double espace) parlez de votre exp\u00e9rience \u00e0 parler avec une personne d\u2019origine francophone. After you complete your assignment using \u201ctelecollaborative conversations, in a few paragraphs (100 words equivalent to one page&#8230; <\/p>\n<div class=\"link-more\"><a href=\"https:\/\/sites.wp.odu.edu\/french201\/tellecollaborativereflection\/\">Read More<\/a><\/div>\n","protected":false},"author":598,"featured_media":0,"parent":0,"menu_order":0,"comment_status":"closed","ping_status":"closed","template":"","meta":{"footnotes":""},"_links":{"self":[{"href":"https:\/\/sites.wp.odu.edu\/french201\/wp-json\/wp\/v2\/pages\/176"}],"collection":[{"href":"https:\/\/sites.wp.odu.edu\/french201\/wp-json\/wp\/v2\/pages"}],"about":[{"href":"https:\/\/sites.wp.odu.edu\/french201\/wp-json\/wp\/v2\/types\/page"}],"author":[{"embeddable":true,"href":"https:\/\/sites.wp.odu.edu\/french201\/wp-json\/wp\/v2\/users\/598"}],"replies":[{"embeddable":true,"href":"https:\/\/sites.wp.odu.edu\/french201\/wp-json\/wp\/v2\/comments?post=176"}],"version-history":[{"count":2,"href":"https:\/\/sites.wp.odu.edu\/french201\/wp-json\/wp\/v2\/pages\/176\/revisions"}],"predecessor-version":[{"id":396,"href":"https:\/\/sites.wp.odu.edu\/french201\/wp-json\/wp\/v2\/pages\/176\/revisions\/396"}],"wp:attachment":[{"href":"https:\/\/sites.wp.odu.edu\/french201\/wp-json\/wp\/v2\/media?parent=176"}],"curies":[{"name":"wp","href":"https:\/\/api.w.org\/{rel}","templated":true}]}}