{"id":31,"date":"2018-11-08T20:08:29","date_gmt":"2018-11-08T20:08:29","guid":{"rendered":"http:\/\/totesa.website\/student\/?page_id=31"},"modified":"2018-11-14T16:17:42","modified_gmt":"2018-11-14T16:17:42","slug":"about-me","status":"publish","type":"page","link":"https:\/\/sites.wp.odu.edu\/french201\/","title":{"rendered":"Pr\u00e9sentez-vous en fran\u00e7ais"},"content":{"rendered":"<div class=\"entry-content\">\n<p><strong>Dans le premier paragraphe<\/strong> : Donnez votre nom, o\u00f9 vous habitez, quel \u00e2ge vous avez et quels cours vous suivez cette session. Dans le m\u00eame paragraphe vous devriez parler des cours de fran\u00e7ais que vous avez suivis dans le pass\u00e9. Vous pouvez inclure toute information que vous jugez pertinente \u00e0 faire savoir aux autres.<\/p>\n<p><strong>Dans le deuxi\u00e8me paragraphe<\/strong> vous d\u00e9crivez votre caract\u00e8re et votre physique en employant des adjectifs descriptifs.<\/p>\n<p><strong>Dans le troisi\u00e8me paragraphe<\/strong> vous devriez parler de vos loisirs, ce <strong>que vous aimez faire pendant votre temps libre. Vous pouvez aussi parler de vos voyages dans le pass\u00e9 et ceux dans le futur<\/strong><\/p>\n<p><strong>N\u2019oubliez pas d\u2019ins\u00e9rer des photos qui illustrent ce que vous avez pr\u00e9sent\u00e9 et de faire bonne impression. Soyez cr\u00e9atifs!<\/strong><\/p>\n<p><strong>In the first paragraph:<\/strong> Give your name, where you live, how old you are and what classes you are attending this session. In the same paragraph you should talk about the French courses you had in the previous years. You can include any information that you think is relevant to others.<\/p>\n<p><strong>In the second paragraph<\/strong> describe your character and your physique by using descriptive adjectives.<\/p>\n<p><strong>In the third paragraph<\/strong> you should talk about your hobbies, what you like to do during your free time. You can also talk about your trips in the past and those in the future<\/p>\n<p><strong>Do not forget to insert photos that illustrate what you have presented and make a good impression. Be creative!<\/strong><\/p>\n<hr \/>\n<p>To start, view our quick guides on <a href=\"https:\/\/docs.google.com\/document\/d\/1A0SsTeKTxTW1fYC7_f8Eo8Jv_VhrM2Urhifr6BZfgCQ\/edit?usp=sharing\">WordPress theme layouts<\/a>, <a href=\"https:\/\/docs.google.com\/document\/d\/1LB0ufc3UKFiNqsRHrmqcHRhnEj8Spnim7VEWFU8T5-E\/edit?usp=sharing\">creating parent and child pages<\/a>, and <a href=\"https:\/\/docs.google.com\/document\/d\/1jDPuYnFAqK8_A_xiSYzlgKmyv62jITKCItKQC_a5_Hc\/edit?usp=sharing\">using the privacy settings<\/a>. In order for your instructor to be able to view this website, you will need give them access using the privacy settings.<\/p>\n<\/div>\n","protected":false},"excerpt":{"rendered":"<p>Dans le premier paragraphe : Donnez votre nom, o\u00f9 vous habitez, quel \u00e2ge vous avez et quels cours vous suivez cette session. Dans le m\u00eame paragraphe vous devriez parler des cours de fran\u00e7ais que vous avez suivis dans le pass\u00e9. Vous pouvez inclure toute information que vous jugez pertinente \u00e0 faire savoir aux autres. Dans&#8230; <\/p>\n<div class=\"link-more\"><a href=\"https:\/\/sites.wp.odu.edu\/french201\/\">Read More<\/a><\/div>\n","protected":false},"author":598,"featured_media":0,"parent":0,"menu_order":0,"comment_status":"closed","ping_status":"closed","template":"","meta":{"footnotes":""},"_links":{"self":[{"href":"https:\/\/sites.wp.odu.edu\/french201\/wp-json\/wp\/v2\/pages\/31"}],"collection":[{"href":"https:\/\/sites.wp.odu.edu\/french201\/wp-json\/wp\/v2\/pages"}],"about":[{"href":"https:\/\/sites.wp.odu.edu\/french201\/wp-json\/wp\/v2\/types\/page"}],"author":[{"embeddable":true,"href":"https:\/\/sites.wp.odu.edu\/french201\/wp-json\/wp\/v2\/users\/598"}],"replies":[{"embeddable":true,"href":"https:\/\/sites.wp.odu.edu\/french201\/wp-json\/wp\/v2\/comments?post=31"}],"version-history":[{"count":1,"href":"https:\/\/sites.wp.odu.edu\/french201\/wp-json\/wp\/v2\/pages\/31\/revisions"}],"predecessor-version":[{"id":393,"href":"https:\/\/sites.wp.odu.edu\/french201\/wp-json\/wp\/v2\/pages\/31\/revisions\/393"}],"wp:attachment":[{"href":"https:\/\/sites.wp.odu.edu\/french201\/wp-json\/wp\/v2\/media?parent=31"}],"curies":[{"name":"wp","href":"https:\/\/api.w.org\/{rel}","templated":true}]}}