{"id":174,"date":"2018-11-08T20:24:24","date_gmt":"2018-11-08T20:24:24","guid":{"rendered":"https:\/\/sites.wp.odu.edu\/french101-102\/?page_id=174"},"modified":"2018-11-08T20:24:24","modified_gmt":"2018-11-08T20:24:24","slug":"telecolaborative-conversation-2","status":"publish","type":"page","link":"https:\/\/sites.wp.odu.edu\/french311\/telecollaborative-conversations\/telecolaborative-conversation-2\/","title":{"rendered":"Telecolaborative Conversation #2"},"content":{"rendered":"<div class=\"entry-content\">\n<p>Apr\u00e8s avoir termin\u00e9 votre enregistrement 2 , s&#8217;il vous pla\u00eet t\u00e9l\u00e9charger dans cette page.<\/p>\n<p><strong>After you finish your recording 2, please download in this page.<\/strong><\/p>\n<\/div>\n","protected":false},"excerpt":{"rendered":"<p>Apr\u00e8s avoir termin\u00e9 votre enregistrement 2 , s&#8217;il vous pla\u00eet t\u00e9l\u00e9charger dans cette page. After you finish your recording 2, please download in this page.<\/p>\n","protected":false},"author":598,"featured_media":0,"parent":193,"menu_order":0,"comment_status":"closed","ping_status":"closed","template":"","meta":{"footnotes":""},"_links":{"self":[{"href":"https:\/\/sites.wp.odu.edu\/french311\/wp-json\/wp\/v2\/pages\/174"}],"collection":[{"href":"https:\/\/sites.wp.odu.edu\/french311\/wp-json\/wp\/v2\/pages"}],"about":[{"href":"https:\/\/sites.wp.odu.edu\/french311\/wp-json\/wp\/v2\/types\/page"}],"author":[{"embeddable":true,"href":"https:\/\/sites.wp.odu.edu\/french311\/wp-json\/wp\/v2\/users\/598"}],"replies":[{"embeddable":true,"href":"https:\/\/sites.wp.odu.edu\/french311\/wp-json\/wp\/v2\/comments?post=174"}],"version-history":[{"count":0,"href":"https:\/\/sites.wp.odu.edu\/french311\/wp-json\/wp\/v2\/pages\/174\/revisions"}],"up":[{"embeddable":true,"href":"https:\/\/sites.wp.odu.edu\/french311\/wp-json\/wp\/v2\/pages\/193"}],"wp:attachment":[{"href":"https:\/\/sites.wp.odu.edu\/french311\/wp-json\/wp\/v2\/media?parent=174"}],"curies":[{"name":"wp","href":"https:\/\/api.w.org\/{rel}","templated":true}]}}