{"id":380,"date":"2018-11-08T20:28:35","date_gmt":"2018-11-08T20:28:35","guid":{"rendered":"https:\/\/sites.wp.odu.edu\/french311\/?page_id=380"},"modified":"2018-11-08T20:30:14","modified_gmt":"2018-11-08T20:30:14","slug":"reflection-on-telecolaborative-conversation-2","status":"publish","type":"page","link":"https:\/\/sites.wp.odu.edu\/french311\/reflection-on-telecolaborative-conversation-2\/","title":{"rendered":"Reflection on Telecolaborative Conversation 2"},"content":{"rendered":"<p>Apr\u00e8s avoir termin\u00e9 votre enregistrement en utilisant &#8220;telecolaborative conversations 2&#8221;, en quelques paragraphes, r\u00e9dig\u00e9s en anglais ou en fran\u00e7ais (100 mots \u00e9quivalent \u00e0 une page double espace) parlez de votre exp\u00e9rience \u00e0 parler avec une personne d\u2019origine francophone.<\/p>\n<p><strong>After you complete your assignment using \u201ctelecolaborative conversations 2\u201d, in a few paragraphs (100 words equivalent to one page double space write in English or in French about your experience using your real time conversation with a native French speaker.<\/strong><\/p>\n","protected":false},"excerpt":{"rendered":"<p>Apr\u00e8s avoir termin\u00e9 votre enregistrement en utilisant &#8220;telecolaborative conversations 2&#8221;, en quelques paragraphes, r\u00e9dig\u00e9s en anglais ou en fran\u00e7ais (100 mots \u00e9quivalent \u00e0 une page double espace) parlez de votre exp\u00e9rience \u00e0 parler avec une personne d\u2019origine francophone. After you complete your assignment using \u201ctelecolaborative conversations 2\u201d, in a few paragraphs (100 words equivalent to&#8230; <\/p>\n<div class=\"link-more\"><a href=\"https:\/\/sites.wp.odu.edu\/french311\/reflection-on-telecolaborative-conversation-2\/\">Read More<\/a><\/div>\n","protected":false},"author":598,"featured_media":0,"parent":0,"menu_order":0,"comment_status":"closed","ping_status":"closed","template":"","meta":{"footnotes":""},"_links":{"self":[{"href":"https:\/\/sites.wp.odu.edu\/french311\/wp-json\/wp\/v2\/pages\/380"}],"collection":[{"href":"https:\/\/sites.wp.odu.edu\/french311\/wp-json\/wp\/v2\/pages"}],"about":[{"href":"https:\/\/sites.wp.odu.edu\/french311\/wp-json\/wp\/v2\/types\/page"}],"author":[{"embeddable":true,"href":"https:\/\/sites.wp.odu.edu\/french311\/wp-json\/wp\/v2\/users\/598"}],"replies":[{"embeddable":true,"href":"https:\/\/sites.wp.odu.edu\/french311\/wp-json\/wp\/v2\/comments?post=380"}],"version-history":[{"count":2,"href":"https:\/\/sites.wp.odu.edu\/french311\/wp-json\/wp\/v2\/pages\/380\/revisions"}],"predecessor-version":[{"id":388,"href":"https:\/\/sites.wp.odu.edu\/french311\/wp-json\/wp\/v2\/pages\/380\/revisions\/388"}],"wp:attachment":[{"href":"https:\/\/sites.wp.odu.edu\/french311\/wp-json\/wp\/v2\/media?parent=380"}],"curies":[{"name":"wp","href":"https:\/\/api.w.org\/{rel}","templated":true}]}}