{"id":471,"date":"2025-01-29T17:07:52","date_gmt":"2025-01-29T17:07:52","guid":{"rendered":"https:\/\/wp.odu.edu\/spring2017-fr102-template\/?page_id=471"},"modified":"2025-05-02T14:13:24","modified_gmt":"2025-05-02T14:13:24","slug":"about-me","status":"publish","type":"page","link":"https:\/\/sites.wp.odu.edu\/frgaleg001\/","title":{"rendered":"About Me"},"content":{"rendered":"\n<figure class=\"wp-block-image size-full is-resized\"><img loading=\"lazy\" decoding=\"async\" width=\"240\" height=\"320\" src=\"https:\/\/sites.wp.odu.edu\/frgaleg001\/wp-content\/uploads\/sites\/38304\/2025\/05\/image0-9-rotated.jpeg\" alt=\"\" class=\"wp-image-672\" style=\"width:173px;height:auto\" srcset=\"https:\/\/sites.wp.odu.edu\/frgaleg001\/wp-content\/uploads\/sites\/38304\/2025\/05\/image0-9-rotated.jpeg 240w, https:\/\/sites.wp.odu.edu\/frgaleg001\/wp-content\/uploads\/sites\/38304\/2025\/05\/image0-9-225x300.jpeg 225w\" sizes=\"(max-width: 240px) 100vw, 240px\" \/><\/figure>\n\n\n\n<p>Bienvenue! Je m&#8217;appelle Giselle. J&#8217;\u00e9tudie le graphisme. J&#8217;esp\u00e8re devenir designer ind\u00e9pendant. C&#8217;est ma premi\u00e8re ann\u00e9e \u00e0 l&#8217;universit\u00e9 et j&#8217;adore mes cours, surtout mes cours d&#8217;art.<\/p>\n","protected":false},"excerpt":{"rendered":"<p>Bienvenue! Je m&#8217;appelle Giselle. J&#8217;\u00e9tudie le graphisme. J&#8217;esp\u00e8re devenir designer ind\u00e9pendant. C&#8217;est ma premi\u00e8re ann\u00e9e \u00e0 l&#8217;universit\u00e9 et j&#8217;adore mes cours, surtout mes cours d&#8217;art.<\/p>\n","protected":false},"author":30453,"featured_media":0,"parent":0,"menu_order":0,"comment_status":"closed","ping_status":"closed","template":"","meta":{"footnotes":""},"_links":{"self":[{"href":"https:\/\/sites.wp.odu.edu\/frgaleg001\/wp-json\/wp\/v2\/pages\/471"}],"collection":[{"href":"https:\/\/sites.wp.odu.edu\/frgaleg001\/wp-json\/wp\/v2\/pages"}],"about":[{"href":"https:\/\/sites.wp.odu.edu\/frgaleg001\/wp-json\/wp\/v2\/types\/page"}],"author":[{"embeddable":true,"href":"https:\/\/sites.wp.odu.edu\/frgaleg001\/wp-json\/wp\/v2\/users\/30453"}],"replies":[{"embeddable":true,"href":"https:\/\/sites.wp.odu.edu\/frgaleg001\/wp-json\/wp\/v2\/comments?post=471"}],"version-history":[{"count":5,"href":"https:\/\/sites.wp.odu.edu\/frgaleg001\/wp-json\/wp\/v2\/pages\/471\/revisions"}],"predecessor-version":[{"id":673,"href":"https:\/\/sites.wp.odu.edu\/frgaleg001\/wp-json\/wp\/v2\/pages\/471\/revisions\/673"}],"wp:attachment":[{"href":"https:\/\/sites.wp.odu.edu\/frgaleg001\/wp-json\/wp\/v2\/media?parent=471"}],"curies":[{"name":"wp","href":"https:\/\/api.w.org\/{rel}","templated":true}]}}