{"id":474,"date":"2025-01-29T17:07:52","date_gmt":"2025-01-29T17:07:52","guid":{"rendered":"https:\/\/wp.odu.edu\/spring2017-fr102-template\/?page_id=474"},"modified":"2025-05-02T14:01:29","modified_gmt":"2025-05-02T14:01:29","slug":"bio","status":"publish","type":"page","link":"https:\/\/sites.wp.odu.edu\/frgaleg001\/bio\/","title":{"rendered":"biography"},"content":{"rendered":"\n<p>Bonjour, je m&#8217;appelle Giselle. J&#8217;ai 18 ans et c&#8217;est ma premi\u00e8re ann\u00e9e \u00e0 l&#8217;Universit\u00e9 Old Dominion. J&#8217;\u00e9tudie le graphisme. Je vis \u00e0 Virginia Beach avec ma famille. J&#8217;ai deux grandes s\u0153urs et un petit fr\u00e8re. J&#8217;ai aussi un chien qui s&#8217;appelle Titan. J&#8217;aime regarder des com\u00e9dies romantiques, \u00e9couter de la musique et \u00e9tudier l&#8217;art. Ma famille est vient des Philippines, donc j&#8217;aime aussi la cuisine et la culture philippines.<\/p>\n","protected":false},"excerpt":{"rendered":"<p>Bonjour, je m&#8217;appelle Giselle. J&#8217;ai 18 ans et c&#8217;est ma premi\u00e8re ann\u00e9e \u00e0 l&#8217;Universit\u00e9 Old Dominion. J&#8217;\u00e9tudie le graphisme. Je vis \u00e0 Virginia Beach avec ma famille. J&#8217;ai deux grandes s\u0153urs et un petit fr\u00e8re. J&#8217;ai aussi un chien qui&#8230; <a class=\"more-link\" href=\"https:\/\/sites.wp.odu.edu\/frgaleg001\/bio\/\">Continue Reading &rarr;<\/a><\/p>\n","protected":false},"author":30453,"featured_media":0,"parent":0,"menu_order":0,"comment_status":"closed","ping_status":"closed","template":"","meta":{"footnotes":""},"_links":{"self":[{"href":"https:\/\/sites.wp.odu.edu\/frgaleg001\/wp-json\/wp\/v2\/pages\/474"}],"collection":[{"href":"https:\/\/sites.wp.odu.edu\/frgaleg001\/wp-json\/wp\/v2\/pages"}],"about":[{"href":"https:\/\/sites.wp.odu.edu\/frgaleg001\/wp-json\/wp\/v2\/types\/page"}],"author":[{"embeddable":true,"href":"https:\/\/sites.wp.odu.edu\/frgaleg001\/wp-json\/wp\/v2\/users\/30453"}],"replies":[{"embeddable":true,"href":"https:\/\/sites.wp.odu.edu\/frgaleg001\/wp-json\/wp\/v2\/comments?post=474"}],"version-history":[{"count":5,"href":"https:\/\/sites.wp.odu.edu\/frgaleg001\/wp-json\/wp\/v2\/pages\/474\/revisions"}],"predecessor-version":[{"id":670,"href":"https:\/\/sites.wp.odu.edu\/frgaleg001\/wp-json\/wp\/v2\/pages\/474\/revisions\/670"}],"wp:attachment":[{"href":"https:\/\/sites.wp.odu.edu\/frgaleg001\/wp-json\/wp\/v2\/media?parent=474"}],"curies":[{"name":"wp","href":"https:\/\/api.w.org\/{rel}","templated":true}]}}