{"id":478,"date":"2025-01-29T17:07:52","date_gmt":"2025-01-29T17:07:52","guid":{"rendered":"https:\/\/wp.odu.edu\/spring2017-fr102-template\/?page_id=478"},"modified":"2025-04-30T23:21:04","modified_gmt":"2025-04-30T23:21:04","slug":"resume","status":"publish","type":"page","link":"https:\/\/sites.wp.odu.edu\/frgaleg001\/resume\/","title":{"rendered":"R\u00e9sum\u00e9"},"content":{"rendered":"\n<hr class=\"wp-block-separator has-alpha-channel-opacity\" \/>\n\n\n\n<p>FORMATION<\/p>\n\n\n\n<figure class=\"wp-block-table\"><table><tbody><tr><td><strong>2020-2024<\/strong><\/td><td>Dipl\u00f4me de lyc\u00e9e \u00e0 <strong>Salem High School<\/strong><br>&#8211; GPA: 4.1<\/td><\/tr><tr><td><strong>2024-pr\u00e9sent<\/strong><\/td><td>Premi\u00e8re ann\u00e9e \u00e0 <strong>Old Dominion University<\/strong><\/td><\/tr><\/tbody><\/table><\/figure>\n\n\n\n<hr class=\"wp-block-separator has-alpha-channel-opacity\" \/>\n\n\n\n<p>EXPERIENCES PROFESSIONNELLES<\/p>\n\n\n\n<figure class=\"wp-block-table\"><table><tbody><tr><td><strong>2020-pr\u00e9sent<\/strong><\/td><td>Caissi\u00e8re \u00e0 mi-temps, <strong>Casual Eats LLC, Virginia Beach, Virginia<\/strong><br>&#8211; Accueille des gens au restaurant<br>&#8211; Sers des clients en servant<br>&#8211; Garde propre et organis\u00e9e<\/td><\/tr><\/tbody><\/table><\/figure>\n\n\n\n<hr class=\"wp-block-separator has-alpha-channel-opacity\" \/>\n\n\n\n<p>COMPETENCES<\/p>\n\n\n\n<figure class=\"wp-block-table\"><table><tbody><tr><td><strong>Langues<\/strong><\/td><td>Anglais : Langue maternelle<\/td><\/tr><tr><td><\/td><td>Fran\u00e7ais : Courant&nbsp;<\/td><\/tr><\/tbody><\/table><\/figure>\n\n\n\n<figure class=\"wp-block-table\"><table><tbody><tr><td><strong>Logiciels<\/strong><\/td><td>Adobe Suite : Illustrator, Photoshop, InDesign, After Effects<\/td><\/tr><\/tbody><\/table><\/figure>\n\n\n\n<hr class=\"wp-block-separator has-alpha-channel-opacity\" \/>\n\n\n\n<p>LOISIRS<\/p>\n\n\n\n<figure class=\"wp-block-table\"><table><tbody><tr><td><strong>Divers<\/strong><\/td><td>Musique, arts, litt\u00e9rature<\/td><\/tr><tr><td><strong>Sports<\/strong><\/td><td>Arts Martiaux (de 4 ans \u00e0 12 ans)<\/td><\/tr><\/tbody><\/table><\/figure>\n","protected":false},"excerpt":{"rendered":"<p>FORMATION 2020-2024 Dipl\u00f4me de lyc\u00e9e \u00e0 Salem High School&#8211; GPA: 4.1 2024-pr\u00e9sent Premi\u00e8re ann\u00e9e \u00e0 Old Dominion University EXPERIENCES PROFESSIONNELLES 2020-pr\u00e9sent Caissi\u00e8re \u00e0 mi-temps, Casual Eats LLC, Virginia Beach, Virginia&#8211; Accueille des gens au restaurant&#8211; Sers des clients en servant&#8211;&#8230; <a class=\"more-link\" href=\"https:\/\/sites.wp.odu.edu\/frgaleg001\/resume\/\">Continue Reading &rarr;<\/a><\/p>\n","protected":false},"author":30453,"featured_media":0,"parent":0,"menu_order":0,"comment_status":"closed","ping_status":"closed","template":"","meta":{"footnotes":""},"_links":{"self":[{"href":"https:\/\/sites.wp.odu.edu\/frgaleg001\/wp-json\/wp\/v2\/pages\/478"}],"collection":[{"href":"https:\/\/sites.wp.odu.edu\/frgaleg001\/wp-json\/wp\/v2\/pages"}],"about":[{"href":"https:\/\/sites.wp.odu.edu\/frgaleg001\/wp-json\/wp\/v2\/types\/page"}],"author":[{"embeddable":true,"href":"https:\/\/sites.wp.odu.edu\/frgaleg001\/wp-json\/wp\/v2\/users\/30453"}],"replies":[{"embeddable":true,"href":"https:\/\/sites.wp.odu.edu\/frgaleg001\/wp-json\/wp\/v2\/comments?post=478"}],"version-history":[{"count":5,"href":"https:\/\/sites.wp.odu.edu\/frgaleg001\/wp-json\/wp\/v2\/pages\/478\/revisions"}],"predecessor-version":[{"id":642,"href":"https:\/\/sites.wp.odu.edu\/frgaleg001\/wp-json\/wp\/v2\/pages\/478\/revisions\/642"}],"wp:attachment":[{"href":"https:\/\/sites.wp.odu.edu\/frgaleg001\/wp-json\/wp\/v2\/media?parent=478"}],"curies":[{"name":"wp","href":"https:\/\/api.w.org\/{rel}","templated":true}]}}