{"id":505,"date":"2025-01-29T17:07:52","date_gmt":"2025-01-29T17:07:52","guid":{"rendered":"https:\/\/wp.odu.edu\/spring2017-fr102-template\/?page_id=505"},"modified":"2025-04-30T21:59:45","modified_gmt":"2025-04-30T21:59:45","slug":"forum-de-discussion","status":"publish","type":"page","link":"https:\/\/sites.wp.odu.edu\/frgaleg001\/forum-de-discussion\/","title":{"rendered":"Forum de Discussion"},"content":{"rendered":"\n<p>L7: Bonjour! Je m&#8217;appelle Giselle. Je me sens bien mais je suis un peu fatigu\u00e9e. Hier soir, je me suis couch\u00e9e vers 23h et ce matin, je me suis reveill\u00e9e \u00e0 6h30. Tous les soirs, je dors vers 7 ou 8 heures. Pour des activit\u00e9 physique, je fais de l&#8217;exercise 5 fois par semaine<\/p>\n\n\n\n<p>L9: Pour le stress et la pression, il est importante de parler de vos probl\u00e8mes. Il faut faire une promenade ou faire de l&#8217;exercise. Il est bon d&#8217;\u00e9couter de la musique, dormir bien, et faire du yoga.<\/p>\n\n\n\n<p>L10: J&#8217;aime voyager, mais je ne prend pas trop de vacances. Ma famille et moi allons en vacance presque chaque \u00e9t\u00e9. Nous sommes partis \u00e0 Californie, Florida, et Caroline du Sud. Je n&#8217;ai jamais voyag\u00e9 dehors les \u00c9tats-Unis. Pendant les vacance, ma famille et moi aimons faire des promenades, faire du shopping, aller \u00e0 la plage, et manger \u00e0 beaucoup de restaurants. Pour mes prochaines vacances, j&#8217;aimerais aller en Gr\u00e8ce parce que je pense ce serait tr\u00e8s beau. J&#8217;irais \u00e0 la plage et je marcherais dans une petite ville.<\/p>\n","protected":false},"excerpt":{"rendered":"<p>L7: Bonjour! Je m&#8217;appelle Giselle. Je me sens bien mais je suis un peu fatigu\u00e9e. Hier soir, je me suis couch\u00e9e vers 23h et ce matin, je me suis reveill\u00e9e \u00e0 6h30. Tous les soirs, je dors vers 7 ou&#8230; <a class=\"more-link\" href=\"https:\/\/sites.wp.odu.edu\/frgaleg001\/forum-de-discussion\/\">Continue Reading &rarr;<\/a><\/p>\n","protected":false},"author":30453,"featured_media":0,"parent":0,"menu_order":0,"comment_status":"closed","ping_status":"closed","template":"","meta":{"footnotes":""},"_links":{"self":[{"href":"https:\/\/sites.wp.odu.edu\/frgaleg001\/wp-json\/wp\/v2\/pages\/505"}],"collection":[{"href":"https:\/\/sites.wp.odu.edu\/frgaleg001\/wp-json\/wp\/v2\/pages"}],"about":[{"href":"https:\/\/sites.wp.odu.edu\/frgaleg001\/wp-json\/wp\/v2\/types\/page"}],"author":[{"embeddable":true,"href":"https:\/\/sites.wp.odu.edu\/frgaleg001\/wp-json\/wp\/v2\/users\/30453"}],"replies":[{"embeddable":true,"href":"https:\/\/sites.wp.odu.edu\/frgaleg001\/wp-json\/wp\/v2\/comments?post=505"}],"version-history":[{"count":4,"href":"https:\/\/sites.wp.odu.edu\/frgaleg001\/wp-json\/wp\/v2\/pages\/505\/revisions"}],"predecessor-version":[{"id":638,"href":"https:\/\/sites.wp.odu.edu\/frgaleg001\/wp-json\/wp\/v2\/pages\/505\/revisions\/638"}],"wp:attachment":[{"href":"https:\/\/sites.wp.odu.edu\/frgaleg001\/wp-json\/wp\/v2\/media?parent=505"}],"curies":[{"name":"wp","href":"https:\/\/api.w.org\/{rel}","templated":true}]}}