{"id":217,"date":"2023-04-20T17:31:17","date_gmt":"2023-04-20T17:31:17","guid":{"rendered":"https:\/\/sites.wp.odu.edu\/basicspanishdraft\/?page_id=217"},"modified":"2023-04-24T00:56:04","modified_gmt":"2023-04-24T00:56:04","slug":"bio","status":"publish","type":"page","link":"https:\/\/sites.wp.odu.edu\/havenspanish\/bio\/","title":{"rendered":"About Me"},"content":{"rendered":"\n<p>\u00a1Hola! Mi nobre es Haven y mi apellido es Habhab. Mi edad es veinte a\u00f1os. Mi correo electr\u00f3nico es hhabh005@odu.edu tambien mi tel\u00e9fono es (dos, cinco, dos), (quatro, diecisiete), (cero, ocho, sesenta) (252-417-0860). Soy de Texas pero ahora estoy en Virginia. Mi fecha de nacimiento es veintiseis de septiembre. Soy muy ocupada porque soy muy determinada. Mi especialidad es la justicia penal y quiero estar en el FBI \u00a1Gracias por leer!<\/p>\n","protected":false},"excerpt":{"rendered":"<p>\u00a1Hola! Mi nobre es Haven y mi apellido es Habhab. Mi edad es veinte a\u00f1os. Mi correo electr\u00f3nico es hhabh005@odu.edu tambien mi tel\u00e9fono es (dos, cinco, dos), (quatro, diecisiete), (cero, ocho, sesenta) (252-417-0860). Soy de Texas pero ahora estoy en Virginia. Mi fecha de nacimiento es veintiseis de septiembre. Soy muy ocupada porque soy muy&#8230; <\/p>\n<div class=\"link-more\"><a href=\"https:\/\/sites.wp.odu.edu\/havenspanish\/bio\/\">Read More<\/a><\/div>\n","protected":false},"author":26600,"featured_media":0,"parent":0,"menu_order":0,"comment_status":"closed","ping_status":"closed","template":"","meta":{"footnotes":""},"_links":{"self":[{"href":"https:\/\/sites.wp.odu.edu\/havenspanish\/wp-json\/wp\/v2\/pages\/217"}],"collection":[{"href":"https:\/\/sites.wp.odu.edu\/havenspanish\/wp-json\/wp\/v2\/pages"}],"about":[{"href":"https:\/\/sites.wp.odu.edu\/havenspanish\/wp-json\/wp\/v2\/types\/page"}],"author":[{"embeddable":true,"href":"https:\/\/sites.wp.odu.edu\/havenspanish\/wp-json\/wp\/v2\/users\/26600"}],"replies":[{"embeddable":true,"href":"https:\/\/sites.wp.odu.edu\/havenspanish\/wp-json\/wp\/v2\/comments?post=217"}],"version-history":[{"count":3,"href":"https:\/\/sites.wp.odu.edu\/havenspanish\/wp-json\/wp\/v2\/pages\/217\/revisions"}],"predecessor-version":[{"id":505,"href":"https:\/\/sites.wp.odu.edu\/havenspanish\/wp-json\/wp\/v2\/pages\/217\/revisions\/505"}],"wp:attachment":[{"href":"https:\/\/sites.wp.odu.edu\/havenspanish\/wp-json\/wp\/v2\/media?parent=217"}],"curies":[{"name":"wp","href":"https:\/\/api.w.org\/{rel}","templated":true}]}}