{"id":173,"date":"2022-11-11T00:14:55","date_gmt":"2022-11-11T00:14:55","guid":{"rendered":"https:\/\/wp.odu.edu\/odupresentationtemplate\/?page_id=2"},"modified":"2022-12-08T19:40:00","modified_gmt":"2022-12-08T19:40:00","slug":"sample-page-2","status":"publish","type":"page","link":"https:\/\/sites.wp.odu.edu\/henderson\/","title":{"rendered":"Home"},"content":{"rendered":"\n<p>Hi, my name is Jason HENDERSON. I am a sophomore at ODU and I am apart of the football team. I grew up in Dingmans Ferry, Pennsylvania and have lived there my whole life. I went to Delaware Valley High School where I also played football and wrestled. <\/p>\n\n\n\n<p><br>Hola, mi nombre es Jason HENDERSON. Soy estudiante de segundo a\u00f1o en ODU y soy parte del equipo de f\u00fatbol. Crec\u00ed en Dingmans Ferry, Pennsylvania y he vivido all\u00ed toda mi vida. Fui a la escuela secundaria Delaware Valley High School, donde tambi\u00e9n jugu\u00e9 f\u00fatbol y luch\u00e9.<\/p>\n","protected":false},"excerpt":{"rendered":"<p>Hi, my name is Jason HENDERSON. I am a sophomore at ODU and I am apart of the football team. I grew up in Dingmans Ferry, Pennsylvania and have lived there my whole life. I went to Delaware Valley High School where I also played football and wrestled. Hola, mi nombre es Jason HENDERSON. Soy&#8230; <\/p>\n<div class=\"link-more\"><a href=\"https:\/\/sites.wp.odu.edu\/henderson\/\">Read More<\/a><\/div>\n","protected":false},"author":25443,"featured_media":0,"parent":0,"menu_order":0,"comment_status":"closed","ping_status":"open","template":"","meta":{"footnotes":""},"_links":{"self":[{"href":"https:\/\/sites.wp.odu.edu\/henderson\/wp-json\/wp\/v2\/pages\/173"}],"collection":[{"href":"https:\/\/sites.wp.odu.edu\/henderson\/wp-json\/wp\/v2\/pages"}],"about":[{"href":"https:\/\/sites.wp.odu.edu\/henderson\/wp-json\/wp\/v2\/types\/page"}],"author":[{"embeddable":true,"href":"https:\/\/sites.wp.odu.edu\/henderson\/wp-json\/wp\/v2\/users\/25443"}],"replies":[{"embeddable":true,"href":"https:\/\/sites.wp.odu.edu\/henderson\/wp-json\/wp\/v2\/comments?post=173"}],"version-history":[{"count":1,"href":"https:\/\/sites.wp.odu.edu\/henderson\/wp-json\/wp\/v2\/pages\/173\/revisions"}],"predecessor-version":[{"id":481,"href":"https:\/\/sites.wp.odu.edu\/henderson\/wp-json\/wp\/v2\/pages\/173\/revisions\/481"}],"wp:attachment":[{"href":"https:\/\/sites.wp.odu.edu\/henderson\/wp-json\/wp\/v2\/media?parent=173"}],"curies":[{"name":"wp","href":"https:\/\/api.w.org\/{rel}","templated":true}]}}