{"id":145,"date":"2019-03-04T14:50:00","date_gmt":"2019-03-04T14:50:00","guid":{"rendered":"https:\/\/sites.wp.odu.edu\/holocaust-landscapes-studyabroad\/?page_id=145"},"modified":"2023-02-06T00:54:14","modified_gmt":"2023-02-06T00:54:14","slug":"about","status":"publish","type":"page","link":"https:\/\/sites.wp.odu.edu\/holocaust-landscapes-studyabroad\/about\/","title":{"rendered":"About"},"content":{"rendered":"<p>Landscapes of the Holocaust is a Study Abroad course offered at Old Dominion University during summer session 2019 and overseen by Dr. Annette Finley-Croswhite (history) and Dr. Thomas Chapman (geography).\u00a0 The travel component of the course takes place between May 12 and May 24, 2019.\u00a0 <a href=\"http:\/\/sites.wp.odu.edu\/holocaust-landscapes-studyabroad\/wp-content\/uploads\/sites\/13734\/2019\/03\/pic4.png\"><img loading=\"lazy\" decoding=\"async\" class=\"alignleft wp-image-101 size-thumbnail\" src=\"http:\/\/sites.wp.odu.edu\/holocaust-landscapes-studyabroad\/wp-content\/uploads\/sites\/13734\/2019\/03\/pic4-150x150.png\" alt=\"\" width=\"150\" height=\"150\" \/><\/a><\/p>\n<p>Old Dominion University students will travel to Poland to\u00a0investigate the Holocaust in and around the Polish cities of Krak\u00f3w, O\u015bwi\u0119cim (where Auschwitz is located) and Warsaw, where they will explore these places of Holocaust memory and examine how historical geographies of the Holocaust are remembered and memorialized.<\/p>\n<p>Major themes: Historical Geography, Landscapes of Memory, Dark Tourism; History and Politics of Memory<\/p>\n","protected":false},"excerpt":{"rendered":"<p>Landscapes of the Holocaust is a Study Abroad course offered at Old Dominion University during summer session 2019 and overseen by Dr. Annette Finley-Croswhite (history) and Dr. Thomas Chapman (geography).\u00a0 The travel component of the course takes place between May 12 and May 24, 2019.\u00a0 Old Dominion University students will travel to Poland to\u00a0investigate the &hellip; <\/p>\n<p><a class=\"more-link btn\" href=\"https:\/\/sites.wp.odu.edu\/holocaust-landscapes-studyabroad\/about\/\">Continue reading<\/a><\/p>\n","protected":false},"author":341,"featured_media":0,"parent":0,"menu_order":0,"comment_status":"closed","ping_status":"closed","template":"","meta":{"footnotes":""},"_links":{"self":[{"href":"https:\/\/sites.wp.odu.edu\/holocaust-landscapes-studyabroad\/wp-json\/wp\/v2\/pages\/145"}],"collection":[{"href":"https:\/\/sites.wp.odu.edu\/holocaust-landscapes-studyabroad\/wp-json\/wp\/v2\/pages"}],"about":[{"href":"https:\/\/sites.wp.odu.edu\/holocaust-landscapes-studyabroad\/wp-json\/wp\/v2\/types\/page"}],"author":[{"embeddable":true,"href":"https:\/\/sites.wp.odu.edu\/holocaust-landscapes-studyabroad\/wp-json\/wp\/v2\/users\/341"}],"replies":[{"embeddable":true,"href":"https:\/\/sites.wp.odu.edu\/holocaust-landscapes-studyabroad\/wp-json\/wp\/v2\/comments?post=145"}],"version-history":[{"count":6,"href":"https:\/\/sites.wp.odu.edu\/holocaust-landscapes-studyabroad\/wp-json\/wp\/v2\/pages\/145\/revisions"}],"predecessor-version":[{"id":827,"href":"https:\/\/sites.wp.odu.edu\/holocaust-landscapes-studyabroad\/wp-json\/wp\/v2\/pages\/145\/revisions\/827"}],"wp:attachment":[{"href":"https:\/\/sites.wp.odu.edu\/holocaust-landscapes-studyabroad\/wp-json\/wp\/v2\/media?parent=145"}],"curies":[{"name":"wp","href":"https:\/\/api.w.org\/{rel}","templated":true}]}}