{"id":207,"date":"2019-05-02T13:48:21","date_gmt":"2019-05-02T13:48:21","guid":{"rendered":"https:\/\/sites.wp.odu.edu\/holocaust-landscapes-studyabroad\/?page_id=207"},"modified":"2019-05-11T22:27:24","modified_gmt":"2019-05-11T22:27:24","slug":"syllabus","status":"publish","type":"page","link":"https:\/\/sites.wp.odu.edu\/holocaust-landscapes-studyabroad\/syllabus\/","title":{"rendered":"Syllabus"},"content":{"rendered":"<p><strong><a href=\"https:\/\/odu.box.com\/s\/56c0mzqcl7zkpj3s3zamuhqm1xc0hfr5\">Course Syllabus<\/a><\/strong><\/p>\n<p><strong>Meeting\/Reading Schedule<\/strong><\/p>\n<p>Date\u00a0\u00a0\u00a0\u00a0\u00a0\u00a0\u00a0\u00a0\u00a0\u00a0\u00a0\u00a0\u00a0\u00a0\u00a0\u00a0\u00a0\u00a0\u00a0\u00a0\u00a0\u00a0 Topic\u00a0\u00a0\u00a0\u00a0\u00a0\u00a0\u00a0\u00a0\u00a0\u00a0\u00a0\u00a0\u00a0\u00a0\u00a0\u00a0\u00a0\u00a0\u00a0\u00a0\u00a0\u00a0\u00a0\u00a0\u00a0\u00a0\u00a0\u00a0\u00a0\u00a0\u00a0\u00a0\u00a0\u00a0\u00a0\u00a0\u00a0 Reading<\/p>\n<table style=\"height: 2324px\" width=\"630\">\n<tbody>\n<tr>\n<td width=\"116\">April 11: 12:20-1:20<\/td>\n<td width=\"134\">Study Abroad Meeting Dragas 2108<\/td>\n<td width=\"440\">Discuss itinerary, rules and regulations<\/td>\n<\/tr>\n<tr>\n<td width=\"116\">April 12: 5:00-8:00<\/td>\n<td width=\"134\">Study Abroad information and Holocaust history New Ed. 2304<\/td>\n<td width=\"440\">Meet Drs. Finley and Chapman<\/td>\n<\/tr>\n<tr>\n<td width=\"116\">May 9: 10:00-12:00<\/td>\n<td width=\"134\">Reading Spatially with Drs. Chapman and Finley. Meet in\u00a0Webb Center at Starbucks<\/td>\n<td width=\"440\">Learn how to read landscapes<\/td>\n<\/tr>\n<tr>\n<td width=\"116\">May 12: Flight Day Norfolk Airport 10:30 AM<\/td>\n<td width=\"134\"><\/td>\n<td width=\"440\"><strong>Flight Day: Make sure you\u2019ve read Peter Hayes, <em>Why? Explaining the Holocaust to page 258 by the time we land in Krak\u00f3w<\/em><\/strong><\/td>\n<\/tr>\n<tr>\n<td width=\"116\">May 13: Krak\u00f3w<\/td>\n<td width=\"134\"><\/td>\n<td width=\"440\">Lehrer, Gruber, \u201cScenes from a Krak\u00f3w Caf\u00e9; \u201cTraveling Tschotschkes\u201d from <em>Jewish Poland Revisited<\/em>. For more on the<\/p>\n<p>Jewish quarter&#8212;Kazimierz see: <a href=\"https:\/\/www.inyourpocket.com\/krakow\/Kazimierz_70207f\">https:\/\/www.inyourpocket.com\/krakow\/Kazimierz_70207f<\/a><\/td>\n<\/tr>\n<tr>\n<td width=\"116\">May 14<\/td>\n<td width=\"134\">Krak\u00f3w, P\u0142asz\u00f3w<\/td>\n<td width=\"440\">Class at Jagiellonian University with Dr. Edyta Gawron<em>,<\/em> Read: <em>Hayes, Why? chapter 6<\/em><\/p>\n<p><strong>\u00a0<\/strong><\/td>\n<\/tr>\n<tr>\n<td width=\"116\">May 15<\/td>\n<td width=\"134\">Krak\u00f3w:<\/td>\n<td width=\"440\">Meet Maciek Zabierowski, Read, Cole \u201cPrologue\u201d from <em>Holocaust Landscapes<\/em><\/td>\n<\/tr>\n<tr>\n<td width=\"116\">May 16<\/td>\n<td width=\"134\">Auschwitz-Birkenau Class will be held at the Auschwitz Jewish Center in a classroom<\/td>\n<td width=\"440\">Hayes Chapters 4 &amp; 5; Sommer, \u201cSexual Exploitation\u201d from <em>Sexual Violence against Jewish Women; <\/em>Hodgkinson, \u201cThe Concentration Camp as a site of<\/p>\n<p>Dark Tourism.\u201d<\/p>\n<p>For more on Auschwitz-Birkenau see: <a href=\"http:\/\/auschwitz.org\/en\/\">http:\/\/auschwitz.org\/en\/<\/a><\/td>\n<\/tr>\n<tr>\n<td width=\"116\">May 17<\/td>\n<td width=\"134\">Auschwitz-Birkenau<\/td>\n<td width=\"440\">Zalewsk, \u201cSelfies from Auschwitz.\u201d\u00a0 Cole, \u201cCamps\u201d from <em>Holocaust Landscapes,<\/em>Tour and class with Pawe\u0142 Sawicki, Auschwitz-Birkenau Press Office<\/td>\n<\/tr>\n<tr>\n<td width=\"116\">May 18<\/td>\n<td width=\"134\">Reflection Day<\/td>\n<td width=\"440\">Catch up on unfinished reading<\/td>\n<\/tr>\n<tr>\n<td width=\"116\">May 19<\/td>\n<td width=\"134\">Warsaw<\/td>\n<td width=\"440\">Cole, \u201cGhetto,\u201d from <em>Holocaust Landscapes: <\/em>Tour and discussion with Dr. Agnieszka Haska, Polish Center for Holocaust Research<\/p>\n<p>For more on the Warsaw ghetto see: <a href=\"https:\/\/www.yadvashem.org\/holocaust\/about\/ghettos\/warsaw.html\">https:\/\/www.yadvashem.org\/holocaust\/about\/ghettos\/warsaw.html<\/a><\/td>\n<\/tr>\n<tr>\n<td width=\"116\">May 20<\/td>\n<td width=\"134\">Treblinka<\/td>\n<td width=\"440\">Wiernik, \u201cA Year in Treblinka;\u201d Venezia, \u201cInside the Gas Chambers.\u201d<\/p>\n<p>For more on Treblinka see: <a href=\"https:\/\/www.jewishvirtuallibrary.org\/history-and-overview-of-treblinka\">https:\/\/www.jewishvirtuallibrary.org\/history-and-overview-of-treblinka<\/a><\/td>\n<\/tr>\n<tr>\n<td width=\"116\">May 21<\/td>\n<td width=\"134\">\u0141\u00f3d\u017a:<\/td>\n<td width=\"440\">Meet staff, Yahad-In Unum including Deputy Director, Michal Chojak.\u00a0 He will lead our class. Read, <strong>Desbois, <em>Holocaust by Bullets; <\/em>Make sure you\u2019ve completed the entire book and can discuss it.<\/strong><\/td>\n<\/tr>\n<tr>\n<td width=\"116\">May 22<\/td>\n<td width=\"134\">Polish Countryside:<\/td>\n<td width=\"440\">Faculty\/Staff from Yahad-In Unum will lead our class. Read, Desbois, \u201cThe Rapes\u201d from Father Patrick Desbois, <em>In Broad Daylight<\/em><\/td>\n<\/tr>\n<tr>\n<td width=\"116\">May 23<\/td>\n<td width=\"134\">\u0141\u00f3d\u017a and Krak\u00f3w<\/td>\n<td width=\"440\">Last day in Poland&#8212;no reading<\/td>\n<\/tr>\n<tr>\n<td width=\"116\">May 24<\/td>\n<td width=\"134\">Krak\u00f3w-Norfolk<\/td>\n<td width=\"440\">Flying Home<\/td>\n<\/tr>\n<tr>\n<td width=\"116\">May 24-31<\/td>\n<td width=\"134\">No meetings<\/td>\n<td width=\"440\">Make post-trip blog post by May 31<\/td>\n<\/tr>\n<tr>\n<td width=\"116\">June 7<\/td>\n<td width=\"134\">Debrief; New Ed 2304\u2014time TBA<\/td>\n<td width=\"440\">Hayes, <em>Why?, <\/em>chapter 8<\/td>\n<\/tr>\n<tr>\n<td width=\"116\">June 28<\/td>\n<td width=\"134\">NO Class<\/td>\n<td width=\"440\"><strong>Email final paper to Drs. Chapman and Finley and make final blog post<\/strong><\/td>\n<\/tr>\n<\/tbody>\n<\/table>\n<p>&nbsp;<\/p>\n<p>&nbsp;<\/p>\n","protected":false},"excerpt":{"rendered":"<p>Course Syllabus Meeting\/Reading Schedule Date\u00a0\u00a0\u00a0\u00a0\u00a0\u00a0\u00a0\u00a0\u00a0\u00a0\u00a0\u00a0\u00a0\u00a0\u00a0\u00a0\u00a0\u00a0\u00a0\u00a0\u00a0\u00a0 Topic\u00a0\u00a0\u00a0\u00a0\u00a0\u00a0\u00a0\u00a0\u00a0\u00a0\u00a0\u00a0\u00a0\u00a0\u00a0\u00a0\u00a0\u00a0\u00a0\u00a0\u00a0\u00a0\u00a0\u00a0\u00a0\u00a0\u00a0\u00a0\u00a0\u00a0\u00a0\u00a0\u00a0\u00a0\u00a0\u00a0\u00a0 Reading April 11: 12:20-1:20 Study Abroad Meeting Dragas 2108 Discuss itinerary, rules and regulations April 12: 5:00-8:00 Study Abroad information and Holocaust history New Ed. 2304 Meet Drs. Finley and Chapman May 9: 10:00-12:00 Reading Spatially with Drs. Chapman and Finley. Meet in\u00a0Webb Center at Starbucks Learn how to &hellip; <\/p>\n<p><a class=\"more-link btn\" href=\"https:\/\/sites.wp.odu.edu\/holocaust-landscapes-studyabroad\/syllabus\/\">Continue reading<\/a><\/p>\n","protected":false},"author":341,"featured_media":0,"parent":0,"menu_order":0,"comment_status":"closed","ping_status":"closed","template":"","meta":{"footnotes":""},"_links":{"self":[{"href":"https:\/\/sites.wp.odu.edu\/holocaust-landscapes-studyabroad\/wp-json\/wp\/v2\/pages\/207"}],"collection":[{"href":"https:\/\/sites.wp.odu.edu\/holocaust-landscapes-studyabroad\/wp-json\/wp\/v2\/pages"}],"about":[{"href":"https:\/\/sites.wp.odu.edu\/holocaust-landscapes-studyabroad\/wp-json\/wp\/v2\/types\/page"}],"author":[{"embeddable":true,"href":"https:\/\/sites.wp.odu.edu\/holocaust-landscapes-studyabroad\/wp-json\/wp\/v2\/users\/341"}],"replies":[{"embeddable":true,"href":"https:\/\/sites.wp.odu.edu\/holocaust-landscapes-studyabroad\/wp-json\/wp\/v2\/comments?post=207"}],"version-history":[{"count":6,"href":"https:\/\/sites.wp.odu.edu\/holocaust-landscapes-studyabroad\/wp-json\/wp\/v2\/pages\/207\/revisions"}],"predecessor-version":[{"id":311,"href":"https:\/\/sites.wp.odu.edu\/holocaust-landscapes-studyabroad\/wp-json\/wp\/v2\/pages\/207\/revisions\/311"}],"wp:attachment":[{"href":"https:\/\/sites.wp.odu.edu\/holocaust-landscapes-studyabroad\/wp-json\/wp\/v2\/media?parent=207"}],"curies":[{"name":"wp","href":"https:\/\/api.w.org\/{rel}","templated":true}]}}