{"id":305,"date":"2019-05-11T11:49:55","date_gmt":"2019-05-11T11:49:55","guid":{"rendered":"https:\/\/sites.wp.odu.edu\/holocaust-landscapes-studyabroad\/?page_id=305"},"modified":"2019-05-11T11:49:55","modified_gmt":"2019-05-11T11:49:55","slug":"itinerary","status":"publish","type":"page","link":"https:\/\/sites.wp.odu.edu\/holocaust-landscapes-studyabroad\/itinerary\/","title":{"rendered":"Itinerary"},"content":{"rendered":"<p><strong><u>TRIP PORTION:<\/u><\/strong><\/p>\n<p><strong>Sunday, May 12: <\/strong>Leave Norfolk. <strong>Arrive at the Norfolk Airport no later than 10:45 am.<\/strong><\/p>\n<p>United Airlines flight 4835 from Norfolk (ORF) to Chicago (ORD) 1:00pm to 2:35pm.<\/p>\n<p>Lufthansa Airlines flight 431 from Chicago (ORD) to Frankfurt (FRA). Leave 4:00pm, arrive May 13 at 7:15am.<\/p>\n<p>Lufthansa Airlines flight 1364 from Frankfurt (FRA) to Krak\u00f3w (KRK). 8:30am-10:00am. Arrival at our hotel around noon on May 13.\u00a0 Meet transportation services to take us into Krak\u00f3w<\/p>\n<p><strong>\u00a0<\/strong><strong>Monday, May 13<\/strong><\/p>\n<p><strong>Airport transfer to <\/strong>Arrive Krak\u00f3w. Check into <strong>Hotel Ester, Szeroka 20, Krak\u00f3w, <\/strong><\/p>\n<p><a href=\"http:\/\/hotel-ester.krakow.pl\/en\/\">http:\/\/hotel-ester.krakow.pl\/en\/<\/a><\/p>\n<p>Walking tour of Krakow led by Dr. Finley<\/p>\n<p>Evening&#8212;do what you like as needed.<\/p>\n<p>Reading: Lehrer, Gruber, \u201cScenes from a Krak\u00f3w Caf\u00e9; \u201cTraveling Tschotschkes\u201d from <em>Jewish Poland Revisited<\/em>. For more on the<\/p>\n<p>Jewish quarter&#8212;Kazimierz see: <a href=\"https:\/\/www.inyourpocket.com\/krakow\/Kazimierz_70207f\">https:\/\/www.inyourpocket.com\/krakow\/Kazimierz_70207f<\/a><\/p>\n<p><strong>Tuesday, May 14 <\/strong><\/p>\n<p>Morning\u2014P\u0142asz\u00f3w\u2014former labor camp. Our guide will be Krzysztof Suszkiewicz.\u00a0 Meet Krzysztof in front of our hotel at Szeroka St. at 9:30 AM. Return to Kazimierz by 1:00.<\/p>\n<p>Afternoon&#8211; Lecture with Dr. Gawron at 2:00 PM: Dr. Gawron is from the Institute for Jewish Studies at Jagiellonian University; For more on the Institute see:<\/p>\n<p><a href=\"http:\/\/www.judaistyka.uj.edu.pl\/documents\/7834790\/12396359\/Gazeta_Spring17-050217+mg.pdf\/cf0ee66c-e6e5-4527-a715-2744913f720\">http:\/\/www.judaistyka.uj.edu.pl\/documents\/7834790\/12396359\/Gazeta_Spring17-050217+mg.pdf\/cf0ee66c-e6e5-4527-a715-2744913f720<\/a><\/p>\n<p>Visit the Krak\u00f3w JCC, around 4:00.\u00a0 Meet with Dr. Katarzyna Suszkiewicz.<\/p>\n<p><strong>Group Dinner in town at \u201cOnce upon a Time in Kazimierz\u201d <\/strong><a href=\"http:\/\/en.szeroka1.com\/\"><strong>http:\/\/en.szeroka1.com\/<\/strong><\/a><\/p>\n<p><strong>We have a reservation at 7:30 sharp and we can\u2019t be late!<\/strong><\/p>\n<p>Reading: Hayes, chapter 6<\/p>\n<p><strong>\u00a0<\/strong><strong>Wednesday, May 15<\/strong><\/p>\n<p>Morning\/afternoon&#8211;Tour of Krak\u00f3w and local synagogues conducted by Maciek Zabierowski, Learning and Special Projects Director with the Auschwitz Jewish Center.\u00a0 End at the Galicia Museum.\u00a0 Meet Maciek at 10am on Szeroka Street (right by our hotel) Lunch at Bagel Mama!<\/p>\n<p><a href=\"http:\/\/www.galiciajewishmuseum.org\/en\">http:\/\/www.galiciajewishmuseum.org\/en<\/a><\/p>\n<p>Evening free<\/p>\n<p>Reading: Cole, \u201cPrologue\u201d from <em>Holocaust Landscapes<\/em><\/p>\n<p><strong>Thursday, May 16<\/strong><\/p>\n<p><strong>8:45 AM SHARP: Leave Ester Hotel in Krakow and take Coach to Transfer to the Imperiale Hotel in O\u015bwi\u0119cim<\/strong> (across the street from Auschwitz). <a href=\"https:\/\/hotelimperiale.pl\/?lang=en\">https:\/\/hotelimperiale.pl\/?lang=en<\/a><\/p>\n<p>11am-12pm&#8211;Class at the Auschwitz Jewish Center<\/p>\n<p>12-1pm&#8211;Tour of the AJC Museum.<\/p>\n<p>3pm&#8211;Visit the Center for Dialogue and Prayer<\/p>\n<p>4:30pm&#8211;Visit Birkenau to wander around on your own until dusk<\/p>\n<p>Reading: Hayes Chapters 4 &amp; 5; Sommer, \u201cSexual Exploitation\u201d from <em>Sexual Violence against Jewish Women; <\/em>Hodgkinson, \u201cThe Concentration Camp as a site of<\/p>\n<p>Dark Tourism.\u201d<\/p>\n<p>For more on Auschwitz-Birkenau see: <a href=\"http:\/\/auschwitz.org\/en\/\">http:\/\/auschwitz.org\/en\/<\/a><\/p>\n<p><strong>Friday, May 17<\/strong><\/p>\n<p>GET UP EARLY: We have to be at Auschwitz at 7:30 AM. All day at Auschwitz-Birkenau, including guided tour with Pawe\u0142 Sawicki, journalist and photographer in the Press Office at<\/p>\n<p>Auschwitz-Birkenau<\/p>\n<p>Reading: Zalewsk, \u201cSelfies from Auschwitz.\u201d\u00a0 Cole, \u201cCamps\u201d from <em>Holocaust Landscapes<\/em><\/p>\n<p><strong>Group Dinner&#8211;Imperial Hotel<\/strong><\/p>\n<p><strong>\u00a0<\/strong><strong>Saturday May 18<\/strong><\/p>\n<p>Reflection Day. You will have the entire day to rest and reflect on what we have seen.\u00a0 You may choose to go back to Birkenau and wander or go back to O\u015bwi\u0119cim. \u00a0Make your own transportation plans. The bus in front of Auschwitz runs to Birkenau every 15 minutes for most of the day if you are interested.<\/p>\n<p><strong>Sunday, May 19<\/strong><\/p>\n<p><strong>7:45 SHARP <\/strong>Leave O\u015bwi\u0119cim on Coach and head to Krak\u00f3w train station<\/p>\n<p>Board the high-speed EIP &#8220;Pendolino&#8221; train to Warsaw; 9:46-12:10 AM.<\/p>\n<p><strong>Check into hotel, <\/strong><strong>Novotel Warsaw Centrum<\/strong><strong>,<\/strong> ul Marszalkowska 94\/98, 00-510 Warsaw<\/p>\n<p><a href=\"https:\/\/www.accorhotels.com\/gb\/hotel-3383-novotel-warszawa-centrum\/index.shtml#origin=novotel\">https:\/\/www.accorhotels.com\/gb\/hotel-3383-novotel-warszawa-centrum\/index.shtml#origin=novotel<\/a><\/p>\n<p>Afternoon&#8211;Polin Museum of the History of Polish Jews<\/p>\n<p>After Polin meet Dr. Agnieszka Haska of the Polish Center for Holocaust Research for a tour of the site of the Jewish Warsaw Ghetto.<\/p>\n<p>Evening free<\/p>\n<p>Reading: Cole, \u201cGhetto,\u201d from <em>Holocaust Landscapes<\/em><\/p>\n<p>For more on the Warsaw ghetto see: <a href=\"https:\/\/www.yadvashem.org\/holocaust\/about\/ghettos\/warsaw.html\">https:\/\/www.yadvashem.org\/holocaust\/about\/ghettos\/warsaw.html<\/a><\/p>\n<p><strong>\u00a0<\/strong><strong>Monday, May 20<\/strong><\/p>\n<p><strong>8AM SHARP: <\/strong>Coach to Treblinka (site of former extermination camp)<\/p>\n<p>Return to <strong>Warsaw and Novotel Warsaw Centrum, <\/strong><\/p>\n<p>Late afternoon, remains of Jewish Ghetto, Jewish cemetery and\/or main synagogue<\/p>\n<p>Reading: Wiernik, \u201cA Year in Treblinka;\u201d Venezia, \u201cInside the Gas Chambers.\u201d<\/p>\n<p>For more on Treblinka see: <a href=\"https:\/\/www.jewishvirtuallibrary.org\/history-and-overview-of-treblinka\">https:\/\/www.jewishvirtuallibrary.org\/history-and-overview-of-treblinka<\/a><\/p>\n<p><strong>Group Dinner Warsaw<\/strong><\/p>\n<p><strong>\u00a0<\/strong><strong>Tuesday, May 21: Transfer to \u0141\u00f3d\u017a<\/strong><\/p>\n<p><strong>7:30 AM SHARP: <\/strong>Morning: Coach to \u0141\u00f3d\u017a: Be ready to leave by 7:30 AM. Arrive 10:30-11:00.\u00a0\u00a0 Leave Che\u0142mno<\/p>\n<p>Stop at Che\u0142mno Death Camp en route to \u0141\u00f3d\u017a.\u00a0 Leave for \u0141od\u017a around noon.<\/p>\n<p>If possible, see \u0141\u00f3d\u017a Radegast Train Station on arrival in \u0141od\u017a.<\/p>\n<p><a href=\"http:\/\/www.lodz-ghetto.com\/the_radegast_station.html,38\">http:\/\/www.lodz-ghetto.com\/the_radegast_station.html,38<\/a><\/p>\n<p>Later, check into the \u0141\u00f3d\u017a Novotel Hotel. Pi\u0142sudskiego 11A, 90-368<\/p>\n<p><a href=\"https:\/\/www.accorhotels.com\/gb\/hotel-7830-novotel-lodz-centrum\/index.shtml\">https:\/\/www.accorhotels.com\/gb\/hotel-7830-novotel-lodz-centrum\/index.shtml<\/a><\/p>\n<p>Evening lecture on \u201cHolocaust by Bullets\u201d with Deputy Director at Yahad-In Unum, Michal Chojak, who is flying in from Paris (where Yahad-in Unum is based) to work with us.<\/p>\n<p>We will figure out dinner!\u00a0 Lecture at Hotel<\/p>\n<p>Reading: Desbois, <em>Holocaust by Bullets&#8212;<\/em>entire&#8212;makes sure you\u2019ve read the whole book as Michal Chojak will be addressing the book and Father Desbois\u2019s work.\u00a0 Make sure at this point you\u2019ve also read, Desbois, \u201cRapes\u201d from his book <em>In Broad Daylight: <\/em><em>The Secret Procedures behind the Holocaust by Bullets, <\/em>69-74.<\/p>\n<p><strong>Wednesday, May 22<\/strong><\/p>\n<p><strong>8:30 AM SHARP: <\/strong>Meet faculty from Yahad-in Unum and spend the day with them. Visit to Killing sites and discussion with former \u201cbystanders.\u201d\u00a0 Visit Piotrkow Trybunalski and Tomaszow Mazowiecki. Reading: Review Desbois, <em>Holocaust by Bullets.<\/em><\/p>\n<p>Meet with Hubert Buczak (investigator), Renata Masna (interviewer) and Micha\u0142 Chojak from Yahad-in Unum and spend the day with them. Visit killing sites and discussion with former \u201cbystanders.\u201d Visit Piotrkow Trybunalski and Tomaszow Mazowiecki.<\/p>\n<p>8.30 am Departure from the Hotel<\/p>\n<p>9.30-11.00 am Visit to sites related to the prewar Jewish life in Piotkrow Trybunalski: the synagogue and the Bet Midrash, the Jewish cemetery<\/p>\n<p>11.00\u201312.00 am Visit to sites connected with World War II and the Holocaust: Former ghetto of Piotrkow Trybunalski, first ghetto in German occupied Poland, the cemetery for Soviet prisoners of war, the Forest Wolborski, execution site of Jews from Piotrkow Trybunalski<\/p>\n<p>12.00 am \u2013 13.00 pm: Meeting with a witness of the execution in the Wolborski forest<\/p>\n<p>1.00 \u2013 2.00 pm Lunch break and departure to Tomaszow Mazowiecki<\/p>\n<p>2.00-3.00 pm Traces of the Jewish past of Tomaszow Mazowiecki: The former Talmud Tora school, the building of the Mikveh<\/p>\n<p>3.00-4.30 pm Visit of two mass execution sites in Tomaszow Mazowiecki<\/p>\n<p>4.30 pm Meeting with a witness at the Jewish cemetery of Tomaszow, execution site of Tomaszow Jews<\/p>\n<p>6.00 pm: Departure to \u0141od\u017a<\/p>\n<p>Dinner on your own once back in \u0141od\u017a<\/p>\n<p><strong>Thursday, May 23<\/strong><\/p>\n<p><strong>8:30 AM SHARP: <\/strong>Take coach to Return to Krak\u00f3w&#8211;check back into Hotel Galaxy, Gesia 22a, 31-535 Krak\u00f3w <a href=\"https:\/\/galaxyhotel.pl\/en\">https:\/\/galaxyhotel.pl\/en<\/a><\/p>\n<p>Free afternoon and evening in Krak\u00f3w<\/p>\n<p><strong>Friday, May 24<\/strong><\/p>\n<p><strong>6:30 AM SHARP: <\/strong>Airport transfer&#8212;Leave Krakow for Norfolk; <strong>Be ready to leave the hotel at 6:30 AM.<\/strong><\/p>\n<p>Dr. Finley-Croswhite will accompany students back home while Dr. Chapman will remain in Krakow to do some research.<\/p>\n<p>United Airlines flight 9547 from Krakow (KRK) to Munich (MUC) 9:25am to 10:40am<\/p>\n<p>United Airlines flight 107 from Munich (MUC) to Washington DC (IAD). 12:20pm to 3:30pm.<\/p>\n<p>United Airlines flight 6026 from Washington DC (IAD) to Norfolk (ORF). 5:15pm to 6:19pm.<\/p>\n<p>&nbsp;<\/p>\n","protected":false},"excerpt":{"rendered":"<p>TRIP PORTION: Sunday, May 12: Leave Norfolk. Arrive at the Norfolk Airport no later than 10:45 am. United Airlines flight 4835 from Norfolk (ORF) to Chicago (ORD) 1:00pm to 2:35pm. Lufthansa Airlines flight 431 from Chicago (ORD) to Frankfurt (FRA). Leave 4:00pm, arrive May 13 at 7:15am. Lufthansa Airlines flight 1364 from Frankfurt (FRA) to &hellip; <\/p>\n<p><a class=\"more-link btn\" href=\"https:\/\/sites.wp.odu.edu\/holocaust-landscapes-studyabroad\/itinerary\/\">Continue reading<\/a><\/p>\n","protected":false},"author":341,"featured_media":0,"parent":0,"menu_order":0,"comment_status":"closed","ping_status":"closed","template":"","meta":{"footnotes":""},"_links":{"self":[{"href":"https:\/\/sites.wp.odu.edu\/holocaust-landscapes-studyabroad\/wp-json\/wp\/v2\/pages\/305"}],"collection":[{"href":"https:\/\/sites.wp.odu.edu\/holocaust-landscapes-studyabroad\/wp-json\/wp\/v2\/pages"}],"about":[{"href":"https:\/\/sites.wp.odu.edu\/holocaust-landscapes-studyabroad\/wp-json\/wp\/v2\/types\/page"}],"author":[{"embeddable":true,"href":"https:\/\/sites.wp.odu.edu\/holocaust-landscapes-studyabroad\/wp-json\/wp\/v2\/users\/341"}],"replies":[{"embeddable":true,"href":"https:\/\/sites.wp.odu.edu\/holocaust-landscapes-studyabroad\/wp-json\/wp\/v2\/comments?post=305"}],"version-history":[{"count":3,"href":"https:\/\/sites.wp.odu.edu\/holocaust-landscapes-studyabroad\/wp-json\/wp\/v2\/pages\/305\/revisions"}],"predecessor-version":[{"id":308,"href":"https:\/\/sites.wp.odu.edu\/holocaust-landscapes-studyabroad\/wp-json\/wp\/v2\/pages\/305\/revisions\/308"}],"wp:attachment":[{"href":"https:\/\/sites.wp.odu.edu\/holocaust-landscapes-studyabroad\/wp-json\/wp\/v2\/media?parent=305"}],"curies":[{"name":"wp","href":"https:\/\/api.w.org\/{rel}","templated":true}]}}