{"id":441,"date":"2020-11-27T18:54:41","date_gmt":"2020-11-27T18:54:41","guid":{"rendered":"https:\/\/sites.wp.odu.edu\/basicspanishdraft2\/?page_id=441"},"modified":"2021-04-23T17:36:45","modified_gmt":"2021-04-23T17:36:45","slug":"activities-2","status":"publish","type":"page","link":"https:\/\/sites.wp.odu.edu\/iruanspan121f17166\/activities-2\/","title":{"rendered":"Activities"},"content":{"rendered":"\n<p>I like to watch youtube videos and read books in Spanish. Also, one of my favorite ways to practice this language is by playing the game Among Us with Spanish speakers. I&#8217;ve learned several pop culture references and slang terms this way, such as &#8220;potaxio&#8221; and &#8220;no manches.&#8221; The following is what the orignal &#8220;potaxio&#8221; interview was. I don&#8217;t believe this is the exact same video as the original, but it is close enough to demonstrate.<\/p>\n\n\n\n<figure class=\"wp-block-embed is-type-video is-provider-youtube wp-block-embed-youtube wp-embed-aspect-16-9 wp-has-aspect-ratio\"><div class=\"wp-block-embed__wrapper\">\n<iframe loading=\"lazy\" title=\"potaxio video original\" width=\"1000\" height=\"563\" src=\"https:\/\/www.youtube.com\/embed\/A6FzslMSOys?start=127&#038;feature=oembed\" frameborder=\"0\" allow=\"accelerometer; autoplay; clipboard-write; encrypted-media; gyroscope; picture-in-picture\" allowfullscreen><\/iframe>\n<\/div><figcaption>adri-z. &#8220;potaxio video original.&#8221; <em>Youtube<\/em>, 31 October 2020, https:\/\/www.youtube.com\/watch?v=A6FzslMSOys&amp;t=127s.<\/figcaption><\/figure>\n\n\n\n<p>Here is an example of how the original video has been changed and used in pop culture.<\/p>\n\n\n\n<figure class=\"wp-block-embed is-type-video is-provider-youtube wp-block-embed-youtube wp-embed-aspect-16-9 wp-has-aspect-ratio\"><div class=\"wp-block-embed__wrapper\">\n<iframe loading=\"lazy\" title=\"POTATSIO - remix! \ud83e\udd51\" width=\"1000\" height=\"563\" src=\"https:\/\/www.youtube.com\/embed\/_IMTUZneTdA?feature=oembed\" frameborder=\"0\" allow=\"accelerometer; autoplay; clipboard-write; encrypted-media; gyroscope; picture-in-picture\" allowfullscreen><\/iframe>\n<\/div><figcaption>m\u00fasicos C\u00ednicos. &#8220;POTATSIO &#8211; remix!&#8221; <em>Youtube<\/em>, 4 November 2020, https:\/\/www.youtube.com\/watch?v=_IMTUZneTdA.<\/figcaption><\/figure>\n\n\n\n<p>My favorite Spanish speaking author is Jos\u00e9 Luis V\u00e1zquez, and I&#8217;ve read various books by him, including <em>A trav\u00e9s del abismo y lo que Elisa olvid\u00f3 ah\u00ed,  Ella o c\u00f3mo aprend\u00ed a amar a un demonio, Lo que ignoras de tu muerte, Una carta escrita con sangre, La doncella del ocaso y la doncella de las almas.<\/em> He brings unique, quirky, relatable characters to life, and he places them in an odd world where magic and mythical creatures exist. Also, all of his books seem to belong in the same world, and each adds additional information to the laws of their world. Some of his books even bring characters from his other books.<\/p>\n\n\n\n<p>Lastly, I listen to music in Spanish. I don&#8217;t know a lot of music in Spanish, but some songs in my normal playlist include &#8220;Soy Yo&#8221; by Bomba Est\u00e9reo, &#8220;La Mordidita&#8221; by Ricky Martin, &#8220;Celoso&#8221; by Lele Pons, and &#8220;No Me Ames&#8221; by  Jennifer Lopez and Marc Anthony.<\/p>\n\n\n\n<figure class=\"wp-block-embed is-type-video is-provider-youtube wp-block-embed-youtube wp-embed-aspect-16-9 wp-has-aspect-ratio\"><div class=\"wp-block-embed__wrapper\">\n<iframe loading=\"lazy\" title=\"Bomba Est\u00e9reo - Soy Yo (Official Video)\" width=\"1000\" height=\"563\" src=\"https:\/\/www.youtube.com\/embed\/bxWxXncl53U?feature=oembed\" frameborder=\"0\" allow=\"accelerometer; autoplay; clipboard-write; encrypted-media; gyroscope; picture-in-picture\" allowfullscreen><\/iframe>\n<\/div><figcaption>Bomba Est\u00e9ro. &#8220;Bomba Est\u00e9reo &#8211; Soy Yo (Official Video).&#8221; <em>Youtube,<\/em> Management, CMRRA, UNIAO BRASILEIRA DE EDITORAS DE MUSICA &#8211; UBEM, BMI &#8211; Broadcast Music Inc., Big Deal Music (Publishing), LatinAutorPerf, LatinAutor &#8211; PeerMusic, Sony ATV Publishing, LatinAutor &#8211; SonyATV y 14 sociedades de derechos musicales, 7 September 2016, https:\/\/www.youtube.com\/watch?v=bxWxXncl53U&amp;list=PL8tz_qAoFTP003wxr-KvnMNt_QS89icea&amp;index=22.<\/figcaption><\/figure>\n\n\n\n<p><\/p>\n","protected":false},"excerpt":{"rendered":"<p>I like to watch youtube videos and read books in Spanish. Also, one of my favorite ways to practice this language is by playing the game Among Us with Spanish speakers. I&#8217;ve learned several pop culture references and slang terms this way, such as &#8220;potaxio&#8221; and &#8220;no manches.&#8221; The following is what the orignal &#8220;potaxio&#8221;&#8230; <\/p>\n<div class=\"link-more\"><a href=\"https:\/\/sites.wp.odu.edu\/iruanspan121f17166\/activities-2\/\">Read More<\/a><\/div>\n","protected":false},"author":19229,"featured_media":0,"parent":0,"menu_order":0,"comment_status":"closed","ping_status":"closed","template":"","meta":{"footnotes":""},"_links":{"self":[{"href":"https:\/\/sites.wp.odu.edu\/iruanspan121f17166\/wp-json\/wp\/v2\/pages\/441"}],"collection":[{"href":"https:\/\/sites.wp.odu.edu\/iruanspan121f17166\/wp-json\/wp\/v2\/pages"}],"about":[{"href":"https:\/\/sites.wp.odu.edu\/iruanspan121f17166\/wp-json\/wp\/v2\/types\/page"}],"author":[{"embeddable":true,"href":"https:\/\/sites.wp.odu.edu\/iruanspan121f17166\/wp-json\/wp\/v2\/users\/19229"}],"replies":[{"embeddable":true,"href":"https:\/\/sites.wp.odu.edu\/iruanspan121f17166\/wp-json\/wp\/v2\/comments?post=441"}],"version-history":[{"count":4,"href":"https:\/\/sites.wp.odu.edu\/iruanspan121f17166\/wp-json\/wp\/v2\/pages\/441\/revisions"}],"predecessor-version":[{"id":563,"href":"https:\/\/sites.wp.odu.edu\/iruanspan121f17166\/wp-json\/wp\/v2\/pages\/441\/revisions\/563"}],"wp:attachment":[{"href":"https:\/\/sites.wp.odu.edu\/iruanspan121f17166\/wp-json\/wp\/v2\/media?parent=441"}],"curies":[{"name":"wp","href":"https:\/\/api.w.org\/{rel}","templated":true}]}}