{"id":128,"date":"2022-12-13T02:15:03","date_gmt":"2022-12-13T02:15:03","guid":{"rendered":"https:\/\/sites.wp.odu.edu\/span330draft\/?page_id=96"},"modified":"2022-12-15T05:09:14","modified_gmt":"2022-12-15T05:09:14","slug":"obra-creativa","status":"publish","type":"page","link":"https:\/\/sites.wp.odu.edu\/isaac-ruano-span312\/obra-creativa\/","title":{"rendered":"Presentaci\u00f3n final"},"content":{"rendered":"\n<p>En esta \u00faltima presentaci\u00f3n, tuve que reflexionar sobre todo lo que he aprendido en la clase.<\/p>\n\n\n\n<p>Primero, hablo de c\u00f3mo mi perspectiva de la cultura hispana ha cambiado en esta clase. Empec\u00e9 con una idea muy b\u00e1sica de c\u00f3mo era su cultura. Todo lo que sab\u00eda era que algunos pa\u00edses hispanohablantes comen tacos, frijoles y arroz; algunos celebran El D\u00eda de los Muertos; y algunos tienen g\u00e9neros de m\u00fasica muy r\u00edtmicos y din\u00e1micos. He aprendido que tienen una gastronom\u00eda muy variada, tienen m\u00faltiples g\u00e9neros de m\u00fasica y bailes y tienen celebraciones para cualquier ocasi\u00f3n.<\/p>\n\n\n\n<p>Segundo, hablo de qu\u00e9 semejanzas esta clase tiene con mi clase de literatura hispana. Ambos me han ense\u00f1ado varios aspectos de la cultura hispana, como su literatura, su arte y su historia.<\/p>\n\n\n\n<p>Tercero, hablo de c\u00f3mo esta clase me ha ayudado en mi clase de literatura hispana y en otras situaciones. Por ejemplo, este <a href=\"https:\/\/youtu.be\/-8Z6cUFQ6T8\">video<\/a> de la clase me ense\u00f1\u00f3 que hay que leer un poema con variedad y que no es buen estilo hacer una pausa despu\u00e9s de cada estrofa al leer un poema. Esta clase tambi\u00e9n me ha dado m\u00e1s confianza para hacer presentaciones porque he tenido mucha pr\u00e1ctica.<\/p>\n\n\n\n<p>Por \u00faltimo, hablo de c\u00f3mo me van a ayudar los conocimientos que he adquirido en el futuro. Me han ense\u00f1ado a ser m\u00e1s tolerante, considerado y comprensible hacia culturas distintas a la m\u00eda. He aprendido a ser paciente y no juzgar tan r\u00e1pidamente porque conozco mejor las circunstancias de otros pa\u00edses. Para demostrar, aprend\u00ed en esta clase que en algunos pa\u00edses, algunas familias son tan pobres que necesitan enviar a sus hijos a trabajar desde muy joven para poder satisfacer sus necesidades. Por eso puedo entender por qu\u00e9 algunas personas no son tan educadas como yo.<\/p>\n\n\n\n<figure class=\"wp-block-embed is-type-video is-provider-youtube wp-block-embed-youtube wp-embed-aspect-16-9 wp-has-aspect-ratio\"><div class=\"wp-block-embed__wrapper\">\n<iframe loading=\"lazy\" title=\"SPAN 322: Presentaci\u00f3n final\" width=\"1000\" height=\"563\" src=\"https:\/\/www.youtube.com\/embed\/3tGPPWdXg9g?feature=oembed\" frameborder=\"0\" allow=\"accelerometer; autoplay; clipboard-write; encrypted-media; gyroscope; picture-in-picture\" allowfullscreen><\/iframe>\n<\/div><\/figure>\n","protected":false},"excerpt":{"rendered":"<p>En esta \u00faltima presentaci\u00f3n, tuve que reflexionar sobre todo lo que he aprendido en la clase. Primero, hablo de c\u00f3mo mi perspectiva de la cultura hispana ha cambiado en esta clase. Empec\u00e9 con una idea muy b\u00e1sica de c\u00f3mo era su cultura. Todo lo que sab\u00eda era que algunos pa\u00edses hispanohablantes comen tacos, frijoles y&#8230; <\/p>\n<div class=\"link-more\"><a href=\"https:\/\/sites.wp.odu.edu\/isaac-ruano-span312\/obra-creativa\/\">Read More<\/a><\/div>\n","protected":false},"author":19229,"featured_media":0,"parent":0,"menu_order":0,"comment_status":"closed","ping_status":"closed","template":"","meta":{"footnotes":""},"_links":{"self":[{"href":"https:\/\/sites.wp.odu.edu\/isaac-ruano-span312\/wp-json\/wp\/v2\/pages\/128"}],"collection":[{"href":"https:\/\/sites.wp.odu.edu\/isaac-ruano-span312\/wp-json\/wp\/v2\/pages"}],"about":[{"href":"https:\/\/sites.wp.odu.edu\/isaac-ruano-span312\/wp-json\/wp\/v2\/types\/page"}],"author":[{"embeddable":true,"href":"https:\/\/sites.wp.odu.edu\/isaac-ruano-span312\/wp-json\/wp\/v2\/users\/19229"}],"replies":[{"embeddable":true,"href":"https:\/\/sites.wp.odu.edu\/isaac-ruano-span312\/wp-json\/wp\/v2\/comments?post=128"}],"version-history":[{"count":5,"href":"https:\/\/sites.wp.odu.edu\/isaac-ruano-span312\/wp-json\/wp\/v2\/pages\/128\/revisions"}],"predecessor-version":[{"id":191,"href":"https:\/\/sites.wp.odu.edu\/isaac-ruano-span312\/wp-json\/wp\/v2\/pages\/128\/revisions\/191"}],"wp:attachment":[{"href":"https:\/\/sites.wp.odu.edu\/isaac-ruano-span312\/wp-json\/wp\/v2\/media?parent=128"}],"curies":[{"name":"wp","href":"https:\/\/api.w.org\/{rel}","templated":true}]}}