{"id":162,"date":"2022-12-14T23:45:57","date_gmt":"2022-12-14T23:45:57","guid":{"rendered":"https:\/\/sites.wp.odu.edu\/isaac-ruano-span312\/?page_id=162"},"modified":"2022-12-15T05:05:38","modified_gmt":"2022-12-15T05:05:38","slug":"mesas-redondas","status":"publish","type":"page","link":"https:\/\/sites.wp.odu.edu\/isaac-ruano-span312\/mesas-redondas\/","title":{"rendered":"Mesas Redondas"},"content":{"rendered":"\n<p>En esta clase, hicimos tres mesas redondas en las que reflexionamos sobre todo lo que hemos aprendido en la clase. Adem\u00e1s de hacer nuestras propias reflexiones, tambi\u00e9n tuvimos que ver las reflexiones de otro miembros de la clase y responder a sus v\u00eddeos. En total, hicimos nueve v\u00eddeos cada uno, tres por cada mesa redonda. Aqu\u00ed tengo las tres reflexiones principales que hice para las mesas redondas.<\/p>\n\n\n\n<p>En la primera mesa redonda, hablo de la identidad hispana y de la mezcla de culturas. Hablo tambi\u00e9n de la cuesti\u00f3n de una cultura &#8220;pura&#8221; o original. En general, si todos compartimos fragmentos de cultura similares, no se puede decir con certeza que una cultura es &#8220;pura&#8221;.<\/p>\n\n\n\n<figure class=\"wp-block-embed is-type-video is-provider-youtube wp-block-embed-youtube wp-embed-aspect-16-9 wp-has-aspect-ratio\"><div class=\"wp-block-embed__wrapper\">\n<iframe loading=\"lazy\" title=\"SPAN 322: Mesa Redonda 1\" width=\"1000\" height=\"563\" src=\"https:\/\/www.youtube.com\/embed\/XTtdGuks820?feature=oembed\" frameborder=\"0\" allow=\"accelerometer; autoplay; clipboard-write; encrypted-media; gyroscope; picture-in-picture\" allowfullscreen><\/iframe>\n<\/div><\/figure>\n\n\n\n<p>En esta segunda mesa redonda, hablo de la interdependencia entre el trabajo, la econom\u00eda y la educaci\u00f3n. He aprendido que muchos pa\u00edses hispanohablantes tienen econom\u00edas muy pobres y que algunos pa\u00edses tienen que enviar sus ni\u00f1os a trabajar para sastisfacer sus necesidades.<\/p>\n\n\n\n<figure class=\"wp-block-embed is-type-video is-provider-youtube wp-block-embed-youtube wp-embed-aspect-16-9 wp-has-aspect-ratio\"><div class=\"wp-block-embed__wrapper\">\n<iframe loading=\"lazy\" title=\"SPAN 322: Mesa Redonda 2\" width=\"1000\" height=\"563\" src=\"https:\/\/www.youtube.com\/embed\/0eLTMkwkPF8?feature=oembed\" frameborder=\"0\" allow=\"accelerometer; autoplay; clipboard-write; encrypted-media; gyroscope; picture-in-picture\" allowfullscreen><\/iframe>\n<\/div><\/figure>\n\n\n\n<p>En esta mesa redonda, hablo del hecho de que muchas personas s\u00f3lo acuden a recursos que reafirman lo que ya saben y eso puede prolongar la desinformaci\u00f3n. Tambi\u00e9n hablo de c\u00f3mo es diferente el entretenimiento en pa\u00edses hispanohablantes y por qu\u00e9 es diferente.<\/p>\n\n\n\n<figure class=\"wp-block-embed is-type-video is-provider-youtube wp-block-embed-youtube wp-embed-aspect-16-9 wp-has-aspect-ratio\"><div class=\"wp-block-embed__wrapper\">\n<iframe loading=\"lazy\" title=\"SPAN 322: Mesa Redonda 3\" width=\"1000\" height=\"563\" src=\"https:\/\/www.youtube.com\/embed\/D0hf1Mr0glg?feature=oembed\" frameborder=\"0\" allow=\"accelerometer; autoplay; clipboard-write; encrypted-media; gyroscope; picture-in-picture\" allowfullscreen><\/iframe>\n<\/div><\/figure>\n","protected":false},"excerpt":{"rendered":"<p>En esta clase, hicimos tres mesas redondas en las que reflexionamos sobre todo lo que hemos aprendido en la clase. Adem\u00e1s de hacer nuestras propias reflexiones, tambi\u00e9n tuvimos que ver las reflexiones de otro miembros de la clase y responder a sus v\u00eddeos. En total, hicimos nueve v\u00eddeos cada uno, tres por cada mesa redonda&#8230;. <\/p>\n<div class=\"link-more\"><a href=\"https:\/\/sites.wp.odu.edu\/isaac-ruano-span312\/mesas-redondas\/\">Read More<\/a><\/div>\n","protected":false},"author":19229,"featured_media":0,"parent":0,"menu_order":0,"comment_status":"closed","ping_status":"closed","template":"","meta":{"footnotes":""},"_links":{"self":[{"href":"https:\/\/sites.wp.odu.edu\/isaac-ruano-span312\/wp-json\/wp\/v2\/pages\/162"}],"collection":[{"href":"https:\/\/sites.wp.odu.edu\/isaac-ruano-span312\/wp-json\/wp\/v2\/pages"}],"about":[{"href":"https:\/\/sites.wp.odu.edu\/isaac-ruano-span312\/wp-json\/wp\/v2\/types\/page"}],"author":[{"embeddable":true,"href":"https:\/\/sites.wp.odu.edu\/isaac-ruano-span312\/wp-json\/wp\/v2\/users\/19229"}],"replies":[{"embeddable":true,"href":"https:\/\/sites.wp.odu.edu\/isaac-ruano-span312\/wp-json\/wp\/v2\/comments?post=162"}],"version-history":[{"count":3,"href":"https:\/\/sites.wp.odu.edu\/isaac-ruano-span312\/wp-json\/wp\/v2\/pages\/162\/revisions"}],"predecessor-version":[{"id":189,"href":"https:\/\/sites.wp.odu.edu\/isaac-ruano-span312\/wp-json\/wp\/v2\/pages\/162\/revisions\/189"}],"wp:attachment":[{"href":"https:\/\/sites.wp.odu.edu\/isaac-ruano-span312\/wp-json\/wp\/v2\/media?parent=162"}],"curies":[{"name":"wp","href":"https:\/\/api.w.org\/{rel}","templated":true}]}}