{"id":80,"date":"2022-12-13T02:15:03","date_gmt":"2022-12-13T02:15:03","guid":{"rendered":"https:\/\/sites.wp.odu.edu\/span330draft\/?page_id=80"},"modified":"2022-12-15T05:35:39","modified_gmt":"2022-12-15T05:35:39","slug":"un-poco-sobre-mi","status":"publish","type":"page","link":"https:\/\/sites.wp.odu.edu\/isaac-ruano-span312\/","title":{"rendered":"Un Poco Sobre M\u00ed"},"content":{"rendered":"\n<p>Soy Isaac, y bienvenido a mi ePortfolio. Llevo unos 8 a\u00f1os estudiando espa\u00f1ol, y esto es la culminaci\u00f3n de todos esos esfuerzos. Tengo varias presentaciones, algunos poemas y unas actividades para mostar lo que he aprendido en mi clase de SPAN 322<\/p>\n\n\n\n<p>Para conocerme un poco mejor, soy estudiante de tercer a\u00f1o de la universidad Old Dominion. Tengo un hermano mayor, Nicol\u00e1s, y una hermana menor, Autumn. Me gusta leer c\u00f3mics, escribir poes\u00eda, hacer programaci\u00f3n inform\u00e1tica, andar en bicicleta y aprender ideas que me retan. He vivido en Norfolk, VA desde hace un poco m\u00e1s de un a\u00f1o. Me mud\u00e9 aqu\u00ed de Covington, Virginia para asistir a mis clases, pero nac\u00ed en Philadelphia, Pennsylvania.<\/p>\n\n\n\n<p><\/p>\n\n\n\n<figure class=\"wp-block-image size-large\"><a href=\"http:\/\/sites.wp.odu.edu\/isaac-ruano-span312\/wp-content\/uploads\/sites\/31779\/2022\/12\/Screenshot_20220708-204746-1.png\"><img loading=\"lazy\" decoding=\"async\" width=\"720\" height=\"480\" src=\"https:\/\/sites.wp.odu.edu\/isaac-ruano-span312\/wp-content\/uploads\/sites\/31779\/2022\/12\/Screenshot_20220708-204746-1-edited.png\" alt=\"\" class=\"wp-image-149\" srcset=\"https:\/\/sites.wp.odu.edu\/isaac-ruano-span312\/wp-content\/uploads\/sites\/31779\/2022\/12\/Screenshot_20220708-204746-1-edited.png 720w, https:\/\/sites.wp.odu.edu\/isaac-ruano-span312\/wp-content\/uploads\/sites\/31779\/2022\/12\/Screenshot_20220708-204746-1-edited-300x200.png 300w, https:\/\/sites.wp.odu.edu\/isaac-ruano-span312\/wp-content\/uploads\/sites\/31779\/2022\/12\/Screenshot_20220708-204746-1-edited-450x300.png 450w\" sizes=\"(max-width: 720px) 100vw, 720px\" \/><\/a><figcaption><em>Aqu\u00ed tengo una foto de m\u00ed cuando era peque\u00f1o.<\/em><\/figcaption><\/figure>\n","protected":false},"excerpt":{"rendered":"<p>Soy Isaac, y bienvenido a mi ePortfolio. Llevo unos 8 a\u00f1os estudiando espa\u00f1ol, y esto es la culminaci\u00f3n de todos esos esfuerzos. Tengo varias presentaciones, algunos poemas y unas actividades para mostar lo que he aprendido en mi clase de SPAN 322 Para conocerme un poco mejor, soy estudiante de tercer a\u00f1o de la universidad&#8230; <\/p>\n<div class=\"link-more\"><a href=\"https:\/\/sites.wp.odu.edu\/isaac-ruano-span312\/\">Read More<\/a><\/div>\n","protected":false},"author":19229,"featured_media":0,"parent":0,"menu_order":0,"comment_status":"closed","ping_status":"closed","template":"","meta":{"footnotes":""},"_links":{"self":[{"href":"https:\/\/sites.wp.odu.edu\/isaac-ruano-span312\/wp-json\/wp\/v2\/pages\/80"}],"collection":[{"href":"https:\/\/sites.wp.odu.edu\/isaac-ruano-span312\/wp-json\/wp\/v2\/pages"}],"about":[{"href":"https:\/\/sites.wp.odu.edu\/isaac-ruano-span312\/wp-json\/wp\/v2\/types\/page"}],"author":[{"embeddable":true,"href":"https:\/\/sites.wp.odu.edu\/isaac-ruano-span312\/wp-json\/wp\/v2\/users\/19229"}],"replies":[{"embeddable":true,"href":"https:\/\/sites.wp.odu.edu\/isaac-ruano-span312\/wp-json\/wp\/v2\/comments?post=80"}],"version-history":[{"count":2,"href":"https:\/\/sites.wp.odu.edu\/isaac-ruano-span312\/wp-json\/wp\/v2\/pages\/80\/revisions"}],"predecessor-version":[{"id":199,"href":"https:\/\/sites.wp.odu.edu\/isaac-ruano-span312\/wp-json\/wp\/v2\/pages\/80\/revisions\/199"}],"wp:attachment":[{"href":"https:\/\/sites.wp.odu.edu\/isaac-ruano-span312\/wp-json\/wp\/v2\/media?parent=80"}],"curies":[{"name":"wp","href":"https:\/\/api.w.org\/{rel}","templated":true}]}}