{"id":94,"date":"2022-12-13T02:15:03","date_gmt":"2022-12-13T02:15:03","guid":{"rendered":"https:\/\/sites.wp.odu.edu\/span330draft\/?page_id=94"},"modified":"2022-12-15T05:13:19","modified_gmt":"2022-12-15T05:13:19","slug":"video-o-powerpoint","status":"publish","type":"page","link":"https:\/\/sites.wp.odu.edu\/isaac-ruano-span312\/video-o-powerpoint\/","title":{"rendered":"V\u00eddeo presentaciones"},"content":{"rendered":"\n<p>En esta clase, he tenido la oportunidad de hacer 3 v\u00eddeo presentaciones sobre varios aspectos de la cultura hispana, que incluyen su geograf\u00eda, su literatura y su arte.<\/p>\n\n\n\n<p>Este primer v\u00eddeo es sobre la geograf\u00eda del pa\u00eds sudamericano Chile. Aunque el pa\u00eds no es muy grande, tiene una geograf\u00eda muy variada porque se encuentra en varias zonas latitudinales. En general, es muy monto\u00f1oso. En el v\u00eddeo, finjo estar vendiendo un tipo de viaje tur\u00edstico, y presento cuatro sitos de Chile: el Valle del Elqu\u00ed, la Isla de Pascua, los Saltos de Petrohu\u00e9 y el Volc\u00e1n Osorno.<\/p>\n\n\n\n<figure class=\"wp-block-embed is-type-video is-provider-youtube wp-block-embed-youtube wp-embed-aspect-16-9 wp-has-aspect-ratio\"><div class=\"wp-block-embed__wrapper\">\n<iframe loading=\"lazy\" title=\"V\u00eddeo presentaci\u00f3n SPAN322: Un viaje en Chile\" width=\"1000\" height=\"563\" src=\"https:\/\/www.youtube.com\/embed\/ZRBOqOZNdMo?feature=oembed\" frameborder=\"0\" allow=\"accelerometer; autoplay; clipboard-write; encrypted-media; gyroscope; picture-in-picture\" allowfullscreen><\/iframe>\n<\/div><\/figure>\n\n\n\n<p>Este v\u00eddeo aqu\u00ed es una presentaci\u00f3n de un poema. El poema que recito se llama &#8220;El Anciano&#8221;, y lo escrib\u00ed yo mismo para presentarlo. El poema es sobre un anciano que est\u00e1 harto de la vida porque se siente aprisionado en el hospital en el que vive. No puede soportar el dolor que siente y el desprecio que los m\u00e9dicos sienten por \u00e9l. Adem\u00e1s, tiene un trastorno psicol\u00f3gico. Para resolver sus problemas y encontrar paz, decide quemar el hospital, matando a todos adentro.<\/p>\n\n\n\n<figure class=\"wp-block-embed is-type-video is-provider-youtube wp-block-embed-youtube wp-embed-aspect-16-9 wp-has-aspect-ratio\"><div class=\"wp-block-embed__wrapper\">\n<iframe loading=\"lazy\" title=\"SPAN 322: Presentaci\u00f3n de un poema\" width=\"1000\" height=\"563\" src=\"https:\/\/www.youtube.com\/embed\/mclpa6PZEWs?feature=oembed\" frameborder=\"0\" allow=\"accelerometer; autoplay; clipboard-write; encrypted-media; gyroscope; picture-in-picture\" allowfullscreen><\/iframe>\n<\/div><\/figure>\n\n\n\n<p>Aqu\u00ed est\u00e1 el poema que recit\u00e9 para el v\u00eddeo anterior.<\/p>\n\n\n<a href=\"https:\/\/sites.wp.odu.edu\/isaac-ruano-span312\/wp-content\/uploads\/sites\/31779\/2022\/12\/El-Anciano.pdf\" class=\"pdfemb-viewer\" style=\"\" data-width=\"max\" data-height=\"max\"  data-toolbar=\"bottom\" data-toolbar-fixed=\"off\">El-Anciano<br\/><\/a>\n<p class=\"wp-block-pdfemb-pdf-embedder-viewer\"><\/p>\n\n\n\n<p>Este v\u00eddeo aqu\u00ed es una presentaci\u00f3n sobre el artista colombiano Fernando Botero, quien tiene un estilo muy \u00fanico llamado &#8220;boterismo&#8221;. En el v\u00eddeo ver\u00e1s que todas sus formas de arte tienen figuras con proporciones muy gruesas y redondas. Es un hombre importante en la cultura hispana porque promueve los tama\u00f1os m\u00e1s grandes aunque la sociedad tiende a valorar m\u00e1s la delgadez.<\/p>\n\n\n\n<figure class=\"wp-block-embed is-type-video is-provider-youtube wp-block-embed-youtube wp-embed-aspect-16-9 wp-has-aspect-ratio\"><div class=\"wp-block-embed__wrapper\">\n<iframe loading=\"lazy\" title=\"Presentaci\u00f3n de Fernando Botero\" width=\"1000\" height=\"563\" src=\"https:\/\/www.youtube.com\/embed\/djJk8ajkIOM?feature=oembed\" frameborder=\"0\" allow=\"accelerometer; autoplay; clipboard-write; encrypted-media; gyroscope; picture-in-picture\" allowfullscreen><\/iframe>\n<\/div><\/figure>\n\n\n\n<p>\u2029<\/p>\n","protected":false},"excerpt":{"rendered":"<p>En esta clase, he tenido la oportunidad de hacer 3 v\u00eddeo presentaciones sobre varios aspectos de la cultura hispana, que incluyen su geograf\u00eda, su literatura y su arte. Este primer v\u00eddeo es sobre la geograf\u00eda del pa\u00eds sudamericano Chile. Aunque el pa\u00eds no es muy grande, tiene una geograf\u00eda muy variada porque se encuentra en&#8230; <\/p>\n<div class=\"link-more\"><a href=\"https:\/\/sites.wp.odu.edu\/isaac-ruano-span312\/video-o-powerpoint\/\">Read More<\/a><\/div>\n","protected":false},"author":19229,"featured_media":0,"parent":0,"menu_order":0,"comment_status":"closed","ping_status":"closed","template":"","meta":{"footnotes":""},"_links":{"self":[{"href":"https:\/\/sites.wp.odu.edu\/isaac-ruano-span312\/wp-json\/wp\/v2\/pages\/94"}],"collection":[{"href":"https:\/\/sites.wp.odu.edu\/isaac-ruano-span312\/wp-json\/wp\/v2\/pages"}],"about":[{"href":"https:\/\/sites.wp.odu.edu\/isaac-ruano-span312\/wp-json\/wp\/v2\/types\/page"}],"author":[{"embeddable":true,"href":"https:\/\/sites.wp.odu.edu\/isaac-ruano-span312\/wp-json\/wp\/v2\/users\/19229"}],"replies":[{"embeddable":true,"href":"https:\/\/sites.wp.odu.edu\/isaac-ruano-span312\/wp-json\/wp\/v2\/comments?post=94"}],"version-history":[{"count":4,"href":"https:\/\/sites.wp.odu.edu\/isaac-ruano-span312\/wp-json\/wp\/v2\/pages\/94\/revisions"}],"predecessor-version":[{"id":195,"href":"https:\/\/sites.wp.odu.edu\/isaac-ruano-span312\/wp-json\/wp\/v2\/pages\/94\/revisions\/195"}],"wp:attachment":[{"href":"https:\/\/sites.wp.odu.edu\/isaac-ruano-span312\/wp-json\/wp\/v2\/media?parent=94"}],"curies":[{"name":"wp","href":"https:\/\/api.w.org\/{rel}","templated":true}]}}