{"id":116,"date":"2023-12-12T15:12:02","date_gmt":"2023-12-12T15:12:02","guid":{"rendered":"https:\/\/sites.wp.odu.edu\/span330draft\/?page_id=116"},"modified":"2023-12-12T19:57:10","modified_gmt":"2023-12-12T19:57:10","slug":"ensayo-de-reflexion","status":"publish","type":"page","link":"https:\/\/sites.wp.odu.edu\/isaacruanospan407\/ensayo-de-reflexion\/","title":{"rendered":"Ensayo de Reflexi\u00f3n"},"content":{"rendered":"\n<p>Al final de esta clase, hicimos un ensayo de reflexi\u00f3n para mostrar lo que aprendimos en esta clase y c\u00f3mo nos ayudar\u00e1 en el futuro. Aqu\u00ed est\u00e1 mi ensayo de reflexi\u00f3n. Hablo de c\u00f3mo ha cambiado c\u00f3mo pienso en la traducci\u00f3n y c\u00f3mo abordo nuevos textos.<\/p>\n\n\n\n<p>En resumen, el ensayo dice que esta clase me ha ense\u00f1ado a leer m\u00e1s atentamente y a comprender el contexto hist\u00f3rico de un texto antes de leerlo, me ha ense\u00f1ado a adaptar mi escritura para mantener las convenciones de cualquier g\u00e9nero de texto y me ha ense\u00f1ado a encontrar nuevas maneras de expresarme m\u00e1s precisamente o de una manera m\u00e1s comprensible.<\/p>\n\n\n<a href=\"https:\/\/sites.wp.odu.edu\/isaacruanospan407\/wp-content\/uploads\/sites\/34998\/2023\/12\/Ensayo-de-reflexion-SPAN-407-Isaac-R.pdf\" class=\"pdfemb-viewer\" style=\"\" data-width=\"max\" data-height=\"max\"  data-toolbar=\"bottom\" data-toolbar-fixed=\"off\">Ensayo-de-reflexion-SPAN-407-Isaac-R<br\/><\/a>\n<p class=\"wp-block-pdfemb-pdf-embedder-viewer\"><\/p>\n","protected":false},"excerpt":{"rendered":"<p>Al final de esta clase, hicimos un ensayo de reflexi\u00f3n para mostrar lo que aprendimos en esta clase y c\u00f3mo nos ayudar\u00e1 en el futuro. Aqu\u00ed est\u00e1 mi ensayo de reflexi\u00f3n. Hablo de c\u00f3mo ha cambiado c\u00f3mo pienso en la traducci\u00f3n y c\u00f3mo abordo nuevos textos. En resumen, el ensayo dice que esta clase me&#8230; <\/p>\n<div class=\"link-more\"><a href=\"https:\/\/sites.wp.odu.edu\/isaacruanospan407\/ensayo-de-reflexion\/\">Read More<\/a><\/div>\n","protected":false},"author":19229,"featured_media":0,"parent":0,"menu_order":0,"comment_status":"closed","ping_status":"closed","template":"","meta":{"footnotes":""},"_links":{"self":[{"href":"https:\/\/sites.wp.odu.edu\/isaacruanospan407\/wp-json\/wp\/v2\/pages\/116"}],"collection":[{"href":"https:\/\/sites.wp.odu.edu\/isaacruanospan407\/wp-json\/wp\/v2\/pages"}],"about":[{"href":"https:\/\/sites.wp.odu.edu\/isaacruanospan407\/wp-json\/wp\/v2\/types\/page"}],"author":[{"embeddable":true,"href":"https:\/\/sites.wp.odu.edu\/isaacruanospan407\/wp-json\/wp\/v2\/users\/19229"}],"replies":[{"embeddable":true,"href":"https:\/\/sites.wp.odu.edu\/isaacruanospan407\/wp-json\/wp\/v2\/comments?post=116"}],"version-history":[{"count":5,"href":"https:\/\/sites.wp.odu.edu\/isaacruanospan407\/wp-json\/wp\/v2\/pages\/116\/revisions"}],"predecessor-version":[{"id":189,"href":"https:\/\/sites.wp.odu.edu\/isaacruanospan407\/wp-json\/wp\/v2\/pages\/116\/revisions\/189"}],"wp:attachment":[{"href":"https:\/\/sites.wp.odu.edu\/isaacruanospan407\/wp-json\/wp\/v2\/media?parent=116"}],"curies":[{"name":"wp","href":"https:\/\/api.w.org\/{rel}","templated":true}]}}