{"id":116,"date":"2023-12-13T20:53:18","date_gmt":"2023-12-13T20:53:18","guid":{"rendered":"https:\/\/sites.wp.odu.edu\/span330draft\/?page_id=116"},"modified":"2023-12-14T14:48:09","modified_gmt":"2023-12-14T14:48:09","slug":"ensayo-de-reflexion","status":"publish","type":"page","link":"https:\/\/sites.wp.odu.edu\/isaacruanospan475w\/ensayo-de-reflexion\/","title":{"rendered":"Ensayo de Reflexi\u00f3n"},"content":{"rendered":"\n<p>En esta clase, tuve que hacer un ensayo de reflexi\u00f3n para mostrar lo que aprend\u00ed este semestre y c\u00f3mo me ayudar\u00e1 en el futuro. En el ensayo, hablo de c\u00f3mo la clase SPAN 475W ha cambiado c\u00f3mo escribo los ensayos y c\u00f3mo pienso.<\/p>\n\n\n\n<p>Para resumir el ensayo, hablo de lo que aprend\u00ed de los libros de la clase, hablo de c\u00f3mo mi proceso de escribir un ensayo ha cambiado, comparo esta clase con mi clase CS 121G y digo que esta clase me ha ense\u00f1ado a clarificar lo que pienso, lo que creo y lo que s\u00e9.<\/p>\n\n\n<a href=\"https:\/\/sites.wp.odu.edu\/isaacruanospan475w\/wp-content\/uploads\/sites\/35010\/2023\/12\/Ensayo-de-reflexion-SPAN-475W-Isaac-R.pdf\" class=\"pdfemb-viewer\" style=\"\" data-width=\"max\" data-height=\"max\"  data-toolbar=\"bottom\" data-toolbar-fixed=\"off\">Ensayo-de-reflexion-SPAN-475W-Isaac-R<br\/><\/a>\n<p class=\"wp-block-pdfemb-pdf-embedder-viewer\"><\/p>\n","protected":false},"excerpt":{"rendered":"<p>En esta clase, tuve que hacer un ensayo de reflexi\u00f3n para mostrar lo que aprend\u00ed este semestre y c\u00f3mo me ayudar\u00e1 en el futuro. En el ensayo, hablo de c\u00f3mo la clase SPAN 475W ha cambiado c\u00f3mo escribo los ensayos y c\u00f3mo pienso. Para resumir el ensayo, hablo de lo que aprend\u00ed de los libros&#8230; <\/p>\n<div class=\"link-more\"><a href=\"https:\/\/sites.wp.odu.edu\/isaacruanospan475w\/ensayo-de-reflexion\/\">Read More<\/a><\/div>\n","protected":false},"author":19229,"featured_media":0,"parent":0,"menu_order":0,"comment_status":"closed","ping_status":"closed","template":"","meta":{"footnotes":""},"_links":{"self":[{"href":"https:\/\/sites.wp.odu.edu\/isaacruanospan475w\/wp-json\/wp\/v2\/pages\/116"}],"collection":[{"href":"https:\/\/sites.wp.odu.edu\/isaacruanospan475w\/wp-json\/wp\/v2\/pages"}],"about":[{"href":"https:\/\/sites.wp.odu.edu\/isaacruanospan475w\/wp-json\/wp\/v2\/types\/page"}],"author":[{"embeddable":true,"href":"https:\/\/sites.wp.odu.edu\/isaacruanospan475w\/wp-json\/wp\/v2\/users\/19229"}],"replies":[{"embeddable":true,"href":"https:\/\/sites.wp.odu.edu\/isaacruanospan475w\/wp-json\/wp\/v2\/comments?post=116"}],"version-history":[{"count":4,"href":"https:\/\/sites.wp.odu.edu\/isaacruanospan475w\/wp-json\/wp\/v2\/pages\/116\/revisions"}],"predecessor-version":[{"id":199,"href":"https:\/\/sites.wp.odu.edu\/isaacruanospan475w\/wp-json\/wp\/v2\/pages\/116\/revisions\/199"}],"wp:attachment":[{"href":"https:\/\/sites.wp.odu.edu\/isaacruanospan475w\/wp-json\/wp\/v2\/media?parent=116"}],"curies":[{"name":"wp","href":"https:\/\/api.w.org\/{rel}","templated":true}]}}