{"id":80,"date":"2023-12-13T20:53:18","date_gmt":"2023-12-13T20:53:18","guid":{"rendered":"https:\/\/sites.wp.odu.edu\/span330draft\/?page_id=80"},"modified":"2023-12-14T14:11:42","modified_gmt":"2023-12-14T14:11:42","slug":"un-poco-sobre-mi","status":"publish","type":"page","link":"https:\/\/sites.wp.odu.edu\/isaacruanospan475w\/","title":{"rendered":"SPAN 475W"},"content":{"rendered":"\n<p>\u00a1Hola, soy Isaac! Llevo m\u00e1s de 7 a\u00f1os estudiando el espa\u00f1ol, y quiero compartir la culminaci\u00f3n de todos esos estudios en este sitio. La clase SPAN 475W me ha ense\u00f1ado informaci\u00f3n valiosa sobre el proceso de escribir un ensayo. Me mostr\u00f3 4 ensayos que dividen el trabajo de escribir un ensayo final en partes menos abrumantes. Adem\u00e1s de eso, esta clase me ha ense\u00f1ado a clarificar lo que pienso, lo que creo y lo que s\u00e9 sobre un tema, y me ha dado pr\u00e1ctica para hacer presentaciones de v\u00eddeo. Voy a compartir todo eso en este e-Portfolio.<\/p>\n\n\n<div class=\"wp-block-image is-style-rounded\">\n<figure class=\"aligncenter size-large is-resized\"><a href=\"https:\/\/sites.wp.odu.edu\/isaacruanospan475w\/wp-content\/uploads\/sites\/35010\/2023\/12\/IMG_20231212_143205462_HDR-rotated.jpg\"><img loading=\"lazy\" decoding=\"async\" src=\"https:\/\/sites.wp.odu.edu\/isaacruanospan475w\/wp-content\/uploads\/sites\/35010\/2023\/12\/IMG_20231212_143205462_HDR-768x1024.jpg\" alt=\"\" class=\"wp-image-158\" width=\"202\" height=\"269\" srcset=\"https:\/\/sites.wp.odu.edu\/isaacruanospan475w\/wp-content\/uploads\/sites\/35010\/2023\/12\/IMG_20231212_143205462_HDR-768x1024.jpg 768w, https:\/\/sites.wp.odu.edu\/isaacruanospan475w\/wp-content\/uploads\/sites\/35010\/2023\/12\/IMG_20231212_143205462_HDR-225x300.jpg 225w, https:\/\/sites.wp.odu.edu\/isaacruanospan475w\/wp-content\/uploads\/sites\/35010\/2023\/12\/IMG_20231212_143205462_HDR-1152x1536.jpg 1152w, https:\/\/sites.wp.odu.edu\/isaacruanospan475w\/wp-content\/uploads\/sites\/35010\/2023\/12\/IMG_20231212_143205462_HDR-1536x2048.jpg 1536w, https:\/\/sites.wp.odu.edu\/isaacruanospan475w\/wp-content\/uploads\/sites\/35010\/2023\/12\/IMG_20231212_143205462_HDR-630x840.jpg 630w, https:\/\/sites.wp.odu.edu\/isaacruanospan475w\/wp-content\/uploads\/sites\/35010\/2023\/12\/IMG_20231212_143205462_HDR-960x1280.jpg 960w, https:\/\/sites.wp.odu.edu\/isaacruanospan475w\/wp-content\/uploads\/sites\/35010\/2023\/12\/IMG_20231212_143205462_HDR-rotated.jpg 1728w\" sizes=\"(max-width: 202px) 100vw, 202px\" \/><\/a><\/figure><\/div>","protected":false},"excerpt":{"rendered":"<p>\u00a1Hola, soy Isaac! Llevo m\u00e1s de 7 a\u00f1os estudiando el espa\u00f1ol, y quiero compartir la culminaci\u00f3n de todos esos estudios en este sitio. La clase SPAN 475W me ha ense\u00f1ado informaci\u00f3n valiosa sobre el proceso de escribir un ensayo. Me mostr\u00f3 4 ensayos que dividen el trabajo de escribir un ensayo final en partes menos&#8230; <\/p>\n<div class=\"link-more\"><a href=\"https:\/\/sites.wp.odu.edu\/isaacruanospan475w\/\">Read More<\/a><\/div>\n","protected":false},"author":19229,"featured_media":0,"parent":0,"menu_order":0,"comment_status":"closed","ping_status":"closed","template":"","meta":{"footnotes":""},"_links":{"self":[{"href":"https:\/\/sites.wp.odu.edu\/isaacruanospan475w\/wp-json\/wp\/v2\/pages\/80"}],"collection":[{"href":"https:\/\/sites.wp.odu.edu\/isaacruanospan475w\/wp-json\/wp\/v2\/pages"}],"about":[{"href":"https:\/\/sites.wp.odu.edu\/isaacruanospan475w\/wp-json\/wp\/v2\/types\/page"}],"author":[{"embeddable":true,"href":"https:\/\/sites.wp.odu.edu\/isaacruanospan475w\/wp-json\/wp\/v2\/users\/19229"}],"replies":[{"embeddable":true,"href":"https:\/\/sites.wp.odu.edu\/isaacruanospan475w\/wp-json\/wp\/v2\/comments?post=80"}],"version-history":[{"count":5,"href":"https:\/\/sites.wp.odu.edu\/isaacruanospan475w\/wp-json\/wp\/v2\/pages\/80\/revisions"}],"predecessor-version":[{"id":195,"href":"https:\/\/sites.wp.odu.edu\/isaacruanospan475w\/wp-json\/wp\/v2\/pages\/80\/revisions\/195"}],"wp:attachment":[{"href":"https:\/\/sites.wp.odu.edu\/isaacruanospan475w\/wp-json\/wp\/v2\/media?parent=80"}],"curies":[{"name":"wp","href":"https:\/\/api.w.org\/{rel}","templated":true}]}}