{"id":84,"date":"2023-12-13T20:53:18","date_gmt":"2023-12-13T20:53:18","guid":{"rendered":"https:\/\/sites.wp.odu.edu\/span330draft\/?page_id=84"},"modified":"2023-12-14T13:57:51","modified_gmt":"2023-12-14T13:57:51","slug":"el-proceso-los-ensayos","status":"publish","type":"page","link":"https:\/\/sites.wp.odu.edu\/isaacruanospan475w\/el-proceso-los-ensayos\/","title":{"rendered":"El Proceso \/ Los Ensayos"},"content":{"rendered":"\n<p>Aqu\u00ed est\u00e1 el proceso total de lo que hemos hecho en esta clase. Hemos escrito 4 ensayos menos el ensayo final en esta clase. Adem\u00e1s de eso, creamos un videopresentaci\u00f3n que tengo en otra secci\u00f3n. Esto es m\u00e1s o menos lo que hicimos.<\/p>\n\n\n\n<ol>\n<li><strong>Prospectus<\/strong> &#8211; Un ensayo para encontrar un tema y para describir qu\u00e9 quiere lograr el ensayo o qu\u00e9 informaci\u00f3n quiere encontrar\n<ul>\n<li>En este ensayo aprend\u00ed qu\u00e9 informaci\u00f3n es importante a la hora de seleccionar un tema.<\/li>\n<\/ul>\n<\/li>\n\n\n\n<li><strong>Bibliograf\u00eda anotada<\/strong> &#8211; Un ensayo que muestra las posibles fuentes que se pueden usar para abordar las preguntas del ensayo principal\n<ul>\n<li>En este ensayo aprend\u00ed reglas para elegir fuentes y para organizar la informaci\u00f3n de estas fuentes. Tuve que encontrar fuentes con la informaci\u00f3n que necesitaba, escribir la informaci\u00f3n de esas fuentes y explicar para qu\u00e9 serv\u00edan para el ensayo.<\/li>\n\n\n\n<li>Hice investigaciones y empec\u00e9 a desarrollar las ideas para el ensayo.<\/li>\n<\/ul>\n<\/li>\n\n\n\n<li><strong>Ensayo de clarificaci\u00f3n<\/strong> &#8211; Un ensayo que analiza las ideas de otro ensayo para sacar informaci\u00f3n del ensayo y para clarificar en qu\u00e9 puntos coinciden las creencias del autor del otro ensayo y las creencias del escritor del ensayo de clarificaci\u00f3n\n<ul>\n<li>En este ensayo, aprend\u00ed a distinguir entre lo que pienso, lo que creo y lo que s\u00e9 sobre el tema del que escribo.<\/li>\n\n\n\n<li>Tuve que usar toda la informaci\u00f3n que ten\u00eda para sacar mis propias conclusiones para el ensayo final. Este ensayo ayud\u00f3 a clarificar la informaci\u00f3n.<\/li>\n<\/ul>\n<\/li>\n\n\n\n<li><strong>Borrador<\/strong> &#8211; Una representaci\u00f3n bruta del ensayo final\n<ul>\n<li>En este ensayo, intent\u00e9 poner mis ideas en una forma comprensible y coherente. La meta de este ensayo era juntar todas mis ideas y llegar a conclusiones de ellas y recibir comentarios y sugerencias para mejorarlo.<\/li>\n\n\n\n<li>No ten\u00eda que ser un ensayo perfecto; ten\u00eda que mostrar la l\u00f3gica de mi ensayo de una manera comprensible.<\/li>\n<\/ul>\n<\/li>\n<\/ol>\n\n\n\n<hr class=\"wp-block-separator has-alpha-channel-opacity is-style-default\" \/>\n\n\n\n<p>Aqu\u00ed tengo todos los ensayos que hice. Para los ensayos, decid\u00ed argumentar que los OMGs son beneficiosos para la sociedad. Tengo un esqueleto general de las ideas de estos ensayos en la p\u00e1gina con el ensayo final.<\/p>\n\n\n\n<p class=\"has-text-align-center\">El Prospectus<\/p>\n\n\n<a href=\"https:\/\/sites.wp.odu.edu\/isaacruanospan475w\/wp-content\/uploads\/sites\/35010\/2023\/12\/Contract-Proposal-Prospectus.pdf\" class=\"pdfemb-viewer\" style=\"\" data-width=\"max\" data-height=\"max\"  data-toolbar=\"bottom\" data-toolbar-fixed=\"off\">Contract-Proposal-Prospectus<br\/><\/a>\n<p class=\"wp-block-pdfemb-pdf-embedder-viewer\"><\/p>\n\n\n\n<p class=\"has-text-align-center\">La Bibliograf\u00eda Anotada<\/p>\n\n\n<a href=\"https:\/\/sites.wp.odu.edu\/isaacruanospan475w\/wp-content\/uploads\/sites\/35010\/2023\/12\/Bigliografia-anotada-con-bullets.pdf\" class=\"pdfemb-viewer\" style=\"\" data-width=\"max\" data-height=\"max\"  data-toolbar=\"bottom\" data-toolbar-fixed=\"off\">Bigliografia-anotada-con-bullets<br\/><\/a>\n<p class=\"wp-block-pdfemb-pdf-embedder-viewer\"><\/p>\n\n\n\n<p class=\"has-text-align-center\">El Ensayo de Clarificaci\u00f3n<\/p>\n\n\n<a href=\"https:\/\/sites.wp.odu.edu\/isaacruanospan475w\/wp-content\/uploads\/sites\/35010\/2023\/12\/Ensayo-de-clarificacion-Isaac-R-SPAN-475.pdf\" class=\"pdfemb-viewer\" style=\"\" data-width=\"max\" data-height=\"max\"  data-toolbar=\"bottom\" data-toolbar-fixed=\"off\">Ensayo-de-clarificacion-Isaac-R-SPAN-475<br\/><\/a>\n<p class=\"wp-block-pdfemb-pdf-embedder-viewer\"><\/p>\n\n\n\n<p class=\"has-text-align-center\">El Borrador<\/p>\n\n\n<a href=\"https:\/\/sites.wp.odu.edu\/isaacruanospan475w\/wp-content\/uploads\/sites\/35010\/2023\/12\/Borrador-Isaac-R-SPAN-475W.pdf\" class=\"pdfemb-viewer\" style=\"\" data-width=\"max\" data-height=\"max\"  data-toolbar=\"bottom\" data-toolbar-fixed=\"off\">Borrador-Isaac-R-SPAN-475W<br\/><\/a>\n<p class=\"wp-block-pdfemb-pdf-embedder-viewer\"><\/p>\n","protected":false},"excerpt":{"rendered":"<p>Aqu\u00ed est\u00e1 el proceso total de lo que hemos hecho en esta clase. Hemos escrito 4 ensayos menos el ensayo final en esta clase. Adem\u00e1s de eso, creamos un videopresentaci\u00f3n que tengo en otra secci\u00f3n. Esto es m\u00e1s o menos lo que hicimos. Aqu\u00ed tengo todos los ensayos que hice. Para los ensayos, decid\u00ed argumentar&#8230; <\/p>\n<div class=\"link-more\"><a href=\"https:\/\/sites.wp.odu.edu\/isaacruanospan475w\/el-proceso-los-ensayos\/\">Read More<\/a><\/div>\n","protected":false},"author":19229,"featured_media":0,"parent":0,"menu_order":0,"comment_status":"closed","ping_status":"closed","template":"","meta":{"footnotes":""},"_links":{"self":[{"href":"https:\/\/sites.wp.odu.edu\/isaacruanospan475w\/wp-json\/wp\/v2\/pages\/84"}],"collection":[{"href":"https:\/\/sites.wp.odu.edu\/isaacruanospan475w\/wp-json\/wp\/v2\/pages"}],"about":[{"href":"https:\/\/sites.wp.odu.edu\/isaacruanospan475w\/wp-json\/wp\/v2\/types\/page"}],"author":[{"embeddable":true,"href":"https:\/\/sites.wp.odu.edu\/isaacruanospan475w\/wp-json\/wp\/v2\/users\/19229"}],"replies":[{"embeddable":true,"href":"https:\/\/sites.wp.odu.edu\/isaacruanospan475w\/wp-json\/wp\/v2\/comments?post=84"}],"version-history":[{"count":4,"href":"https:\/\/sites.wp.odu.edu\/isaacruanospan475w\/wp-json\/wp\/v2\/pages\/84\/revisions"}],"predecessor-version":[{"id":190,"href":"https:\/\/sites.wp.odu.edu\/isaacruanospan475w\/wp-json\/wp\/v2\/pages\/84\/revisions\/190"}],"wp:attachment":[{"href":"https:\/\/sites.wp.odu.edu\/isaacruanospan475w\/wp-json\/wp\/v2\/media?parent=84"}],"curies":[{"name":"wp","href":"https:\/\/api.w.org\/{rel}","templated":true}]}}