{"id":173,"date":"2023-03-27T14:06:06","date_gmt":"2023-03-27T14:06:06","guid":{"rendered":"https:\/\/wp.odu.edu\/odupresentationtemplate\/?page_id=2"},"modified":"2023-04-24T20:07:17","modified_gmt":"2023-04-24T20:07:17","slug":"sample-page-2","status":"publish","type":"page","link":"https:\/\/sites.wp.odu.edu\/jonesspanish2023\/","title":{"rendered":"Home"},"content":{"rendered":"\n<p class=\"has-text-align-left\">\u00a1Hola! Mi nombre es Jaidan Jones. Me estoy especializando en Ciberseguridad y Cibercrimen. Planeo ser un forense forense digital para el gobierno despu\u00e9s de graduarme en 2025. Me gusta pintar, cocinar y ver viejos programas de televisi\u00f3n y pel\u00edculas. Estoy tomando diecis\u00e9is cr\u00e9ditos este semestre que incluyeron seis clases. Sol\u00eda trabajar como socorrista para mi condado durante cuatro a\u00f1os. Yo sol\u00eda trabajar para el lavado de autos de mi padre llamado E&amp;T.<\/p>\n\n\n\n<p class=\"has-text-align-left\">Mi aceptaron en Old Dominion en 2021. Yo era originalmente un especialista en Justicia Criminal, pero despu\u00e9s de cambiar de especializaci\u00f3n me apeg\u00e9 a la ciberseguridad y agrego el cibercrimen como una segunda especialidad. Soy trabajadora, generosa, creativa e introvertida. Paso mi tiempo libre trabajando, saliendo con mi incre\u00edble boyriend o en eventos de soroity. Estoy en una sorotiy llamada Delta Alfa XI. Estudiante trabajador y yo hacemos calificaciones aprobatorias. Me gusta ser voluntario para ayudar a cualquier persona necesitada.<\/p>\n\n\n\n<h2 class=\"wp-block-heading\"><strong>Resume<\/strong><\/h2>\n\n\n\n<p>Trabaj\u00e9 para el lavado de autos de mi padre llamado E&amp;T Casrwash durante 4 a\u00f1os.<\/p>\n\n\n\n<p>Trabaj\u00e9 en el Centro Acu\u00e1tico PWCS como salvavidas en mi ciudad natal durante tres a\u00f1os.<\/p>\n\n\n\n<p>Soy voluntaria con mi hermana de la hermandad para amigos de Tidewater y cuidado de crianza. <\/p>\n\n\n\n<p>Soy una doble especializaci\u00f3n en Ciberseguridad y Cibercrimen en Old Dominion University.<\/p>\n\n\n\n<p>Estoy en una organizaci\u00f3n de hermandad llamada Alpha Xi Delta.<\/p>\n\n\n\n<p><\/p>\n\n\n\n<h2 class=\"wp-block-heading\"><strong>Awards and Recognitions <\/strong><\/h2>\n\n\n\n<p>Sol\u00eda tener un GPA de 3.4 el semestre pasado y fui iniciado en una sociedad de honor. Mi sociedad de honor se llama la Sociedad Nacional de Liderazgo y \u00c9xito. No tengo ning\u00fan premio, pero espero que en el futuro obtenga reconocimiento por mi arduo trabajo y obtenga becas. Antes de dar mi gracia, planeo entrar en al menos dos sociedades de honor m\u00e1s.<\/p>\n\n\n\n<h2 class=\"wp-block-heading\"><strong>Contact Me <\/strong><\/h2>\n\n\n\n<p>Puede ponerse en contacto conmigo por correo electr\u00f3nico en jjone224-odu.edu.<\/p>\n\n\n\n<p><\/p>\n\n\n\n<h2 class=\"wp-block-heading\"><strong>Activities <\/strong><\/h2>\n\n\n\n<p>Voulnteer para Tidewater Friends y Fostercare.<\/p>\n\n\n\n<p>Estoy en una organizaci\u00f3n llamada Alpha Xi Delta.<\/p>\n\n\n\n<p>Ayuda a recaudar fondos para Alpha Xi Delta en Old Dominion University.<\/p>\n\n\n\n<p><a rel=\"noreferrer noopener\" href=\"http:\/\/aka.ms\/MicrosoftTranslatorAttribution\" target=\"_blank\"><\/a><\/p>\n","protected":false},"excerpt":{"rendered":"<p>\u00a1Hola! Mi nombre es Jaidan Jones. Me estoy especializando en Ciberseguridad y Cibercrimen. Planeo ser un forense forense digital para el gobierno despu\u00e9s de graduarme en 2025. Me gusta pintar, cocinar y ver viejos programas de televisi\u00f3n y pel\u00edculas. Estoy tomando diecis\u00e9is cr\u00e9ditos este semestre que incluyeron seis clases. Sol\u00eda trabajar como socorrista para mi&#8230; <\/p>\n<div class=\"link-more\"><a href=\"https:\/\/sites.wp.odu.edu\/jonesspanish2023\/\">Read More<\/a><\/div>\n","protected":false},"author":26101,"featured_media":0,"parent":0,"menu_order":0,"comment_status":"closed","ping_status":"open","template":"","meta":{"footnotes":""},"_links":{"self":[{"href":"https:\/\/sites.wp.odu.edu\/jonesspanish2023\/wp-json\/wp\/v2\/pages\/173"}],"collection":[{"href":"https:\/\/sites.wp.odu.edu\/jonesspanish2023\/wp-json\/wp\/v2\/pages"}],"about":[{"href":"https:\/\/sites.wp.odu.edu\/jonesspanish2023\/wp-json\/wp\/v2\/types\/page"}],"author":[{"embeddable":true,"href":"https:\/\/sites.wp.odu.edu\/jonesspanish2023\/wp-json\/wp\/v2\/users\/26101"}],"replies":[{"embeddable":true,"href":"https:\/\/sites.wp.odu.edu\/jonesspanish2023\/wp-json\/wp\/v2\/comments?post=173"}],"version-history":[{"count":5,"href":"https:\/\/sites.wp.odu.edu\/jonesspanish2023\/wp-json\/wp\/v2\/pages\/173\/revisions"}],"predecessor-version":[{"id":496,"href":"https:\/\/sites.wp.odu.edu\/jonesspanish2023\/wp-json\/wp\/v2\/pages\/173\/revisions\/496"}],"wp:attachment":[{"href":"https:\/\/sites.wp.odu.edu\/jonesspanish2023\/wp-json\/wp\/v2\/media?parent=173"}],"curies":[{"name":"wp","href":"https:\/\/api.w.org\/{rel}","templated":true}]}}