{"id":474,"date":"2024-01-22T17:09:00","date_gmt":"2024-01-22T17:09:00","guid":{"rendered":"https:\/\/wp.odu.edu\/spring2017-fr102-template\/?page_id=474"},"modified":"2024-04-21T22:20:29","modified_gmt":"2024-04-21T22:20:29","slug":"bio","status":"publish","type":"page","link":"https:\/\/sites.wp.odu.edu\/jordannarcissefrench102\/bio\/","title":{"rendered":"Bio"},"content":{"rendered":"<p>Je m&#8217;appelle Jordan, j&#8217;ai vingt ans, et je suis am\u00e9ricaine. J&#8217;ai les cheveux noirs et les yeux noirs. Je suis intelligente, amusante, s\u00e9rieuse, et gentille (de temps en temps). Ma nourriture favorite est chocolat et j&#8217;adore surfer l&#8217;internet. Je fais une promenade avec mon chien et j&#8217;aime jouer aux jeux videos. J&#8217;habite avec ma m\u00e8re, mon p\u00e8re, mon fr\u00e8re, et mon chien en habitant chez moi. Ma maison n&#8217;est pas grande ou petite, et c&#8217;est pr\u00e8s la centre-ville. Je ne travaille pas maintenant, mais je suis \u00e9tudiante. J&#8217;\u00e9tudie la sociologie devenir une avocate \u00e0 l&#8217;avenir.<\/p>\n","protected":false},"excerpt":{"rendered":"<p>Je m&#8217;appelle Jordan, j&#8217;ai vingt ans, et je suis am\u00e9ricaine. J&#8217;ai les cheveux noirs et les yeux noirs. Je suis intelligente, amusante, s\u00e9rieuse, et gentille (de temps en temps). Ma nourriture favorite est chocolat et j&#8217;adore surfer l&#8217;internet. Je fais une promenade avec mon chien et j&#8217;aime jouer aux jeux videos. J&#8217;habite avec ma m\u00e8re, &hellip; <\/p>\n<p><a class=\"more-link btn\" href=\"https:\/\/sites.wp.odu.edu\/jordannarcissefrench102\/bio\/\">Continue reading<\/a><\/p>\n","protected":false},"author":28499,"featured_media":0,"parent":0,"menu_order":0,"comment_status":"closed","ping_status":"closed","template":"","meta":{"footnotes":""},"_links":{"self":[{"href":"https:\/\/sites.wp.odu.edu\/jordannarcissefrench102\/wp-json\/wp\/v2\/pages\/474"}],"collection":[{"href":"https:\/\/sites.wp.odu.edu\/jordannarcissefrench102\/wp-json\/wp\/v2\/pages"}],"about":[{"href":"https:\/\/sites.wp.odu.edu\/jordannarcissefrench102\/wp-json\/wp\/v2\/types\/page"}],"author":[{"embeddable":true,"href":"https:\/\/sites.wp.odu.edu\/jordannarcissefrench102\/wp-json\/wp\/v2\/users\/28499"}],"replies":[{"embeddable":true,"href":"https:\/\/sites.wp.odu.edu\/jordannarcissefrench102\/wp-json\/wp\/v2\/comments?post=474"}],"version-history":[{"count":5,"href":"https:\/\/sites.wp.odu.edu\/jordannarcissefrench102\/wp-json\/wp\/v2\/pages\/474\/revisions"}],"predecessor-version":[{"id":661,"href":"https:\/\/sites.wp.odu.edu\/jordannarcissefrench102\/wp-json\/wp\/v2\/pages\/474\/revisions\/661"}],"wp:attachment":[{"href":"https:\/\/sites.wp.odu.edu\/jordannarcissefrench102\/wp-json\/wp\/v2\/media?parent=474"}],"curies":[{"name":"wp","href":"https:\/\/api.w.org\/{rel}","templated":true}]}}