{"id":505,"date":"2024-01-22T17:09:00","date_gmt":"2024-01-22T17:09:00","guid":{"rendered":"https:\/\/wp.odu.edu\/spring2017-fr102-template\/?page_id=505"},"modified":"2024-04-22T00:24:43","modified_gmt":"2024-04-22T00:24:43","slug":"forum-de-discussion","status":"publish","type":"page","link":"https:\/\/sites.wp.odu.edu\/jordannarcissefrench102\/forum-de-discussion\/","title":{"rendered":"Forum de Discussion"},"content":{"rendered":"\n<figure class=\"wp-block-image size-large\"><img loading=\"lazy\" decoding=\"async\" width=\"1024\" height=\"183\" src=\"https:\/\/sites.wp.odu.edu\/jordannarcissefrench102\/wp-content\/uploads\/sites\/35580\/2024\/04\/Forum-1-1024x183.png\" alt=\"\" class=\"wp-image-664\" srcset=\"https:\/\/sites.wp.odu.edu\/jordannarcissefrench102\/wp-content\/uploads\/sites\/35580\/2024\/04\/Forum-1-1024x183.png 1024w, https:\/\/sites.wp.odu.edu\/jordannarcissefrench102\/wp-content\/uploads\/sites\/35580\/2024\/04\/Forum-1-300x54.png 300w, https:\/\/sites.wp.odu.edu\/jordannarcissefrench102\/wp-content\/uploads\/sites\/35580\/2024\/04\/Forum-1-768x138.png 768w, https:\/\/sites.wp.odu.edu\/jordannarcissefrench102\/wp-content\/uploads\/sites\/35580\/2024\/04\/Forum-1-750x134.png 750w, https:\/\/sites.wp.odu.edu\/jordannarcissefrench102\/wp-content\/uploads\/sites\/35580\/2024\/04\/Forum-1.png 1100w\" sizes=\"(max-width: 1024px) 100vw, 1024px\" \/><\/figure>\n\n\n\n<details class=\"wp-block-details is-layout-flow wp-block-details-is-layout-flow\"><summary>Correction: Mon p\u00e8re est ing\u00e9nieur, ma m\u00e8re travaille pour une enterprise, et mon fr\u00e8re n&#8217;a pas un m\u00e9tier mais il cherche un stage. Je veux devenir \u00e9crivain parce que c&#8217;est la passion de ma vie et tr\u00e8s int\u00e9ressant. J&#8217;ai une vision optimiste de mon avenir professionel, et je suis pr\u00eate commen\u00e7er!<\/summary>\n<p><\/p>\n<\/details>\n\n\n\n<figure class=\"wp-block-image size-large\"><img loading=\"lazy\" decoding=\"async\" width=\"1024\" height=\"220\" src=\"https:\/\/sites.wp.odu.edu\/jordannarcissefrench102\/wp-content\/uploads\/sites\/35580\/2024\/04\/Forum-10-1024x220.png\" alt=\"\" class=\"wp-image-679\" srcset=\"https:\/\/sites.wp.odu.edu\/jordannarcissefrench102\/wp-content\/uploads\/sites\/35580\/2024\/04\/Forum-10-1024x220.png 1024w, https:\/\/sites.wp.odu.edu\/jordannarcissefrench102\/wp-content\/uploads\/sites\/35580\/2024\/04\/Forum-10-300x64.png 300w, https:\/\/sites.wp.odu.edu\/jordannarcissefrench102\/wp-content\/uploads\/sites\/35580\/2024\/04\/Forum-10-768x165.png 768w, https:\/\/sites.wp.odu.edu\/jordannarcissefrench102\/wp-content\/uploads\/sites\/35580\/2024\/04\/Forum-10-750x161.png 750w, https:\/\/sites.wp.odu.edu\/jordannarcissefrench102\/wp-content\/uploads\/sites\/35580\/2024\/04\/Forum-10.png 1058w\" sizes=\"(max-width: 1024px) 100vw, 1024px\" \/><\/figure>\n\n\n\n<details class=\"wp-block-details is-layout-flow wp-block-details-is-layout-flow\"><summary>Correction: Normalement pendant les vacances, moi et ma famille faisons de la promenade, de la natation, et des jeux organis\u00e9s. Je pr\u00e9f\u00e8re rester \u00e0 l&#8217;h\u00f4tel, mais ils me persuadent de sortir avec eux. Nous allons \u00e0 les sites touristiques et des restaurants. Ces sites sont la mus\u00e9e, le centre-ville, et les magasins locales en ville. Nous cherchons les restaurants authentiques qui ont les meilleurs repas. Apr\u00e8s tous les activit\u00e9s, nous retournons \u00e0 l&#8217;h\u00f4tel. Je voudrais prendre mes prochaines vacances au Canada visiter Montr\u00e9al. J&#8217;aime la grande ville, pas la campagne. <\/summary>\n<p><\/p>\n<\/details>\n\n\n\n<figure class=\"wp-block-image size-large\"><img loading=\"lazy\" decoding=\"async\" width=\"1024\" height=\"218\" src=\"https:\/\/sites.wp.odu.edu\/jordannarcissefrench102\/wp-content\/uploads\/sites\/35580\/2024\/04\/Forum-7-1024x218.png\" alt=\"\" class=\"wp-image-671\" srcset=\"https:\/\/sites.wp.odu.edu\/jordannarcissefrench102\/wp-content\/uploads\/sites\/35580\/2024\/04\/Forum-7-1024x218.png 1024w, https:\/\/sites.wp.odu.edu\/jordannarcissefrench102\/wp-content\/uploads\/sites\/35580\/2024\/04\/Forum-7-300x64.png 300w, https:\/\/sites.wp.odu.edu\/jordannarcissefrench102\/wp-content\/uploads\/sites\/35580\/2024\/04\/Forum-7-768x164.png 768w, https:\/\/sites.wp.odu.edu\/jordannarcissefrench102\/wp-content\/uploads\/sites\/35580\/2024\/04\/Forum-7-750x160.png 750w, https:\/\/sites.wp.odu.edu\/jordannarcissefrench102\/wp-content\/uploads\/sites\/35580\/2024\/04\/Forum-7.png 1033w\" sizes=\"(max-width: 1024px) 100vw, 1024px\" \/><\/figure>\n\n\n\n<details class=\"wp-block-details is-layout-flow wp-block-details-is-layout-flow\"><summary>Correction: Je vais bien, je me sens bien. Je dors entre sept et neuf heures par jour, mais le sommeil a de mauvaise qualit\u00e9. Je ne fais pas d&#8217;activit\u00e9 physique si je peux choisir. Ma nourriture est mauvaise aussi. Je me couche vers vingt-trois heures et je me leve \u00e0 huit heures. Je ne fais jamais de sport. Souvent, j&#8217;ai mal \u00e0 la t\u00eate. Je l&#8217;ai eu il y a deux jours. Je dois manger moins de la nourriture qui a beacoup de sucre et d&#8217;huile, et je mangerai plus de fruits et les legum\u00e9s. Si j&#8217;ai mal \u00e0 la t\u00eate, je prendrai de l&#8217;aspirin. <\/summary>\n<p><\/p>\n<\/details>\n\n\n\n<figure class=\"wp-block-image size-large\"><img loading=\"lazy\" decoding=\"async\" width=\"1024\" height=\"247\" src=\"https:\/\/sites.wp.odu.edu\/jordannarcissefrench102\/wp-content\/uploads\/sites\/35580\/2024\/04\/Forum-9-1024x247.png\" alt=\"\" class=\"wp-image-676\" srcset=\"https:\/\/sites.wp.odu.edu\/jordannarcissefrench102\/wp-content\/uploads\/sites\/35580\/2024\/04\/Forum-9-1024x247.png 1024w, https:\/\/sites.wp.odu.edu\/jordannarcissefrench102\/wp-content\/uploads\/sites\/35580\/2024\/04\/Forum-9-300x72.png 300w, https:\/\/sites.wp.odu.edu\/jordannarcissefrench102\/wp-content\/uploads\/sites\/35580\/2024\/04\/Forum-9-768x185.png 768w, https:\/\/sites.wp.odu.edu\/jordannarcissefrench102\/wp-content\/uploads\/sites\/35580\/2024\/04\/Forum-9-750x181.png 750w, https:\/\/sites.wp.odu.edu\/jordannarcissefrench102\/wp-content\/uploads\/sites\/35580\/2024\/04\/Forum-9.png 1038w\" sizes=\"(max-width: 1024px) 100vw, 1024px\" \/><\/figure>\n\n\n\n<details class=\"wp-block-details is-layout-flow wp-block-details-is-layout-flow\"><summary>Correction: Une bonne alimentation est tr\u00e8s important, particularment pour les jeunes. Ils adorent manger tous les choses, donc il est n\u00e9cessaire d&#8217;arr\u00eater cette alimentation. Ce probl\u00e8me applique aux jeunes hommes plus que aux jeunes femmes parce qu&#8217;ils mangent plus de la nourriture en g\u00e9n\u00e9rale. Aux riches, ils n&#8217;ont pas de la probl\u00e8me m\u00eame. Ils ont l&#8217;argent acheter la meillure nourriture. Les gens qui n&#8217;ont pas d&#8217;argent, il faut choisir quelles sorts de la nourriture sont le mieux pour eux. Les enfants ne peuvent pas choisir leur alimentation, donc il est essentiel de lui donner la nourriture. Les gens \u00e2g\u00e9s, il faut aider eux aussi.<\/summary>\n<figure class=\"wp-block-image size-large\"><img loading=\"lazy\" decoding=\"async\" width=\"1024\" height=\"174\" src=\"https:\/\/sites.wp.odu.edu\/jordannarcissefrench102\/wp-content\/uploads\/sites\/35580\/2024\/04\/Forum-3-1024x174.png\" alt=\"\" class=\"wp-image-669\" srcset=\"https:\/\/sites.wp.odu.edu\/jordannarcissefrench102\/wp-content\/uploads\/sites\/35580\/2024\/04\/Forum-3-1024x174.png 1024w, https:\/\/sites.wp.odu.edu\/jordannarcissefrench102\/wp-content\/uploads\/sites\/35580\/2024\/04\/Forum-3-300x51.png 300w, https:\/\/sites.wp.odu.edu\/jordannarcissefrench102\/wp-content\/uploads\/sites\/35580\/2024\/04\/Forum-3-768x130.png 768w, https:\/\/sites.wp.odu.edu\/jordannarcissefrench102\/wp-content\/uploads\/sites\/35580\/2024\/04\/Forum-3-750x127.png 750w, https:\/\/sites.wp.odu.edu\/jordannarcissefrench102\/wp-content\/uploads\/sites\/35580\/2024\/04\/Forum-3.png 1101w\" sizes=\"(max-width: 1024px) 100vw, 1024px\" \/><\/figure>\n\n\n\n<p><\/p>\n<\/details>\n","protected":false},"excerpt":{"rendered":"","protected":false},"author":28499,"featured_media":0,"parent":0,"menu_order":0,"comment_status":"closed","ping_status":"closed","template":"","meta":{"footnotes":""},"_links":{"self":[{"href":"https:\/\/sites.wp.odu.edu\/jordannarcissefrench102\/wp-json\/wp\/v2\/pages\/505"}],"collection":[{"href":"https:\/\/sites.wp.odu.edu\/jordannarcissefrench102\/wp-json\/wp\/v2\/pages"}],"about":[{"href":"https:\/\/sites.wp.odu.edu\/jordannarcissefrench102\/wp-json\/wp\/v2\/types\/page"}],"author":[{"embeddable":true,"href":"https:\/\/sites.wp.odu.edu\/jordannarcissefrench102\/wp-json\/wp\/v2\/users\/28499"}],"replies":[{"embeddable":true,"href":"https:\/\/sites.wp.odu.edu\/jordannarcissefrench102\/wp-json\/wp\/v2\/comments?post=505"}],"version-history":[{"count":4,"href":"https:\/\/sites.wp.odu.edu\/jordannarcissefrench102\/wp-json\/wp\/v2\/pages\/505\/revisions"}],"predecessor-version":[{"id":694,"href":"https:\/\/sites.wp.odu.edu\/jordannarcissefrench102\/wp-json\/wp\/v2\/pages\/505\/revisions\/694"}],"wp:attachment":[{"href":"https:\/\/sites.wp.odu.edu\/jordannarcissefrench102\/wp-json\/wp\/v2\/media?parent=505"}],"curies":[{"name":"wp","href":"https:\/\/api.w.org\/{rel}","templated":true}]}}