{"id":474,"date":"2024-01-22T17:10:29","date_gmt":"2024-01-22T17:10:29","guid":{"rendered":"https:\/\/wp.odu.edu\/spring2017-fr102-template\/?page_id=474"},"modified":"2024-04-22T14:37:24","modified_gmt":"2024-04-22T14:37:24","slug":"bio","status":"publish","type":"page","link":"https:\/\/sites.wp.odu.edu\/jp\/bio\/","title":{"rendered":"Bio"},"content":{"rendered":"<p>This is where you will provide content about yourself en fran\u00e7ais (vos \u00e9tudes, vos origines, votre \u00e2ge, votre apparence, votre personnalit\u00e9, vos pr\u00e9f\u00e9rences, vos activit\u00e9s, votre famille, votre maison, votre travail, etc.)<\/p>\n<p>Je m&#8217;appelle Jafari. J&#8217;ai vingt-et-un ans. Je suis am<span style=\"font-weight: 400\">\u00e8ricaine et Je viens des \u00c9tats-Unis. Je suis petit et J&#8217;ai les yeux noirs. Les cheveux est noir aussi. Je suis tr\u00e8s content et amusant. Je suis penible quelquefois mais je suis sympa. Je vais \u00e0 ODU. J&#8217;\u00e9tudie le fran\u00e7ais, le sport, la psychologie pour la sante, et le communications. Je pr\u00e9f\u00e8re \u00e9couter de la musique hip-hop, jouer au tennis et ping-pong, et sortir avec mes amis. Je travail au restaurant qui s&#8217;appelle Texas Roadhouse. Ma m\u00e8re et mon p\u00e8re sont tr\u00e8s sympas mais ils peuvent \u00eatre penible de temps en temps.<\/span><\/p>\n","protected":false},"excerpt":{"rendered":"<p>This is where you will provide content about yourself en fran\u00e7ais (vos \u00e9tudes, vos origines, votre \u00e2ge, votre apparence, votre personnalit\u00e9, vos pr\u00e9f\u00e9rences, vos activit\u00e9s, votre famille, votre maison, votre travail, etc.) Je m&#8217;appelle Jafari. J&#8217;ai vingt-et-un ans. Je suis&#8230; <a class=\"more-link\" href=\"https:\/\/sites.wp.odu.edu\/jp\/bio\/\">Continue Reading &rarr;<\/a><\/p>\n","protected":false},"author":28496,"featured_media":0,"parent":0,"menu_order":0,"comment_status":"closed","ping_status":"closed","template":"","meta":{"footnotes":""},"_links":{"self":[{"href":"https:\/\/sites.wp.odu.edu\/jp\/wp-json\/wp\/v2\/pages\/474"}],"collection":[{"href":"https:\/\/sites.wp.odu.edu\/jp\/wp-json\/wp\/v2\/pages"}],"about":[{"href":"https:\/\/sites.wp.odu.edu\/jp\/wp-json\/wp\/v2\/types\/page"}],"author":[{"embeddable":true,"href":"https:\/\/sites.wp.odu.edu\/jp\/wp-json\/wp\/v2\/users\/28496"}],"replies":[{"embeddable":true,"href":"https:\/\/sites.wp.odu.edu\/jp\/wp-json\/wp\/v2\/comments?post=474"}],"version-history":[{"count":5,"href":"https:\/\/sites.wp.odu.edu\/jp\/wp-json\/wp\/v2\/pages\/474\/revisions"}],"predecessor-version":[{"id":613,"href":"https:\/\/sites.wp.odu.edu\/jp\/wp-json\/wp\/v2\/pages\/474\/revisions\/613"}],"wp:attachment":[{"href":"https:\/\/sites.wp.odu.edu\/jp\/wp-json\/wp\/v2\/media?parent=474"}],"curies":[{"name":"wp","href":"https:\/\/api.w.org\/{rel}","templated":true}]}}