{"id":234,"date":"2022-06-24T02:06:33","date_gmt":"2022-06-24T02:06:33","guid":{"rendered":"https:\/\/sites.wp.odu.edu\/french101-102\/?page_id=234"},"modified":"2022-06-24T02:35:25","modified_gmt":"2022-06-24T02:35:25","slug":"profil","status":"publish","type":"page","link":"https:\/\/sites.wp.odu.edu\/juderooneyspainish101\/profil\/","title":{"rendered":"Profile"},"content":{"rendered":"<p>Mi nombre es Jude. Mi apellido es Rooney.<\/p>\n<p>Mi edad es de 20 a\u00f1os.<\/p>\n<p>Mi correo electr\u00f3nico es jroon002@odu.edu.<\/p>\n<p>Mi el n\u00famero de tel\u00e9fono es 561-303-5676.<\/p>\n<p>Soy de Minneapolis, Minnesota.<\/p>\n<p>Mi cumplea\u00f1os es el 11 de Julio.<\/p>\n<p>Soy inteligente y imaginativo. Soy talentoso, pero nervioso.<\/p>\n<p>Estoy feliz hoy.<\/p>\n<p>Tengo que dormir esta noche.<\/p>\n\n\n<figure class=\"wp-block-image size-large\"><a href=\"http:\/\/sites.wp.odu.edu\/juderooneyspainish101\/wp-content\/uploads\/sites\/29810\/2022\/06\/IMG-6667-scaled.jpg\"><img loading=\"lazy\" decoding=\"async\" width=\"768\" height=\"1024\" src=\"http:\/\/sites.wp.odu.edu\/juderooneyspainish101\/wp-content\/uploads\/sites\/29810\/2022\/06\/IMG-6667-768x1024.jpg\" alt=\"\" class=\"wp-image-585\" srcset=\"https:\/\/sites.wp.odu.edu\/juderooneyspainish101\/wp-content\/uploads\/sites\/29810\/2022\/06\/IMG-6667-768x1024.jpg 768w, https:\/\/sites.wp.odu.edu\/juderooneyspainish101\/wp-content\/uploads\/sites\/29810\/2022\/06\/IMG-6667-225x300.jpg 225w, https:\/\/sites.wp.odu.edu\/juderooneyspainish101\/wp-content\/uploads\/sites\/29810\/2022\/06\/IMG-6667-1152x1536.jpg 1152w, https:\/\/sites.wp.odu.edu\/juderooneyspainish101\/wp-content\/uploads\/sites\/29810\/2022\/06\/IMG-6667-1536x2048.jpg 1536w, https:\/\/sites.wp.odu.edu\/juderooneyspainish101\/wp-content\/uploads\/sites\/29810\/2022\/06\/IMG-6667-305x406.jpg 305w, https:\/\/sites.wp.odu.edu\/juderooneyspainish101\/wp-content\/uploads\/sites\/29810\/2022\/06\/IMG-6667-scaled.jpg 1920w\" sizes=\"(max-width: 768px) 100vw, 768px\" \/><\/a><\/figure>\n","protected":false},"excerpt":{"rendered":"<p>Mi nombre es Jude. Mi apellido es Rooney. Mi edad es de 20 a\u00f1os. Mi correo electr\u00f3nico es jroon002@odu.edu. Mi el n\u00famero de tel\u00e9fono es 561-303-5676. Soy de Minneapolis, Minnesota. Mi cumplea\u00f1os es el 11 de Julio. Soy inteligente y imaginativo. Soy talentoso, pero nervioso. Estoy feliz hoy. Tengo que dormir esta noche.<\/p>\n","protected":false},"author":23647,"featured_media":0,"parent":0,"menu_order":0,"comment_status":"closed","ping_status":"closed","template":"full-width.php","meta":{"footnotes":""},"_links":{"self":[{"href":"https:\/\/sites.wp.odu.edu\/juderooneyspainish101\/wp-json\/wp\/v2\/pages\/234"}],"collection":[{"href":"https:\/\/sites.wp.odu.edu\/juderooneyspainish101\/wp-json\/wp\/v2\/pages"}],"about":[{"href":"https:\/\/sites.wp.odu.edu\/juderooneyspainish101\/wp-json\/wp\/v2\/types\/page"}],"author":[{"embeddable":true,"href":"https:\/\/sites.wp.odu.edu\/juderooneyspainish101\/wp-json\/wp\/v2\/users\/23647"}],"replies":[{"embeddable":true,"href":"https:\/\/sites.wp.odu.edu\/juderooneyspainish101\/wp-json\/wp\/v2\/comments?post=234"}],"version-history":[{"count":2,"href":"https:\/\/sites.wp.odu.edu\/juderooneyspainish101\/wp-json\/wp\/v2\/pages\/234\/revisions"}],"predecessor-version":[{"id":586,"href":"https:\/\/sites.wp.odu.edu\/juderooneyspainish101\/wp-json\/wp\/v2\/pages\/234\/revisions\/586"}],"wp:attachment":[{"href":"https:\/\/sites.wp.odu.edu\/juderooneyspainish101\/wp-json\/wp\/v2\/media?parent=234"}],"curies":[{"name":"wp","href":"https:\/\/api.w.org\/{rel}","templated":true}]}}