{"id":173,"date":"2023-03-27T18:24:03","date_gmt":"2023-03-27T18:24:03","guid":{"rendered":"https:\/\/wp.odu.edu\/odupresentationtemplate\/?page_id=2"},"modified":"2023-04-10T18:10:17","modified_gmt":"2023-04-10T18:10:17","slug":"sample-page-2","status":"publish","type":"page","link":"https:\/\/sites.wp.odu.edu\/kalebbloxom1\/","title":{"rendered":"Home"},"content":{"rendered":"\n<p><\/p>\n\n\n\n<p>\u00a1Hola! Me llamo Kaleb mi apellido es Bloxom. Soy de Chesapeake.  Yo soy atl\u00e9tico, inteligente, y generoso. Mi especializaci\u00f3n es ingenier\u00eda. <\/p>\n","protected":false},"excerpt":{"rendered":"<p>\u00a1Hola! Me llamo Kaleb mi apellido es Bloxom. Soy de Chesapeake. Yo soy atl\u00e9tico, inteligente, y generoso. Mi especializaci\u00f3n es ingenier\u00eda.<\/p>\n","protected":false},"author":26470,"featured_media":0,"parent":0,"menu_order":0,"comment_status":"closed","ping_status":"open","template":"","meta":{"footnotes":""},"_links":{"self":[{"href":"https:\/\/sites.wp.odu.edu\/kalebbloxom1\/wp-json\/wp\/v2\/pages\/173"}],"collection":[{"href":"https:\/\/sites.wp.odu.edu\/kalebbloxom1\/wp-json\/wp\/v2\/pages"}],"about":[{"href":"https:\/\/sites.wp.odu.edu\/kalebbloxom1\/wp-json\/wp\/v2\/types\/page"}],"author":[{"embeddable":true,"href":"https:\/\/sites.wp.odu.edu\/kalebbloxom1\/wp-json\/wp\/v2\/users\/26470"}],"replies":[{"embeddable":true,"href":"https:\/\/sites.wp.odu.edu\/kalebbloxom1\/wp-json\/wp\/v2\/comments?post=173"}],"version-history":[{"count":3,"href":"https:\/\/sites.wp.odu.edu\/kalebbloxom1\/wp-json\/wp\/v2\/pages\/173\/revisions"}],"predecessor-version":[{"id":483,"href":"https:\/\/sites.wp.odu.edu\/kalebbloxom1\/wp-json\/wp\/v2\/pages\/173\/revisions\/483"}],"wp:attachment":[{"href":"https:\/\/sites.wp.odu.edu\/kalebbloxom1\/wp-json\/wp\/v2\/media?parent=173"}],"curies":[{"name":"wp","href":"https:\/\/api.w.org\/{rel}","templated":true}]}}