{"id":217,"date":"2023-03-27T18:24:03","date_gmt":"2023-03-27T18:24:03","guid":{"rendered":"https:\/\/sites.wp.odu.edu\/basicspanishdraft\/?page_id=217"},"modified":"2023-04-23T18:47:42","modified_gmt":"2023-04-23T18:47:42","slug":"bio","status":"publish","type":"page","link":"https:\/\/sites.wp.odu.edu\/kalebbloxom1\/bio\/","title":{"rendered":"About Me"},"content":{"rendered":"\n<p><\/p>\n\n\n\n<p>Hola, me llamo Kaleb. Soy de Virginia. Mi especializa\u00edon es ingenier\u00eda civil. Mi objetivo es ser ingeniero ambiental. Me gusta correr, viajar, y estudiar ciencias naturales y ingenier\u00eda. Mi universidad es Old Dominion. Me gusta buen tiempo y ir al aire libre.<\/p>\n\n\n\n<p>\u00a0<\/p>\n","protected":false},"excerpt":{"rendered":"<p>Hola, me llamo Kaleb. Soy de Virginia. Mi especializa\u00edon es ingenier\u00eda civil. Mi objetivo es ser ingeniero ambiental. Me gusta correr, viajar, y estudiar ciencias naturales y ingenier\u00eda. Mi universidad es Old Dominion. Me gusta buen tiempo y ir al aire libre. \u00a0<\/p>\n","protected":false},"author":26470,"featured_media":0,"parent":0,"menu_order":0,"comment_status":"closed","ping_status":"closed","template":"","meta":{"footnotes":""},"_links":{"self":[{"href":"https:\/\/sites.wp.odu.edu\/kalebbloxom1\/wp-json\/wp\/v2\/pages\/217"}],"collection":[{"href":"https:\/\/sites.wp.odu.edu\/kalebbloxom1\/wp-json\/wp\/v2\/pages"}],"about":[{"href":"https:\/\/sites.wp.odu.edu\/kalebbloxom1\/wp-json\/wp\/v2\/types\/page"}],"author":[{"embeddable":true,"href":"https:\/\/sites.wp.odu.edu\/kalebbloxom1\/wp-json\/wp\/v2\/users\/26470"}],"replies":[{"embeddable":true,"href":"https:\/\/sites.wp.odu.edu\/kalebbloxom1\/wp-json\/wp\/v2\/comments?post=217"}],"version-history":[{"count":3,"href":"https:\/\/sites.wp.odu.edu\/kalebbloxom1\/wp-json\/wp\/v2\/pages\/217\/revisions"}],"predecessor-version":[{"id":502,"href":"https:\/\/sites.wp.odu.edu\/kalebbloxom1\/wp-json\/wp\/v2\/pages\/217\/revisions\/502"}],"wp:attachment":[{"href":"https:\/\/sites.wp.odu.edu\/kalebbloxom1\/wp-json\/wp\/v2\/media?parent=217"}],"curies":[{"name":"wp","href":"https:\/\/api.w.org\/{rel}","templated":true}]}}