{"id":441,"date":"2023-03-27T18:24:03","date_gmt":"2023-03-27T18:24:03","guid":{"rendered":"https:\/\/sites.wp.odu.edu\/basicspanishdraft2\/?page_id=441"},"modified":"2023-04-23T19:22:19","modified_gmt":"2023-04-23T19:22:19","slug":"activities-2","status":"publish","type":"page","link":"https:\/\/sites.wp.odu.edu\/kalebbloxom1\/activities-2\/","title":{"rendered":"Activities"},"content":{"rendered":"\n<p>Trabaj\u00e9 con personas que hablan espa\u00f1ol. Tambien, Tom\u00e9 clases de espa\u00f1ol en la escuela secundaria, pero eso no es nuevo. Voy a tomar m\u00e1s clases de espa\u00f1ol para mi especializac\u00edon. Quiero viajar a un pa\u00eds de habla espa\u00f1ol. Mi t\u00edo es de M\u00e9xico y habla espa\u00f1ol. Tambi\u00e9n, escuch\u00e9 a un oridora invitado en espa\u00f1ol.<\/p>\n","protected":false},"excerpt":{"rendered":"<p>Trabaj\u00e9 con personas que hablan espa\u00f1ol. Tambien, Tom\u00e9 clases de espa\u00f1ol en la escuela secundaria, pero eso no es nuevo. Voy a tomar m\u00e1s clases de espa\u00f1ol para mi especializac\u00edon. Quiero viajar a un pa\u00eds de habla espa\u00f1ol. Mi t\u00edo es de M\u00e9xico y habla espa\u00f1ol. Tambi\u00e9n, escuch\u00e9 a un oridora invitado en espa\u00f1ol.<\/p>\n","protected":false},"author":26470,"featured_media":0,"parent":0,"menu_order":0,"comment_status":"closed","ping_status":"closed","template":"","meta":{"footnotes":""},"_links":{"self":[{"href":"https:\/\/sites.wp.odu.edu\/kalebbloxom1\/wp-json\/wp\/v2\/pages\/441"}],"collection":[{"href":"https:\/\/sites.wp.odu.edu\/kalebbloxom1\/wp-json\/wp\/v2\/pages"}],"about":[{"href":"https:\/\/sites.wp.odu.edu\/kalebbloxom1\/wp-json\/wp\/v2\/types\/page"}],"author":[{"embeddable":true,"href":"https:\/\/sites.wp.odu.edu\/kalebbloxom1\/wp-json\/wp\/v2\/users\/26470"}],"replies":[{"embeddable":true,"href":"https:\/\/sites.wp.odu.edu\/kalebbloxom1\/wp-json\/wp\/v2\/comments?post=441"}],"version-history":[{"count":2,"href":"https:\/\/sites.wp.odu.edu\/kalebbloxom1\/wp-json\/wp\/v2\/pages\/441\/revisions"}],"predecessor-version":[{"id":509,"href":"https:\/\/sites.wp.odu.edu\/kalebbloxom1\/wp-json\/wp\/v2\/pages\/441\/revisions\/509"}],"wp:attachment":[{"href":"https:\/\/sites.wp.odu.edu\/kalebbloxom1\/wp-json\/wp\/v2\/media?parent=441"}],"curies":[{"name":"wp","href":"https:\/\/api.w.org\/{rel}","templated":true}]}}