{"id":89,"date":"2023-03-27T18:24:03","date_gmt":"2023-03-27T18:24:03","guid":{"rendered":"https:\/\/sites.wp.odu.edu\/basicspanishdraft\/?page_id=89"},"modified":"2023-04-23T17:52:10","modified_gmt":"2023-04-23T17:52:10","slug":"contact","status":"publish","type":"page","link":"https:\/\/sites.wp.odu.edu\/kalebbloxom1\/contact\/","title":{"rendered":"Contact"},"content":{"rendered":"\n<p>Nombre: Kaleb<\/p>\n\n\n\n<p>Apellido: Bloxom<\/p>\n\n\n\n<p>Cumplea\u00f1os: Vienticinco de Agosto<\/p>\n\n\n\n<p>Correo electr\u00f3nico: kblox001@odu<\/p>\n\n\n\n<p>N\u00famero de tel\u00e9fono: (siete, cuatro, cero) noventa y seis\/ diecinueve\/ sesenta y cinco \/ siete<\/p>\n\n\n\n<p><\/p>\n","protected":false},"excerpt":{"rendered":"<p>Nombre: Kaleb Apellido: Bloxom Cumplea\u00f1os: Vienticinco de Agosto Correo electr\u00f3nico: kblox001@odu N\u00famero de tel\u00e9fono: (siete, cuatro, cero) noventa y seis\/ diecinueve\/ sesenta y cinco \/ siete<\/p>\n","protected":false},"author":26470,"featured_media":0,"parent":0,"menu_order":0,"comment_status":"closed","ping_status":"closed","template":"","meta":{"footnotes":""},"_links":{"self":[{"href":"https:\/\/sites.wp.odu.edu\/kalebbloxom1\/wp-json\/wp\/v2\/pages\/89"}],"collection":[{"href":"https:\/\/sites.wp.odu.edu\/kalebbloxom1\/wp-json\/wp\/v2\/pages"}],"about":[{"href":"https:\/\/sites.wp.odu.edu\/kalebbloxom1\/wp-json\/wp\/v2\/types\/page"}],"author":[{"embeddable":true,"href":"https:\/\/sites.wp.odu.edu\/kalebbloxom1\/wp-json\/wp\/v2\/users\/26470"}],"replies":[{"embeddable":true,"href":"https:\/\/sites.wp.odu.edu\/kalebbloxom1\/wp-json\/wp\/v2\/comments?post=89"}],"version-history":[{"count":4,"href":"https:\/\/sites.wp.odu.edu\/kalebbloxom1\/wp-json\/wp\/v2\/pages\/89\/revisions"}],"predecessor-version":[{"id":522,"href":"https:\/\/sites.wp.odu.edu\/kalebbloxom1\/wp-json\/wp\/v2\/pages\/89\/revisions\/522"}],"wp:attachment":[{"href":"https:\/\/sites.wp.odu.edu\/kalebbloxom1\/wp-json\/wp\/v2\/media?parent=89"}],"curies":[{"name":"wp","href":"https:\/\/api.w.org\/{rel}","templated":true}]}}