{"id":93,"date":"2023-03-27T18:24:03","date_gmt":"2023-03-27T18:24:03","guid":{"rendered":"https:\/\/sites.wp.odu.edu\/basicspanishdraft\/?page_id=93"},"modified":"2023-04-23T18:32:34","modified_gmt":"2023-04-23T18:32:34","slug":"awards-recognition","status":"publish","type":"page","link":"https:\/\/sites.wp.odu.edu\/kalebbloxom1\/awards-recognition\/","title":{"rendered":"Awards &amp; Recognition"},"content":{"rendered":"\n<p><\/p>\n\n\n\n<p>Este es mi t\u00edtulo de horitcultura de TCC. S\u00e9 de insectos, plantas, y ciencias naturales. Actualmente, voy a univiversidad para inginieria. Estudio muchas matem\u00e1ticas y s\u00e9 ciencias. Me gusta ingenier\u00eda y ciencias naturales. <\/p>\n\n\n<a href=\"https:\/\/sites.wp.odu.edu\/kalebbloxom1\/wp-content\/uploads\/sites\/33012\/2023\/04\/horticulture-for-spanish.pdf\" class=\"pdfemb-viewer\" style=\"\" data-width=\"max\" data-height=\"max\"  data-toolbar=\"bottom\" data-toolbar-fixed=\"off\">horticulture-for-spanish<br\/><\/a>\n<p class=\"wp-block-pdfemb-pdf-embedder-viewer\"><\/p>\n","protected":false},"excerpt":{"rendered":"<p>Este es mi t\u00edtulo de horitcultura de TCC. S\u00e9 de insectos, plantas, y ciencias naturales. Actualmente, voy a univiversidad para inginieria. Estudio muchas matem\u00e1ticas y s\u00e9 ciencias. Me gusta ingenier\u00eda y ciencias naturales.<\/p>\n","protected":false},"author":26470,"featured_media":0,"parent":0,"menu_order":0,"comment_status":"closed","ping_status":"closed","template":"","meta":{"footnotes":""},"_links":{"self":[{"href":"https:\/\/sites.wp.odu.edu\/kalebbloxom1\/wp-json\/wp\/v2\/pages\/93"}],"collection":[{"href":"https:\/\/sites.wp.odu.edu\/kalebbloxom1\/wp-json\/wp\/v2\/pages"}],"about":[{"href":"https:\/\/sites.wp.odu.edu\/kalebbloxom1\/wp-json\/wp\/v2\/types\/page"}],"author":[{"embeddable":true,"href":"https:\/\/sites.wp.odu.edu\/kalebbloxom1\/wp-json\/wp\/v2\/users\/26470"}],"replies":[{"embeddable":true,"href":"https:\/\/sites.wp.odu.edu\/kalebbloxom1\/wp-json\/wp\/v2\/comments?post=93"}],"version-history":[{"count":5,"href":"https:\/\/sites.wp.odu.edu\/kalebbloxom1\/wp-json\/wp\/v2\/pages\/93\/revisions"}],"predecessor-version":[{"id":500,"href":"https:\/\/sites.wp.odu.edu\/kalebbloxom1\/wp-json\/wp\/v2\/pages\/93\/revisions\/500"}],"wp:attachment":[{"href":"https:\/\/sites.wp.odu.edu\/kalebbloxom1\/wp-json\/wp\/v2\/media?parent=93"}],"curies":[{"name":"wp","href":"https:\/\/api.w.org\/{rel}","templated":true}]}}