{"id":217,"date":"2022-11-09T15:13:50","date_gmt":"2022-11-09T15:13:50","guid":{"rendered":"https:\/\/sites.wp.odu.edu\/basicspanishdraft\/?page_id=217"},"modified":"2022-12-10T02:09:25","modified_gmt":"2022-12-10T02:09:25","slug":"bio","status":"publish","type":"page","link":"https:\/\/sites.wp.odu.edu\/kaylalambertspan101\/bio\/","title":{"rendered":"About Me"},"content":{"rendered":"\n<p>M\u00ed nombre es Kayla. M\u00ed apellido es Lambert. Yo tengo diecinueve a\u00f1os. soy de nueva York. Yo c\u00f3mica, generosa, y trabajada. m\u00ed fecha de cumplea\u00f1os es diecis\u00e9is de Maya. <\/p>\n","protected":false},"excerpt":{"rendered":"<p>M\u00ed nombre es Kayla. M\u00ed apellido es Lambert. Yo tengo diecinueve a\u00f1os. soy de nueva York. Yo c\u00f3mica, generosa, y trabajada. m\u00ed fecha de cumplea\u00f1os es diecis\u00e9is de Maya.<\/p>\n","protected":false},"author":25367,"featured_media":0,"parent":0,"menu_order":0,"comment_status":"closed","ping_status":"closed","template":"","meta":{"footnotes":""},"_links":{"self":[{"href":"https:\/\/sites.wp.odu.edu\/kaylalambertspan101\/wp-json\/wp\/v2\/pages\/217"}],"collection":[{"href":"https:\/\/sites.wp.odu.edu\/kaylalambertspan101\/wp-json\/wp\/v2\/pages"}],"about":[{"href":"https:\/\/sites.wp.odu.edu\/kaylalambertspan101\/wp-json\/wp\/v2\/types\/page"}],"author":[{"embeddable":true,"href":"https:\/\/sites.wp.odu.edu\/kaylalambertspan101\/wp-json\/wp\/v2\/users\/25367"}],"replies":[{"embeddable":true,"href":"https:\/\/sites.wp.odu.edu\/kaylalambertspan101\/wp-json\/wp\/v2\/comments?post=217"}],"version-history":[{"count":1,"href":"https:\/\/sites.wp.odu.edu\/kaylalambertspan101\/wp-json\/wp\/v2\/pages\/217\/revisions"}],"predecessor-version":[{"id":485,"href":"https:\/\/sites.wp.odu.edu\/kaylalambertspan101\/wp-json\/wp\/v2\/pages\/217\/revisions\/485"}],"wp:attachment":[{"href":"https:\/\/sites.wp.odu.edu\/kaylalambertspan101\/wp-json\/wp\/v2\/media?parent=217"}],"curies":[{"name":"wp","href":"https:\/\/api.w.org\/{rel}","templated":true}]}}