{"id":91,"date":"2022-11-09T15:13:50","date_gmt":"2022-11-09T15:13:50","guid":{"rendered":"https:\/\/sites.wp.odu.edu\/basicspanishdraft\/?page_id=91"},"modified":"2022-12-10T03:27:49","modified_gmt":"2022-12-10T03:27:49","slug":"resume","status":"publish","type":"page","link":"https:\/\/sites.wp.odu.edu\/kaylalambertspan101\/resume\/","title":{"rendered":"Activities"},"content":{"rendered":"\n<p>Yo jugu\u00e9 f\u00fatbol. me gusta anda en el parque. me gusta cocino todos los d\u00edas. Yo asistir a old dominion universidad. mi especializaci\u00f3n es enfermer\u00eda. Yo ir a tres clase todos lunes, mi\u00e9rcoles, y viernes. Yo estudio espa\u00f1ol, biolog\u00eda, y ingles.<\/p>\n","protected":false},"excerpt":{"rendered":"<p>Yo jugu\u00e9 f\u00fatbol. me gusta anda en el parque. me gusta cocino todos los d\u00edas. Yo asistir a old dominion universidad. mi especializaci\u00f3n es enfermer\u00eda. Yo ir a tres clase todos lunes, mi\u00e9rcoles, y viernes. Yo estudio espa\u00f1ol, biolog\u00eda, y ingles.<\/p>\n","protected":false},"author":25367,"featured_media":0,"parent":0,"menu_order":0,"comment_status":"closed","ping_status":"closed","template":"","meta":{"footnotes":""},"_links":{"self":[{"href":"https:\/\/sites.wp.odu.edu\/kaylalambertspan101\/wp-json\/wp\/v2\/pages\/91"}],"collection":[{"href":"https:\/\/sites.wp.odu.edu\/kaylalambertspan101\/wp-json\/wp\/v2\/pages"}],"about":[{"href":"https:\/\/sites.wp.odu.edu\/kaylalambertspan101\/wp-json\/wp\/v2\/types\/page"}],"author":[{"embeddable":true,"href":"https:\/\/sites.wp.odu.edu\/kaylalambertspan101\/wp-json\/wp\/v2\/users\/25367"}],"replies":[{"embeddable":true,"href":"https:\/\/sites.wp.odu.edu\/kaylalambertspan101\/wp-json\/wp\/v2\/comments?post=91"}],"version-history":[{"count":1,"href":"https:\/\/sites.wp.odu.edu\/kaylalambertspan101\/wp-json\/wp\/v2\/pages\/91\/revisions"}],"predecessor-version":[{"id":495,"href":"https:\/\/sites.wp.odu.edu\/kaylalambertspan101\/wp-json\/wp\/v2\/pages\/91\/revisions\/495"}],"wp:attachment":[{"href":"https:\/\/sites.wp.odu.edu\/kaylalambertspan101\/wp-json\/wp\/v2\/media?parent=91"}],"curies":[{"name":"wp","href":"https:\/\/api.w.org\/{rel}","templated":true}]}}