{"id":474,"date":"2024-04-24T01:28:47","date_gmt":"2024-04-24T01:28:47","guid":{"rendered":"https:\/\/wp.odu.edu\/spring2017-fr102-template\/?page_id=474"},"modified":"2024-04-24T15:53:34","modified_gmt":"2024-04-24T15:53:34","slug":"bio","status":"publish","type":"page","link":"https:\/\/sites.wp.odu.edu\/kaylamcclenneyfrench102\/bio\/","title":{"rendered":"Bio"},"content":{"rendered":"<p><span style=\"font-size: inherit\">Je m\u2019appelle Kayla, j\u2019ai 19 ans. J\u2019\u00e9tait n\u00e9e \u00e1 Fayetteville, en Caroline du Nord (North Carolina). Ma famille habite en Hampton, Richmond, et Fayetteville. Je habite avec ma mere et ma soeur.<\/span><\/p>\n<p>J&#8217;\u00e9tudie le cin\u00e9ma. J\u2019ai travaille en le industri\u00e9 du cin\u00e9ma pendant six ans. L\u2019ete, je travaille pour un production du cin\u00e9ma. J\u2019ai re\u00e7u in offre de ESPN \u00e1 film boxing, j\u2019adore le cin\u00e9ma, tous genres. J&#8217;aime dessiner beaucoup, \u00e9crire, lire, et r\u00e9garder la t\u00e9l\u00e9.<\/p>\n","protected":false},"excerpt":{"rendered":"<p>Je m\u2019appelle Kayla, j\u2019ai 19 ans. J\u2019\u00e9tait n\u00e9e \u00e1 Fayetteville, en Caroline du Nord (North Carolina). Ma famille habite en Hampton, Richmond, et Fayetteville. Je habite avec ma mere et ma soeur. J&#8217;\u00e9tudie le cin\u00e9ma. J\u2019ai travaille en le industri\u00e9&#8230; <a class=\"more-link\" href=\"https:\/\/sites.wp.odu.edu\/kaylamcclenneyfrench102\/bio\/\">Continue Reading &rarr;<\/a><\/p>\n","protected":false},"author":29010,"featured_media":0,"parent":0,"menu_order":0,"comment_status":"closed","ping_status":"closed","template":"","meta":{"footnotes":""},"_links":{"self":[{"href":"https:\/\/sites.wp.odu.edu\/kaylamcclenneyfrench102\/wp-json\/wp\/v2\/pages\/474"}],"collection":[{"href":"https:\/\/sites.wp.odu.edu\/kaylamcclenneyfrench102\/wp-json\/wp\/v2\/pages"}],"about":[{"href":"https:\/\/sites.wp.odu.edu\/kaylamcclenneyfrench102\/wp-json\/wp\/v2\/types\/page"}],"author":[{"embeddable":true,"href":"https:\/\/sites.wp.odu.edu\/kaylamcclenneyfrench102\/wp-json\/wp\/v2\/users\/29010"}],"replies":[{"embeddable":true,"href":"https:\/\/sites.wp.odu.edu\/kaylamcclenneyfrench102\/wp-json\/wp\/v2\/comments?post=474"}],"version-history":[{"count":3,"href":"https:\/\/sites.wp.odu.edu\/kaylamcclenneyfrench102\/wp-json\/wp\/v2\/pages\/474\/revisions"}],"predecessor-version":[{"id":619,"href":"https:\/\/sites.wp.odu.edu\/kaylamcclenneyfrench102\/wp-json\/wp\/v2\/pages\/474\/revisions\/619"}],"wp:attachment":[{"href":"https:\/\/sites.wp.odu.edu\/kaylamcclenneyfrench102\/wp-json\/wp\/v2\/media?parent=474"}],"curies":[{"name":"wp","href":"https:\/\/api.w.org\/{rel}","templated":true}]}}