{"id":486,"date":"2024-04-24T01:28:47","date_gmt":"2024-04-24T01:28:47","guid":{"rendered":"https:\/\/wp.odu.edu\/spring2017-fr102-template\/?page_id=486"},"modified":"2024-04-24T16:40:36","modified_gmt":"2024-04-24T16:40:36","slug":"profil","status":"publish","type":"page","link":"https:\/\/sites.wp.odu.edu\/kaylamcclenneyfrench102\/profil\/","title":{"rendered":"Profil"},"content":{"rendered":"<p><span style=\"font-weight: 400\">Nom de Famille: McClenney<\/span><\/p>\n<p><span style=\"font-weight: 400\">Prenom: Kayla Naomi<\/span><\/p>\n<p><span style=\"font-weight: 400\">Courriel: <\/span><a href=\"mailto:kmccl026@odu.edu\"><span style=\"font-weight: 400\">kmccl026@odu.edu<\/span><\/a><span style=\"font-weight: 400\">\u00a0<\/span><\/p>\n<p><span style=\"font-weight: 400\">N\u00e9e en: Fayetteville, North Carolina\u00a0<\/span><\/p>\n<p><span style=\"font-weight: 400\">\u00c2ge: 19 ans<\/span><\/p>\n<p><span style=\"font-weight: 400\">\u00c9tudes: Communication<\/span><\/p>\n<p><span style=\"font-weight: 400\">Sp\u00e9cialisation: Production du Cin\u00e9ma et TV <\/span><\/p>\n<ol>\n<li>Why is studying a world language important? Connections. It&#8217;s a gift to be able to communicate with so many different people and find a common ground in one of the most basic things: communication. I am a person looking forward to a career in broadcasting and journalism, so knowing another language would heavily boost my marketability.<\/li>\n<li>\u00a0Why did I take French? Pure and utter spite. That, and the Spanish classes in middle school were chockful of people I didn&#8217;t quite like. After a nice year of classes, I kept taking French to build up the skill.<\/li>\n<\/ol>\n","protected":false},"excerpt":{"rendered":"<p>Nom de Famille: McClenney Prenom: Kayla Naomi Courriel: kmccl026@odu.edu\u00a0 N\u00e9e en: Fayetteville, North Carolina\u00a0 \u00c2ge: 19 ans \u00c9tudes: Communication Sp\u00e9cialisation: Production du Cin\u00e9ma et TV Why is studying a world language important? Connections. It&#8217;s a gift to be able to&#8230; <a class=\"more-link\" href=\"https:\/\/sites.wp.odu.edu\/kaylamcclenneyfrench102\/profil\/\">Continue Reading &rarr;<\/a><\/p>\n","protected":false},"author":29010,"featured_media":0,"parent":0,"menu_order":0,"comment_status":"closed","ping_status":"closed","template":"","meta":{"footnotes":""},"_links":{"self":[{"href":"https:\/\/sites.wp.odu.edu\/kaylamcclenneyfrench102\/wp-json\/wp\/v2\/pages\/486"}],"collection":[{"href":"https:\/\/sites.wp.odu.edu\/kaylamcclenneyfrench102\/wp-json\/wp\/v2\/pages"}],"about":[{"href":"https:\/\/sites.wp.odu.edu\/kaylamcclenneyfrench102\/wp-json\/wp\/v2\/types\/page"}],"author":[{"embeddable":true,"href":"https:\/\/sites.wp.odu.edu\/kaylamcclenneyfrench102\/wp-json\/wp\/v2\/users\/29010"}],"replies":[{"embeddable":true,"href":"https:\/\/sites.wp.odu.edu\/kaylamcclenneyfrench102\/wp-json\/wp\/v2\/comments?post=486"}],"version-history":[{"count":5,"href":"https:\/\/sites.wp.odu.edu\/kaylamcclenneyfrench102\/wp-json\/wp\/v2\/pages\/486\/revisions"}],"predecessor-version":[{"id":633,"href":"https:\/\/sites.wp.odu.edu\/kaylamcclenneyfrench102\/wp-json\/wp\/v2\/pages\/486\/revisions\/633"}],"wp:attachment":[{"href":"https:\/\/sites.wp.odu.edu\/kaylamcclenneyfrench102\/wp-json\/wp\/v2\/media?parent=486"}],"curies":[{"name":"wp","href":"https:\/\/api.w.org\/{rel}","templated":true}]}}