{"id":425,"date":"2021-10-12T14:44:20","date_gmt":"2021-10-12T14:44:20","guid":{"rendered":"https:\/\/sites.wp.odu.edu\/basicspanishdraft2\/?page_id=425"},"modified":"2021-11-23T01:39:29","modified_gmt":"2021-11-23T01:39:29","slug":"102-2","status":"publish","type":"page","link":"https:\/\/sites.wp.odu.edu\/kristinfancherspanish102\/102-2\/","title":{"rendered":"SPAN 102"},"content":{"rendered":"\n<p><strong><span class=\"has-inline-color has-vivid-red-color\">Exploring Culture<\/span><\/strong><\/p>\n\n\n\n<p>One of my favorite parts of Spanish culture is that people live life to the fullest. But, not in a hurried way. Instead, Spanish Natives tend to take their time, they can appreciate the world and people around them. In Spain, people savor long, multi-course meals and wander vivacious villages and charming cities.  When you sit down at a restaurant with your family in the evening, there is no hurry to push you out as quickly as possible.  It is understood that the table is your for the rest of the night because the important things in life, like family, should not be rushed.<\/p>\n\n\n\n<figure class=\"wp-block-image size-large\"><a href=\"http:\/\/sites.wp.odu.edu\/kristinfancherspanish102\/wp-content\/uploads\/sites\/26326\/2020\/06\/sydney-rae-XIgj8Mk94ts-unsplash.jpg\"><img loading=\"lazy\" decoding=\"async\" width=\"1024\" height=\"696\" src=\"http:\/\/sites.wp.odu.edu\/kristinfancherspanish102\/wp-content\/uploads\/sites\/26326\/2020\/06\/sydney-rae-XIgj8Mk94ts-unsplash-1024x696.jpg\" alt=\"\" class=\"wp-image-160\" srcset=\"https:\/\/sites.wp.odu.edu\/kristinfancherspanish102\/wp-content\/uploads\/sites\/26326\/2020\/06\/sydney-rae-XIgj8Mk94ts-unsplash-1024x696.jpg 1024w, https:\/\/sites.wp.odu.edu\/kristinfancherspanish102\/wp-content\/uploads\/sites\/26326\/2020\/06\/sydney-rae-XIgj8Mk94ts-unsplash-300x204.jpg 300w, https:\/\/sites.wp.odu.edu\/kristinfancherspanish102\/wp-content\/uploads\/sites\/26326\/2020\/06\/sydney-rae-XIgj8Mk94ts-unsplash-768x522.jpg 768w, https:\/\/sites.wp.odu.edu\/kristinfancherspanish102\/wp-content\/uploads\/sites\/26326\/2020\/06\/sydney-rae-XIgj8Mk94ts-unsplash-1536x1044.jpg 1536w, https:\/\/sites.wp.odu.edu\/kristinfancherspanish102\/wp-content\/uploads\/sites\/26326\/2020\/06\/sydney-rae-XIgj8Mk94ts-unsplash-2048x1392.jpg 2048w, https:\/\/sites.wp.odu.edu\/kristinfancherspanish102\/wp-content\/uploads\/sites\/26326\/2020\/06\/sydney-rae-XIgj8Mk94ts-unsplash-600x408.jpg 600w, https:\/\/sites.wp.odu.edu\/kristinfancherspanish102\/wp-content\/uploads\/sites\/26326\/2020\/06\/sydney-rae-XIgj8Mk94ts-unsplash-945x642.jpg 945w\" sizes=\"(max-width: 1024px) 100vw, 1024px\" \/><\/a><\/figure>\n\n\n\n<p><\/p>\n\n\n\n<p><strong><span class=\"has-inline-color has-vivid-red-color\">Engaging in Communities<\/span><\/strong><\/p>\n\n\n\n<figure class=\"wp-block-image\"><img decoding=\"async\" src=\"https:\/\/us.123rf.com\/450wm\/microone\/microone1809\/microone180900460\/110271012-foreign-language-concept-students-greeting-in-english-french-german-japanese-language-class-and-fore.jpg?ver=6\" alt=\"1,101 Speaking Spanish Stock Vector Illustration and Royalty Free Speaking  Spanish Clipart\" \/><\/figure>\n\n\n\n<p>By interacting in other cultures, you are educating yourself about the differences that will help you understand other perspectives&nbsp;within the world in which we live. It helps diffuse negative stereotypes and personal biases about different groups, and gain respect for various cultures. It is said that a person cannot truly learn a language without following in love with the culture and people the language represents.<\/p>\n\n\n\n<figure class=\"wp-block-image\"><img decoding=\"async\" src=\"https:\/\/sites.wp.odu.edu\/kristinfancherspanish102\/wp-content\/uploads\/sites\/26326\/2021\/11\/image.png\" alt=\"Google Translate now offers higher quality offline translations - SlashGear\" \/><\/figure>\n\n\n\n<p><strong><span class=\"has-inline-color has-vivid-red-color\">Interpersonal Communication<\/span><\/strong><\/p>\n\n\n\n<p>When communicating with a native speaker, not only will you have the opportunity to learn how to polish your accent and improve your language skills, but you&#8217;ll also get a chance to find out more about the foreign culture. By utilizing Talk Aboard, you have the opportunity to converse with a native speaker and get an inside look into a different culture.  These conversations help to bring a personal connection to the language and the culture that could only be found otherwise by international travel.<\/p>\n\n\n\n<figure class=\"wp-block-image size-large\"><a href=\"https:\/\/sites.wp.odu.edu\/kristinfancherspanish102\/wp-content\/uploads\/sites\/26326\/2021\/11\/image.jpeg\"><img loading=\"lazy\" decoding=\"async\" width=\"275\" height=\"183\" src=\"https:\/\/sites.wp.odu.edu\/kristinfancherspanish102\/wp-content\/uploads\/sites\/26326\/2021\/11\/image.jpeg\" alt=\"Are you double dosed?' How to ask friends and family if they're vaccinated,  and how to handle it if they say no\" class=\"wp-image-531\" \/><\/a><\/figure>\n\n\n\n<p><\/p>\n\n\n\n<p><strong><span class=\"has-inline-color has-vivid-red-color\">Presentational Speaking<\/span><\/strong><\/p>\n\n\n\n<p><strong>Sample: Chapter 5 Exam<\/strong><\/p>\n\n\n\n<p><strong>Vieques es un lugar excelente para ir de vacaciones este verano. Sus playas son bonitas y limpias. En invierno hace fresco y en verano hace mucho calor. En Vieques hay un hotel excelente. Se llama Viequemar. En Viequemar puedes montar a caballo por la playa, bucear y pescar. \u00a1Es un lugar fant\u00e1stico!<\/strong><\/p>\n\n\n\n<p>Presentational<strong>\u00a0<\/strong>speaking makes it easier to engage your audience on a more personal level. This level of engagement ensures that you get your message across to the audience. Giving an effective presentation means working with both the audience and the topic to have a clear interaction.  Presenting a polished presentation requires the speaker to have an in-depth knowledge of the topic and the ability to answer questions far beyond surface-level interpretation on the subject.    <\/p>\n\n\n\n<figure class=\"wp-block-image is-resized\"><img loading=\"lazy\" decoding=\"async\" src=\"https:\/\/encrypted-tbn0.gstatic.com\/images?q=tbn:ANd9GcRUZMh15QvKSonaZbWbyXPhyJNtUPq7D24luA&amp;usqp=CAU\" alt=\"10 influential Hispanic Americans in U.S. politics - National Constitution  Center\" width=\"479\" height=\"240\" \/><\/figure>\n\n\n\n<p><strong><span class=\"has-inline-color has-vivid-red-color\">Presentational Writing<\/span><\/strong><\/p>\n\n\n\n<p><strong>Sample Writing: <\/strong><\/p>\n\n\n\n<p><strong>Hola, mi nombre es Kristin, y soy estudiante de dise\u00f1o de moda en la Universidad Old Dominion aqu\u00ed en Norfolk, Virginia. Voy a entrevistar a una estudiante, JoAnna, sobre sus elecciones de moda y por qu\u00e9 elige usar crocks todos los d\u00edas en el campus.<\/strong><\/p>\n\n\n\n<p><strong>Entrevistador: Hola, JoAnna, encantado de conocerte. Gracias por tomarse el tiempo para habla conmigo hoy. Despu\u00e9s la observar la vida en el campus durante el a\u00f1o pasado, not\u00e9 la cantidad de estudiantes&nbsp; usaban crocks. \u00bfPor qu\u00e9 crees que los crocks son grandes entre la poblaci\u00f3n estudiantil aqu\u00ed en ODU?<\/strong><br><br><strong>JoAnna: Los crocks son muy c\u00f3modos para caminar grand distancias a los dormitorios hasta la clase. Me gusta esa raz\u00f3n por la que los estudiantes de ODU usan Crocks.<\/strong><\/p>\n\n\n\n<p><strong>Despu\u00e9s de entrevistar a JoAnna, el consenso es que el uso de crocks en el campus se usa debido a la comodidad y no a las apariencias. \u00bfTal vez deber\u00eda saltar la tendencia de los crocks para ver qu\u00e9 tan c\u00f3modos son realmente los zapatos?<\/strong><\/p>\n\n\n\n<p>While I am continuously working on fluency and proper fluidity, my Spanish has progressed. However, with time, continued study, and repetition my language skills will continue to improve.<\/p>\n\n\n\n<p><\/p>\n\n\n\n<p><strong><span class=\"has-inline-color has-vivid-red-color\">Interpretive Listening<\/span><\/strong><\/p>\n\n\n\n<p><strong>Example: VHL Assignment <\/strong><\/p>\n\n\n\n<p><strong>EVA El viernes vamos a hacer una fiesta para Sebasti\u00e1n. Yo le voy a preparar su comida favorita: camarones al ajo.<br>MARCELA \u00a1Qu\u00e9 rico! \u00bfY qu\u00e9 puedo hacer yo? \u00bfTe parece bien una ensalada de verduras?<br>EVA A m\u00ed me parece muy bien, pero a Sebasti\u00e1n no le gustan las verduras. \u00bfPor qu\u00e9 no le preparas una ensalada de mariscos?<br>MARCELA Bueno, se la preparo. \u00bfY qui\u00e9n compra las bebidas?<br>EVA Clara y Luis van a comprar algunas botellas de vino tinto y tambi\u00e9n unos refrescos.<br>MARCELA Parece que vamos a tener muchas bebidas.<br>EVA \u00a1Ah! Y recuerda que le tienes que comprar un regalo. Yo le compr\u00e9 una cartera.<\/strong><\/p>\n\n\n\n<p>Correct interpretation discloses what is being said by the speaker with validity. Listening is a skill that not only helps and serves others but also assists us in becoming more compassionate, patient, and nurturing people. For most people, the ability to listen and understand a foreign language like Spanish is the most difficult part of learning the language. The best way to do this is normally be immersing oneself self and living in the culture.<\/p>\n\n\n\n<figure class=\"wp-block-image is-resized\"><img loading=\"lazy\" decoding=\"async\" src=\"https:\/\/media.edutopia.org\/styles\/responsive_2880px_16x9\/s3\/masters\/2019-04\/AHYE06_master.jpg\" alt=\"Getting Students to Talk More in World Language Classrooms | Edutopia\" width=\"631\" height=\"354\" \/><\/figure>\n\n\n\n<p><strong><span class=\"has-inline-color has-vivid-red-color\">Interpretive Reading<\/span><\/strong><\/p>\n\n\n\n<p><strong>Sample: VHL Assignments <\/strong><\/p>\n\n\n\n<p><strong>CELIA&nbsp;(<em>A Tito<\/em>)&nbsp;&nbsp;Rosal\u00eda me recomend\u00f3 este restaurante.<br>DUE\u00d1O&nbsp;&nbsp;Buenas noches, se\u00f1ores. Les traigo unos entremeses, cortes\u00eda del restaurante.<br>CAMARERO&nbsp;&nbsp;Buenas noches. \u00bfQuieren ver el men\u00fa?<br>TITO&nbsp;&nbsp;S\u00ed, por favor. \u00bfEst\u00e1 buena la langosta?<br>CAMARERO&nbsp;&nbsp;S\u00ed, es la especialidad del restaurante.<br>TITO&nbsp;&nbsp;Entonces queremos pedir dos langostas.<br>CELIA&nbsp;&nbsp;Y yo quiero una copa (<em>glass<\/em>) de vino tinto, por favor<\/strong><\/p>\n\n\n\n<p><strong>CAMARERO<\/strong>\u00a0\u00a0De postre (<em>for dessert<\/em>) tenemos flan y fruta.<br><strong>CELIA<\/strong>\u00a0\u00a0Perd\u00f3n, \u00bfme lo puede repetir?<br><strong>CAMARERO<\/strong>\u00a0\u00a0Tenemos flan y fruta.<br><strong>CELIA<\/strong>\u00a0\u00a0Yo no quiero nada de postre, gracias.<br><strong>DUE\u00d1O<\/strong>\u00a0\u00a0\u00bfLes gust\u00f3 la cena?<br><strong>TITO<\/strong>\u00a0\u00a0S\u00ed, nos encant\u00f3. Muchas gracias. Fue una cena deliciosa.<\/p>\n\n\n\n<figure class=\"wp-block-image is-resized\"><img loading=\"lazy\" decoding=\"async\" src=\"https:\/\/images.penguinrandomhouse.com\/cover\/9780525707233\" alt=\"Huevos verdes con jam\u00f3n (Green Eggs and Ham Spanish Edition) by Dr. Seuss:  9780525707233 | PenguinRandomHouse.com: Books\" width=\"270\" height=\"370\" \/><\/figure>\n\n\n\n<p>For most people learning a new language, it is easier to read and articulate in a foreign language because you can take your time\u00a0and there is more certainty of the specific topic. Reading is a solitary task that realizes on visual recognition of vocabulary. Grammar and sentence construction are already established and do not rely on the reader to create, only to interpret. In order to speak a foreign language, not only do you need an active and fluid knowledge of words, their meaning, and pronunciation, but have to create the sentence structure and correct meaning in your mind as you are communicating. This is normally much more difficult.<\/p>\n\n\n\n<p><\/p>\n\n\n\n<p><\/p>\n","protected":false},"excerpt":{"rendered":"<p>Exploring Culture One of my favorite parts of Spanish culture is that people live life to the fullest. But, not in a hurried way. Instead, Spanish Natives tend to take their time, they can appreciate the world and people around them. In Spain, people savor long, multi-course meals and wander vivacious villages and charming cities&#8230;. <\/p>\n<div class=\"link-more\"><a href=\"https:\/\/sites.wp.odu.edu\/kristinfancherspanish102\/102-2\/\">Read More<\/a><\/div>\n","protected":false},"author":21510,"featured_media":0,"parent":0,"menu_order":0,"comment_status":"closed","ping_status":"closed","template":"","meta":{"footnotes":""},"_links":{"self":[{"href":"https:\/\/sites.wp.odu.edu\/kristinfancherspanish102\/wp-json\/wp\/v2\/pages\/425"}],"collection":[{"href":"https:\/\/sites.wp.odu.edu\/kristinfancherspanish102\/wp-json\/wp\/v2\/pages"}],"about":[{"href":"https:\/\/sites.wp.odu.edu\/kristinfancherspanish102\/wp-json\/wp\/v2\/types\/page"}],"author":[{"embeddable":true,"href":"https:\/\/sites.wp.odu.edu\/kristinfancherspanish102\/wp-json\/wp\/v2\/users\/21510"}],"replies":[{"embeddable":true,"href":"https:\/\/sites.wp.odu.edu\/kristinfancherspanish102\/wp-json\/wp\/v2\/comments?post=425"}],"version-history":[{"count":5,"href":"https:\/\/sites.wp.odu.edu\/kristinfancherspanish102\/wp-json\/wp\/v2\/pages\/425\/revisions"}],"predecessor-version":[{"id":544,"href":"https:\/\/sites.wp.odu.edu\/kristinfancherspanish102\/wp-json\/wp\/v2\/pages\/425\/revisions\/544"}],"wp:attachment":[{"href":"https:\/\/sites.wp.odu.edu\/kristinfancherspanish102\/wp-json\/wp\/v2\/media?parent=425"}],"curies":[{"name":"wp","href":"https:\/\/api.w.org\/{rel}","templated":true}]}}