{"id":101,"date":"2024-11-29T04:34:06","date_gmt":"2024-11-29T04:34:06","guid":{"rendered":"https:\/\/sites.wp.odu.edu\/fre366draft\/?page_id=101"},"modified":"2024-12-03T17:20:41","modified_gmt":"2024-12-03T17:20:41","slug":"creer-une-entreprise","status":"publish","type":"page","link":"https:\/\/sites.wp.odu.edu\/kthomfr366\/creer-une-entreprise\/","title":{"rendered":"Cr\u00e9er une entreprise"},"content":{"rendered":"\n<p>Mon projet s&#8217;appelle Oiseaux de Nuit. Il est une librairie qui n&#8217;ouvert que de la tomb\u00e9 de la nuit jusqu&#8217;\u00e0 aube. Cette librairie sera un endroit pour les amoureux des livres et les gens qui doivent \u00e9chapper le monde. Oiseaux de Nuit vendra juste les livres et des accessoires litt\u00e9raire comme des marque-page, et des mati\u00e8res d&#8217;annoter et plus. Aussi la librairie vendra les deux des nouveaux livres et des livres d&#8217;occasion. Aujourd&#8217;hui, il y a beaucoup de librairies qui n&#8217;ouvert que durant le jour, alors je voudrais \u00e9tablir un environment confortable pour les oiseaux de nuit, les insomniaques et les gens qui lisent la meilleure la nuit. De plus, je voudrais cr\u00e9er un nouveau &lt;&lt;troisi\u00e8me maison&gt;&gt;. J&#8217;inscrirai mon entreprise par le Centre de formalit\u00e9s des entreprises (CFE). Je peux le faire dans la r\u00e9gion je veux avoir mon entreprise ou je peux acc\u00e9der au CFE sur Internet. Je devrai trouver le centre correct qu&#8217;est bas\u00e9 sur l&#8217;activit\u00e9 je pr\u00e9formerai (Artisan, lib\u00e9rale, etc.).  Aussi, je suivrai les statuts juridique pour l&#8217;entreprise individuelle qui n&#8217;est pas difficile. Pour la publicit\u00e9, un des plus importants aspects est une pr\u00e9sence sur les r\u00e9seaux sociaux. Je ferai des comptes dans une vari\u00e9t\u00e9 des applis comme Instagram. Je ferai une s\u00e9rie qui montera le processus \u00e0 cr\u00e9er et dessiner l&#8217;espace de ma librairie. Une autre id\u00e9e est que j&#8217;apporterai des prospectus aux caf\u00e9s locaux ou autour des universit\u00e9s. <\/p>\n\n\n<div class=\"wp-block-image\">\n<figure class=\"aligncenter size-full is-resized\"><a href=\"https:\/\/sites.wp.odu.edu\/kthomfr366\/wp-content\/uploads\/sites\/37790\/2024\/12\/christina-terzidou-GLxdq0uE0l8-unsplash.jpg\"><img loading=\"lazy\" decoding=\"async\" width=\"640\" height=\"960\" src=\"https:\/\/sites.wp.odu.edu\/kthomfr366\/wp-content\/uploads\/sites\/37790\/2024\/12\/christina-terzidou-GLxdq0uE0l8-unsplash.jpg\" alt=\"\" class=\"wp-image-261\" style=\"width:438px;height:auto\" srcset=\"https:\/\/sites.wp.odu.edu\/kthomfr366\/wp-content\/uploads\/sites\/37790\/2024\/12\/christina-terzidou-GLxdq0uE0l8-unsplash.jpg 640w, https:\/\/sites.wp.odu.edu\/kthomfr366\/wp-content\/uploads\/sites\/37790\/2024\/12\/christina-terzidou-GLxdq0uE0l8-unsplash-200x300.jpg 200w\" sizes=\"(max-width: 640px) 100vw, 640px\" \/><\/a><\/figure><\/div>","protected":false},"excerpt":{"rendered":"<p>Mon projet s&#8217;appelle Oiseaux de Nuit. Il est une librairie qui n&#8217;ouvert que de la tomb\u00e9 de la nuit jusqu&#8217;\u00e0 aube. Cette librairie sera un endroit pour les amoureux des livres et les gens qui doivent \u00e9chapper le monde. Oiseaux de Nuit vendra juste les livres et des accessoires litt\u00e9raire comme des marque-page, et des&#8230; <\/p>\n<div class=\"link-more\"><a href=\"https:\/\/sites.wp.odu.edu\/kthomfr366\/creer-une-entreprise\/\">Read More<\/a><\/div>\n","protected":false},"author":30154,"featured_media":0,"parent":0,"menu_order":0,"comment_status":"closed","ping_status":"closed","template":"","meta":{"footnotes":""},"_links":{"self":[{"href":"https:\/\/sites.wp.odu.edu\/kthomfr366\/wp-json\/wp\/v2\/pages\/101"}],"collection":[{"href":"https:\/\/sites.wp.odu.edu\/kthomfr366\/wp-json\/wp\/v2\/pages"}],"about":[{"href":"https:\/\/sites.wp.odu.edu\/kthomfr366\/wp-json\/wp\/v2\/types\/page"}],"author":[{"embeddable":true,"href":"https:\/\/sites.wp.odu.edu\/kthomfr366\/wp-json\/wp\/v2\/users\/30154"}],"replies":[{"embeddable":true,"href":"https:\/\/sites.wp.odu.edu\/kthomfr366\/wp-json\/wp\/v2\/comments?post=101"}],"version-history":[{"count":2,"href":"https:\/\/sites.wp.odu.edu\/kthomfr366\/wp-json\/wp\/v2\/pages\/101\/revisions"}],"predecessor-version":[{"id":262,"href":"https:\/\/sites.wp.odu.edu\/kthomfr366\/wp-json\/wp\/v2\/pages\/101\/revisions\/262"}],"wp:attachment":[{"href":"https:\/\/sites.wp.odu.edu\/kthomfr366\/wp-json\/wp\/v2\/media?parent=101"}],"curies":[{"name":"wp","href":"https:\/\/api.w.org\/{rel}","templated":true}]}}