{"id":107,"date":"2024-11-29T04:34:06","date_gmt":"2024-11-29T04:34:06","guid":{"rendered":"https:\/\/sites.wp.odu.edu\/fre366draft\/?page_id=107"},"modified":"2024-12-03T16:47:19","modified_gmt":"2024-12-03T16:47:19","slug":"rechercher-demploi","status":"publish","type":"page","link":"https:\/\/sites.wp.odu.edu\/kthomfr366\/rechercher-demploi\/","title":{"rendered":"Rechercher d&#8217;emploi"},"content":{"rendered":"\n<p><\/p>\n\n\n\n<h2 class=\"wp-block-heading\">Conseiller de vente livre: <\/h2>\n\n\n\n<h2 class=\"wp-block-heading\"><a href=\"https:\/\/fr.indeed.com\/cmp\/Cultura-3354de5e\/jobs?jk=2c95bc1753bbec32&amp;start=0&amp;clearPrefilter=1\">https:\/\/fr.indeed.com\/cmp\/Cultura-3354de5e\/jobs?jk=2c95bc1753bbec32&amp;start=0&amp;clearPrefilter=1<\/a><\/h2>\n\n\n\n<p><\/p>\n\n\n\n<p><\/p>\n\n\n\n<h2 class=\"wp-block-heading\">La Responsable de la documentation de la base de donn\u00e9es des mus\u00e9es et de la biblioth\u00e8que: <\/h2>\n\n\n\n<h2 class=\"wp-block-heading\"><a href=\"https:\/\/fr.indeed.com\/cmp\/Ville-De-Troyes\/jobs\">https:\/\/fr.indeed.com\/cmp\/Ville-De-Troyes\/jobs<\/a><\/h2>\n\n\n\n<p><\/p>\n\n\n\n<p><\/p>\n\n\n\n<h2 class=\"wp-block-heading\">L&#8217;Agent d&#8217;accueil et de billetterie: <\/h2>\n\n\n\n<h2 class=\"wp-block-heading\"><a href=\"https:\/\/fr.indeed.com\/cmp\/Mus\u00e9e-Des-Beaux--arts\/jobs?jk=0d0664c018ac2d22&amp;start=0&amp;clearPrefilter=1\">https:\/\/fr.indeed.com\/cmp\/Mus\u00e9e-Des-Beaux&#8211;arts\/jobs?jk=0d0664c018ac2d22&amp;start=0&amp;clearPrefilter=1<\/a><\/h2>\n","protected":false},"excerpt":{"rendered":"<p>Conseiller de vente livre: https:\/\/fr.indeed.com\/cmp\/Cultura-3354de5e\/jobs?jk=2c95bc1753bbec32&amp;start=0&amp;clearPrefilter=1 La Responsable de la documentation de la base de donn\u00e9es des mus\u00e9es et de la biblioth\u00e8que: https:\/\/fr.indeed.com\/cmp\/Ville-De-Troyes\/jobs L&#8217;Agent d&#8217;accueil et de billetterie: https:\/\/fr.indeed.com\/cmp\/Mus\u00e9e-Des-Beaux&#8211;arts\/jobs?jk=0d0664c018ac2d22&amp;start=0&amp;clearPrefilter=1<\/p>\n","protected":false},"author":30154,"featured_media":0,"parent":0,"menu_order":0,"comment_status":"closed","ping_status":"closed","template":"","meta":{"footnotes":""},"_links":{"self":[{"href":"https:\/\/sites.wp.odu.edu\/kthomfr366\/wp-json\/wp\/v2\/pages\/107"}],"collection":[{"href":"https:\/\/sites.wp.odu.edu\/kthomfr366\/wp-json\/wp\/v2\/pages"}],"about":[{"href":"https:\/\/sites.wp.odu.edu\/kthomfr366\/wp-json\/wp\/v2\/types\/page"}],"author":[{"embeddable":true,"href":"https:\/\/sites.wp.odu.edu\/kthomfr366\/wp-json\/wp\/v2\/users\/30154"}],"replies":[{"embeddable":true,"href":"https:\/\/sites.wp.odu.edu\/kthomfr366\/wp-json\/wp\/v2\/comments?post=107"}],"version-history":[{"count":3,"href":"https:\/\/sites.wp.odu.edu\/kthomfr366\/wp-json\/wp\/v2\/pages\/107\/revisions"}],"predecessor-version":[{"id":257,"href":"https:\/\/sites.wp.odu.edu\/kthomfr366\/wp-json\/wp\/v2\/pages\/107\/revisions\/257"}],"wp:attachment":[{"href":"https:\/\/sites.wp.odu.edu\/kthomfr366\/wp-json\/wp\/v2\/media?parent=107"}],"curies":[{"name":"wp","href":"https:\/\/api.w.org\/{rel}","templated":true}]}}