{"id":109,"date":"2024-11-29T04:34:06","date_gmt":"2024-11-29T04:34:06","guid":{"rendered":"https:\/\/sites.wp.odu.edu\/fre366draft\/?page_id=109"},"modified":"2024-12-03T19:04:44","modified_gmt":"2024-12-03T19:04:44","slug":"postuler-a-un-emploi","status":"publish","type":"page","link":"https:\/\/sites.wp.odu.edu\/kthomfr366\/postuler-a-un-emploi\/","title":{"rendered":"Postuler pour un emploi"},"content":{"rendered":"\n<p><\/p>\n\n\n\n<p>La premi\u00e8re \u00e9tape est de trouver des offres d&#8217;emploi. Un exemple populaire est P\u00f4le emploi qu&#8217;est un \u00e9tablissement public \u00e0 charact\u00e8re administratif qui cr\u00e9e une relation entre des entreprises et des candidats. Une fois on choisit un poste, qu\u2019il s\u2019int\u00e9resse, on envoie son curriculum vit\u00e6 (CV).\u00a0\u00a0<\/p>\n\n\n\n<p>Dans un CV fran\u00e7aise, la bri\u00e8vet\u00e9 est la cl\u00e9 parce que les travaux ne se focalisent pas beaucoup sur le CV. On CV ne doit jamais plus que deux pages. Le format aussi est important. Par exemple, on ne peut qu\u2019utilise des polices de charact\u00e8res d\u00e9coratives comme Times ou Bodini. Son CV a huit parties. Il commence avec l\u2019\u00e9tat-civil, qu\u2019est le nom et les coordonn\u00e9s personnelles du candidat. Parfois, on doit ajouter une photo de lui si l\u2019annonce la demande. Le troisi\u00e8me \u00e9tat est l\u2019accroche. Dans cette \u00e9tape, on \u00e9crit quoi sera agripper l&#8217;attention du travail. Il est l&#8217;\u00e9nonc\u00e9 de la th\u00e8se da votre CV. La formation est o\u00f9 on pr\u00e9sent ses \u00e9tudes et ses dipl\u00f4mes. Commencez avec la date plus r\u00e9cente. Pour la section suivante, langues, on ajoute toutes les langues \u00e9trang\u00e8res qu\u2019on parle et on doit inclure le niveau de connaissance on a de la langue. Et puis, listez vos exp\u00e9riences professionnelles et commencez avec le travail le plus r\u00e9cent. La septi\u00e8me \u00e9tape, les centres d\u2019int\u00e9r\u00eat sont ses loisirs, renseignements et activit\u00e9s extra-professionnelles. L&#8217;\u00e9tape finale dans un CV est divers. Dans cette section, on inclut les informations comme son \u00e2ge et sa situation de famille.&nbsp;&nbsp;<\/p>\n\n\n\n<p>Apr\u00e8s le CV, on \u00e9crit la lettre d\u2019accompagnement si on adresse sa candidature \u00e0 une entreprise qui a annonc\u00e9 un poste \u00e0 pouvoir ou si on \u00e9crit \u00e0 une entreprise pour lui proposer ses services sans savoir si elle en a besoin. Si on \u00e9crit \u00e0 l&#8217;entreprise, la lettre sera dactylographi\u00e9e. La lettre a trois parties. On commence avec une introduction o\u00f9 on explique si elle est une r\u00e9ponse ou une candidature spontan\u00e9e. Et puis, on explique ses qualit\u00e9s qui seront b\u00e9n\u00e9fique \u00e0 l&#8217;entreprise et ce qui on s\u2019int\u00e9resse dans l\u2019entreprise. La partie finale est sa demande d\u2019un rendez-vous.&nbsp;&nbsp;<\/p>\n\n\n\n<p>L\u2019aspect final de la recherche d\u2019un emploi est l\u2019entretien d\u2019embauche. C\u2019est un entretien normal est formel. On doit agir professionnel et \u00eatre pr\u00eate \u00e0 demander des questions.&nbsp;&nbsp;<\/p>\n\n\n\n<p>Il y a des diff\u00e9rences entre des exp\u00e9riences fran\u00e7ais et am\u00e9ricains. Une diff\u00e9rence est la structure g\u00e9n\u00e9rale du CV. En France, le CV a des r\u00e8gles strictes pour le plan du CV. Aux \u00c9tats-Unis, il n\u2019y a pas beaucoup de r\u00e8gles d\u00e9taill\u00e9es pour les petits aspects. Un autre diff\u00e9rence avec le CV est qu&#8217;en France, il y a une possibilit\u00e9 qu\u2019on doive envoyer une photo de lui-m\u00eame avec son CV. Cet aspect n&#8217;existe pas aux \u00c9tats-Unis. La lettre d\u2019accompagnement et diff\u00e8rent dans les deux pays aussi. La plupart des papiers aux \u00c9tats-Unis sont dactylographi\u00e9es. Cependant, en France, le moyen d\u2019\u00e9crire sa lettre d\u00e9pend sur si on r\u00e9pond une annonce de l\u2019entreprise ou si on envoie une candidateur sponton\u00e9e. La diff\u00e9rence finale est la limite entre sa vie personnelle et son travail. Pour les fran\u00e7ais, il est normal pour une entreprise \u00e0 demander l&#8217;\u00e2ge et la situation de sa famille, comme si on est mari\u00e9e ou avez des enfants. Pour les americans, ces questions sont plus d\u2019une tabou.&nbsp;&nbsp;<\/p>\n","protected":false},"excerpt":{"rendered":"<p>La premi\u00e8re \u00e9tape est de trouver des offres d&#8217;emploi. Un exemple populaire est P\u00f4le emploi qu&#8217;est un \u00e9tablissement public \u00e0 charact\u00e8re administratif qui cr\u00e9e une relation entre des entreprises et des candidats. Une fois on choisit un poste, qu\u2019il s\u2019int\u00e9resse, on envoie son curriculum vit\u00e6 (CV).\u00a0\u00a0 Dans un CV fran\u00e7aise, la bri\u00e8vet\u00e9 est la cl\u00e9&#8230; <\/p>\n<div class=\"link-more\"><a href=\"https:\/\/sites.wp.odu.edu\/kthomfr366\/postuler-a-un-emploi\/\">Read More<\/a><\/div>\n","protected":false},"author":30154,"featured_media":0,"parent":0,"menu_order":0,"comment_status":"closed","ping_status":"closed","template":"","meta":{"footnotes":""},"_links":{"self":[{"href":"https:\/\/sites.wp.odu.edu\/kthomfr366\/wp-json\/wp\/v2\/pages\/109"}],"collection":[{"href":"https:\/\/sites.wp.odu.edu\/kthomfr366\/wp-json\/wp\/v2\/pages"}],"about":[{"href":"https:\/\/sites.wp.odu.edu\/kthomfr366\/wp-json\/wp\/v2\/types\/page"}],"author":[{"embeddable":true,"href":"https:\/\/sites.wp.odu.edu\/kthomfr366\/wp-json\/wp\/v2\/users\/30154"}],"replies":[{"embeddable":true,"href":"https:\/\/sites.wp.odu.edu\/kthomfr366\/wp-json\/wp\/v2\/comments?post=109"}],"version-history":[{"count":1,"href":"https:\/\/sites.wp.odu.edu\/kthomfr366\/wp-json\/wp\/v2\/pages\/109\/revisions"}],"predecessor-version":[{"id":265,"href":"https:\/\/sites.wp.odu.edu\/kthomfr366\/wp-json\/wp\/v2\/pages\/109\/revisions\/265"}],"wp:attachment":[{"href":"https:\/\/sites.wp.odu.edu\/kthomfr366\/wp-json\/wp\/v2\/media?parent=109"}],"curies":[{"name":"wp","href":"https:\/\/api.w.org\/{rel}","templated":true}]}}